{"id":27121,"date":"2024-10-19T18:58:34","date_gmt":"2024-10-19T18:58:34","guid":{"rendered":"https:\/\/reanpackaging.com\/product\/heart-shape-kraft-gift-box\/"},"modified":"2024-10-23T02:12:14","modified_gmt":"2024-10-23T02:12:14","slug":"heart-shape-kraft-gift-box","status":"publish","type":"product","link":"https:\/\/reanpackaging.com\/sv\/produkt\/heart-shape-kraft-gift-box\/","title":{"rendered":"Kraft presentask i hj\u00e4rtform"},"content":{"rendered":"<h4>Branschspecifika attribut<\/h4>\n<table border=\"1\">\n<tbody>\n<tr>\n<td><strong>Industriell anv\u00e4ndning<\/strong><\/td>\n<td>G\u00e5vor &amp; hantverk<\/td>\n<\/tr>\n<tr>\n<td><strong>Typ av papper<\/strong><\/td>\n<td>Gr\u00e5 kartong<\/td>\n<\/tr>\n<tr>\n<td><strong>Funktion<\/strong><\/td>\n<td>Handgjord<\/td>\n<\/tr>\n<\/tbody>\n<\/table>\n<h4>\u00d6vriga attribut<\/h4>\n<table border=\"1\">\n<tbody>\n<tr>\n<td><strong>Tryckning Hantering<\/strong><\/td>\n<td>Pr\u00e4gling, matt laminering, stansning, guldfolie<\/td>\n<\/tr>\n<tr>\n<td><strong>Anpassad best\u00e4llning<\/strong><\/td>\n<td>Acceptera<\/td>\n<\/tr>\n<tr>\n<td><strong>Form<\/strong><\/td>\n<td>Hj\u00e4rtformad l\u00e5da<\/td>\n<\/tr>\n<tr>\n<td><strong>Produktens namn<\/strong><\/td>\n<td>Hj\u00e4rtformad l\u00e5da<\/td>\n<\/tr>\n<tr>\n<td><strong>Anv\u00e4ndning<\/strong><\/td>\n<td>F\u00f6rpackningsartiklar<\/td>\n<\/tr>\n<tr>\n<td><strong>Storlek<\/strong><\/td>\n<td>Anpassad storlek accepteras<\/td>\n<\/tr>\n<tr>\n<td><strong>F\u00e4rg<\/strong><\/td>\n<td>CMYK +Pantone f\u00e4rg<\/td>\n<\/tr>\n<tr>\n<td><strong>Logotyp<\/strong><\/td>\n<td>Kundens logotyp<\/td>\n<\/tr>\n<tr>\n<td><strong>S\u00f6kord<\/strong><\/td>\n<td>Hj\u00e4rtformad f\u00f6rpackning Presentask<\/td>\n<\/tr>\n<tr>\n<td><strong>Funktion<\/strong><\/td>\n<td>Handgjord<\/td>\n<\/tr>\n<tr>\n<td><strong>F\u00f6rdel<\/strong><\/td>\n<td>Helautomatisk tillverkning av l\u00e5dor<\/td>\n<\/tr>\n<tr>\n<td><strong>OEM\/ODM<\/strong><\/td>\n<td>OEM ODM Tillg\u00e4nglig<\/td>\n<\/tr>\n<tr>\n<td><strong>Tillf\u00e4lligt<\/strong><\/td>\n<td>Dagligt liv<\/td>\n<\/tr>\n<\/tbody>\n<\/table>","protected":false},"excerpt":{"rendered":"<p>Denna kraftpappersl\u00e5da har en unik form. Den hj\u00e4rtformade formen \u00e4r mycket l\u00e4mplig f\u00f6r att uttrycka k\u00e4rlek. Den kan anv\u00e4ndas f\u00f6r att h\u00e5lla choklad, smycken och andra produkter. Den kan skapa en romantisk atmosf\u00e4r n\u00e4r den anv\u00e4nds som presentf\u00f6rpackning.<\/p>","protected":false},"featured_media":26938,"template":"","meta":{"_seopress_robots_primary_cat":"none","_seopress_titles_title":"Heart Shape Kraft Gift Box","_seopress_titles_desc":"This kraft paper box has a unique shape. The heart-shaped shape is very suitable for expressing love. It can be used to hold chocolates, jewelry and other products. It can create a romantic atmosphere when used as gift packaging.","_seopress_robots_index":"","site-sidebar-layout":"default","site-content-layout":"","ast-site-content-layout":"default","site-content-style":"default","site-sidebar-style":"default","ast-global-header-display":"","ast-banner-title-visibility":"","ast-main-header-display":"","ast-hfb-above-header-display":"","ast-hfb-below-header-display":"","ast-hfb-mobile-header-display":"","site-post-title":"","ast-breadcrumbs-content":"","ast-featured-img":"","footer-sml-layout":"","ast-disable-related-posts":"","theme-transparent-header-meta":"default","adv-header-id-meta":"","stick-header-meta":"default","header-above-stick-meta":"","header-main-stick-meta":"","header-below-stick-meta":"","astra-migrate-meta-layouts":"set","ast-page-background-enabled":"default","ast-page-background-meta":{"desktop":{"background-color":"","background-image":"","background-repeat":"repeat","background-position":"center center","background-size":"auto","background-attachment":"scroll","background-type":"","background-media":"","overlay-type":"","overlay-color":"","overlay-opacity":"","overlay-gradient":""},"tablet":{"background-color":"","background-image":"","background-repeat":"repeat","background-position":"center center","background-size":"auto","background-attachment":"scroll","background-type":"","background-media":"","overlay-type":"","overlay-color":"","overlay-opacity":"","overlay-gradient":""},"mobile":{"background-color":"","background-image":"","background-repeat":"repeat","background-position":"center center","background-size":"auto","background-attachment":"scroll","background-type":"","background-media":"","overlay-type":"","overlay-color":"","overlay-opacity":"","overlay-gradient":""}},"ast-content-background-meta":{"desktop":{"background-color":"var(--ast-global-color-5)","background-image":"","background-repeat":"repeat","background-position":"center center","background-size":"auto","background-attachment":"scroll","background-type":"","background-media":"","overlay-type":"","overlay-color":"","overlay-opacity":"","overlay-gradient":""},"tablet":{"background-color":"var(--ast-global-color-5)","background-image":"","background-repeat":"repeat","background-position":"center center","background-size":"auto","background-attachment":"scroll","background-type":"","background-media":"","overlay-type":"","overlay-color":"","overlay-opacity":"","overlay-gradient":""},"mobile":{"background-color":"var(--ast-global-color-5)","background-image":"","background-repeat":"repeat","background-position":"center center","background-size":"auto","background-attachment":"scroll","background-type":"","background-media":"","overlay-type":"","overlay-color":"","overlay-opacity":"","overlay-gradient":""}}},"product_brand":[],"product_cat":[74],"product_tag":[],"class_list":{"0":"post-27121","1":"product","2":"type-product","3":"status-publish","4":"has-post-thumbnail","6":"product_cat-natrual-kraft-box","7":"desktop-align-left","8":"tablet-align-left","9":"mobile-align-left","10":"ast-product-gallery-layout-horizontal","11":"ast-product-tabs-layout-horizontal","13":"first","14":"instock","15":"product-type-simple"},"_links":{"self":[{"href":"https:\/\/reanpackaging.com\/sv\/wp-json\/wp\/v2\/product\/27121","targetHints":{"allow":["GET"]}}],"collection":[{"href":"https:\/\/reanpackaging.com\/sv\/wp-json\/wp\/v2\/product"}],"about":[{"href":"https:\/\/reanpackaging.com\/sv\/wp-json\/wp\/v2\/types\/product"}],"wp:featuredmedia":[{"embeddable":true,"href":"https:\/\/reanpackaging.com\/sv\/wp-json\/wp\/v2\/media\/26938"}],"wp:attachment":[{"href":"https:\/\/reanpackaging.com\/sv\/wp-json\/wp\/v2\/media?parent=27121"}],"wp:term":[{"taxonomy":"product_brand","embeddable":true,"href":"https:\/\/reanpackaging.com\/sv\/wp-json\/wp\/v2\/product_brand?post=27121"},{"taxonomy":"product_cat","embeddable":true,"href":"https:\/\/reanpackaging.com\/sv\/wp-json\/wp\/v2\/product_cat?post=27121"},{"taxonomy":"product_tag","embeddable":true,"href":"https:\/\/reanpackaging.com\/sv\/wp-json\/wp\/v2\/product_tag?post=27121"}],"curies":[{"name":"wp","href":"https:\/\/api.w.org\/{rel}","templated":true}]}}