{"id":27812,"date":"2024-11-24T16:30:07","date_gmt":"2024-11-24T16:30:07","guid":{"rendered":"https:\/\/reanpackaging.com\/product\/paper-packaging-bags-gift-paper-bag-jianshe-paper-bag-machine\/"},"modified":"2024-11-24T16:45:07","modified_gmt":"2024-11-24T16:45:07","slug":"paper-packaging-bags-gift-paper-bag-jianshe-paper-bag-machine","status":"publish","type":"product","link":"https:\/\/reanpackaging.com\/sv\/produkt\/paper-packaging-bags-gift-paper-bag-jianshe-paper-bag-machine\/","title":{"rendered":"pappersf\u00f6rpackningsp\u00e5sar presentpappersp\u00e5se jianshe pappersp\u00e5se maskin"},"content":{"rendered":"<h4>Branschspecifika attribut<\/h4>\n<table border=\"1\">\n<tbody>\n<tr>\n<td><strong>Industriell anv\u00e4ndning<\/strong><\/td>\n<td>G\u00e5vor &amp; hantverk<\/td>\n<\/tr>\n<tr>\n<td><strong>Typ av papper<\/strong><\/td>\n<td>Bestruket papper<\/td>\n<\/tr>\n<tr>\n<td><strong>Funktion<\/strong><\/td>\n<td>\u00c5tervinningsbar<\/td>\n<\/tr>\n<\/tbody>\n<\/table>\n<h4>\u00d6vriga attribut<\/h4>\n<table border=\"1\">\n<tbody>\n<tr>\n<td><strong>Ytbehandling<\/strong><\/td>\n<td>Flexotryck<\/td>\n<\/tr>\n<tr>\n<td><strong>T\u00e4tning &amp; handtag<\/strong><\/td>\n<td>Dragsko<\/td>\n<\/tr>\n<tr>\n<td><strong>Anpassad best\u00e4llning<\/strong><\/td>\n<td>Acceptera<\/td>\n<\/tr>\n<tr>\n<td><strong>Tryck av logotyp<\/strong><\/td>\n<td>seres mech<\/td>\n<\/tr>\n<tr>\n<td><strong>Tillbeh\u00f6r<\/strong><\/td>\n<td>Band<\/td>\n<\/tr>\n<tr>\n<td><strong>Tryckning Hantering<\/strong><\/td>\n<td>Silkscreentryck, Flexotryck, Digitaltryck, UV-tryck<\/td>\n<\/tr>\n<tr>\n<td><strong>Tryckning<\/strong><\/td>\n<td>Flexotryck<\/td>\n<\/tr>\n<tr>\n<td><strong>Industriell anv\u00e4ndning<\/strong><\/td>\n<td>G\u00e5va<\/td>\n<\/tr>\n<tr>\n<td><strong>Material<\/strong><\/td>\n<td>Vit kartong<\/td>\n<\/tr>\n<tr>\n<td><strong>Produktens namn<\/strong><\/td>\n<td>Presentp\u00e5se av papper<\/td>\n<\/tr>\n<tr>\n<td><strong>Storlek<\/strong><\/td>\n<td>Anpassad storlek accepteras<\/td>\n<\/tr>\n<tr>\n<td><strong>Anv\u00e4ndning<\/strong><\/td>\n<td>F\u00f6rpackningsartiklar<\/td>\n<\/tr>\n<tr>\n<td><strong>Logotyp<\/strong><\/td>\n<td>Acceptera anpassad logotyp<\/td>\n<\/tr>\n<tr>\n<td><strong>Till\u00e4mpning<\/strong><\/td>\n<td>Shopping Presentp\u00e5sar Detaljhandel<\/td>\n<\/tr>\n<tr>\n<td><strong>Funktion<\/strong><\/td>\n<td>Automatisk maskintillverkning<\/td>\n<\/tr>\n<tr>\n<td><strong>F\u00e4rg<\/strong><\/td>\n<td>Anpassad f\u00e4rg<\/td>\n<\/tr>\n<\/tbody>\n<\/table>\n<p><img decoding=\"async\" class=\"detail-desc-decorate-image\" style=\"max-width: 100%; height: auto; display: block; margin: 0 auto;\" src=\"https:\/\/reanpackaging.com\/wp-content\/uploads\/2024\/11\/1-description-paper-packaging-bags-gift-paper-bag-jianshe-paper-bag-machine.jpg\" \/><\/p>","protected":false},"excerpt":{"rendered":"<p>Industry-Specific Attributes Industrial Use Gift &amp; Craft Paper Type Coated Paper Feature Recyclable Other Attributes Surface Handling Flexo Printing Sealing &amp; Handle Drawstring Custom Order Accept Logo printing seres mech Accessories Ribbon Printing Handling Silk screen printing, Flexographic Printing, Digital printing, UV printing Printing Flexo Printing Industrial Use Gift Material White Cardboard Product name Paper [&hellip;]<\/p>\n","protected":false},"featured_media":27753,"template":"","meta":{"_seopress_robots_primary_cat":"none","_seopress_titles_title":"","_seopress_titles_desc":"","_seopress_robots_index":"","site-sidebar-layout":"default","site-content-layout":"","ast-site-content-layout":"default","site-content-style":"default","site-sidebar-style":"default","ast-global-header-display":"","ast-banner-title-visibility":"","ast-main-header-display":"","ast-hfb-above-header-display":"","ast-hfb-below-header-display":"","ast-hfb-mobile-header-display":"","site-post-title":"","ast-breadcrumbs-content":"","ast-featured-img":"","footer-sml-layout":"","ast-disable-related-posts":"","theme-transparent-header-meta":"default","adv-header-id-meta":"","stick-header-meta":"default","header-above-stick-meta":"","header-main-stick-meta":"","header-below-stick-meta":"","astra-migrate-meta-layouts":"set","ast-page-background-enabled":"default","ast-page-background-meta":{"desktop":{"background-color":"","background-image":"","background-repeat":"repeat","background-position":"center center","background-size":"auto","background-attachment":"scroll","background-type":"","background-media":"","overlay-type":"","overlay-color":"","overlay-opacity":"","overlay-gradient":""},"tablet":{"background-color":"","background-image":"","background-repeat":"repeat","background-position":"center center","background-size":"auto","background-attachment":"scroll","background-type":"","background-media":"","overlay-type":"","overlay-color":"","overlay-opacity":"","overlay-gradient":""},"mobile":{"background-color":"","background-image":"","background-repeat":"repeat","background-position":"center center","background-size":"auto","background-attachment":"scroll","background-type":"","background-media":"","overlay-type":"","overlay-color":"","overlay-opacity":"","overlay-gradient":""}},"ast-content-background-meta":{"desktop":{"background-color":"var(--ast-global-color-5)","background-image":"","background-repeat":"repeat","background-position":"center center","background-size":"auto","background-attachment":"scroll","background-type":"","background-media":"","overlay-type":"","overlay-color":"","overlay-opacity":"","overlay-gradient":""},"tablet":{"background-color":"var(--ast-global-color-5)","background-image":"","background-repeat":"repeat","background-position":"center center","background-size":"auto","background-attachment":"scroll","background-type":"","background-media":"","overlay-type":"","overlay-color":"","overlay-opacity":"","overlay-gradient":""},"mobile":{"background-color":"var(--ast-global-color-5)","background-image":"","background-repeat":"repeat","background-position":"center center","background-size":"auto","background-attachment":"scroll","background-type":"","background-media":"","overlay-type":"","overlay-color":"","overlay-opacity":"","overlay-gradient":""}}},"product_brand":[],"product_cat":[76],"product_tag":[],"class_list":{"0":"post-27812","1":"product","2":"type-product","3":"status-publish","4":"has-post-thumbnail","6":"product_cat-white-paper-bags-with-handels","7":"desktop-align-left","8":"tablet-align-left","9":"mobile-align-left","10":"ast-product-gallery-layout-horizontal","11":"ast-product-tabs-layout-horizontal","13":"first","14":"instock","15":"product-type-simple"},"_links":{"self":[{"href":"https:\/\/reanpackaging.com\/sv\/wp-json\/wp\/v2\/product\/27812","targetHints":{"allow":["GET"]}}],"collection":[{"href":"https:\/\/reanpackaging.com\/sv\/wp-json\/wp\/v2\/product"}],"about":[{"href":"https:\/\/reanpackaging.com\/sv\/wp-json\/wp\/v2\/types\/product"}],"wp:featuredmedia":[{"embeddable":true,"href":"https:\/\/reanpackaging.com\/sv\/wp-json\/wp\/v2\/media\/27753"}],"wp:attachment":[{"href":"https:\/\/reanpackaging.com\/sv\/wp-json\/wp\/v2\/media?parent=27812"}],"wp:term":[{"taxonomy":"product_brand","embeddable":true,"href":"https:\/\/reanpackaging.com\/sv\/wp-json\/wp\/v2\/product_brand?post=27812"},{"taxonomy":"product_cat","embeddable":true,"href":"https:\/\/reanpackaging.com\/sv\/wp-json\/wp\/v2\/product_cat?post=27812"},{"taxonomy":"product_tag","embeddable":true,"href":"https:\/\/reanpackaging.com\/sv\/wp-json\/wp\/v2\/product_tag?post=27812"}],"curies":[{"name":"wp","href":"https:\/\/api.w.org\/{rel}","templated":true}]}}