{"id":28754,"date":"2024-12-15T11:37:45","date_gmt":"2024-12-15T11:37:45","guid":{"rendered":"https:\/\/reanpackaging.com\/product\/heart-shaped-chocolate-box-luxury-cardboard-packaging-custom-strawberry-candy-mystery-explosion-surprise-valentines-gift-box\/"},"modified":"2024-12-15T11:50:14","modified_gmt":"2024-12-15T11:50:14","slug":"heart-shaped-chocolate-box-luxury-cardboard-packaging-custom-strawberry-candy-mystery-explosion-surprise-valentines-gift-box","status":"publish","type":"product","link":"https:\/\/reanpackaging.com\/sv\/produkt\/heart-shaped-chocolate-box-luxury-cardboard-packaging-custom-strawberry-candy-mystery-explosion-surprise-valentines-gift-box\/","title":{"rendered":"Hj\u00e4rtformad chokladask lyxig kartongf\u00f6rpackning anpassad jordgubbsgodis mysterium explosion \u00f6verraskning valentins presentask"},"content":{"rendered":"<h4>Branschspecifika attribut<\/h4>\n<table border=\"1\">\n<tbody>\n<tr>\n<td><strong>Industriell anv\u00e4ndning<\/strong><\/td>\n<td>Mat<\/td>\n<\/tr>\n<tr>\n<td><strong>Typ av papper<\/strong><\/td>\n<td>Papperskarta<\/td>\n<\/tr>\n<tr>\n<td><strong>Funktion<\/strong><\/td>\n<td>Handgjord<\/td>\n<\/tr>\n<tr>\n<td><strong>typ av l\u00e5da<\/strong><\/td>\n<td>Styva l\u00e5dor<\/td>\n<\/tr>\n<\/tbody>\n<\/table>\n<h4>\u00d6vriga attribut<\/h4>\n<table border=\"1\">\n<tbody>\n<tr>\n<td><strong>Form<\/strong><\/td>\n<td>anpassad<\/td>\n<\/tr>\n<tr>\n<td><strong>Tryckning Hantering<\/strong><\/td>\n<td>Pr\u00e4gling, glansig laminering, matt laminering, stansning, UV-bel\u00e4ggning, lackering, VANISHING, guldfolie<\/td>\n<\/tr>\n<tr>\n<td><strong>Anpassad best\u00e4llning<\/strong><\/td>\n<td>Acceptera<\/td>\n<\/tr>\n<tr>\n<td><strong>Typ av foder<\/strong><\/td>\n<td>Papperskarta<\/td>\n<\/tr>\n<tr>\n<td><strong>Storlek<\/strong><\/td>\n<td>4,4 h\u00f6g 6,8 bred 6,3 djup<\/td>\n<\/tr>\n<tr>\n<td><strong>Anv\u00e4ndning<\/strong><\/td>\n<td>chokladask f\u00f6rpackning lyx<\/td>\n<\/tr>\n<tr>\n<td><strong>F\u00f6rem\u00e5l<\/strong><\/td>\n<td>chokladbonadaskar<\/td>\n<\/tr>\n<tr>\n<td><strong>F\u00e4rg<\/strong><\/td>\n<td>CMYK<\/td>\n<\/tr>\n<tr>\n<td><strong>Form<\/strong><\/td>\n<td>Anpassad form<\/td>\n<\/tr>\n<tr>\n<td><strong>Logotyp<\/strong><\/td>\n<td>Kundens logotyp<\/td>\n<\/tr>\n<tr>\n<td><strong>Tryckning<\/strong><\/td>\n<td>4c Offsettryck<\/td>\n<\/tr>\n<\/tbody>\n<\/table>\n<p><img fetchpriority=\"high\" decoding=\"async\" class=\"alignnone size-medium wp-image-28393\" src=\"https:\/\/reanpackaging.com\/wp-content\/uploads\/2024\/12\/1-description-Heart-shaped-chocolate-box-luxury-cardboard-packaging-custom-strawberry-candy-mystery-explosion-surprise-valentines-gift-box-300x300.jpg\" alt=\"1 beskrivning hj\u00e4rtformad chokladask lyxkartongf\u00f6rpackning anpassad jordgubbsgodis mysterium explosion \u00f6verraskning valentins presentf\u00f6rpackning\" width=\"800\" height=\"800\" srcset=\"https:\/\/reanpackaging.com\/wp-content\/uploads\/2024\/12\/1-description-Heart-shaped-chocolate-box-luxury-cardboard-packaging-custom-strawberry-candy-mystery-explosion-surprise-valentines-gift-box-300x300.jpg 300w, https:\/\/reanpackaging.com\/wp-content\/uploads\/2024\/12\/1-description-Heart-shaped-chocolate-box-luxury-cardboard-packaging-custom-strawberry-candy-mystery-explosion-surprise-valentines-gift-box-150x150.jpg 150w, https:\/\/reanpackaging.com\/wp-content\/uploads\/2024\/12\/1-description-Heart-shaped-chocolate-box-luxury-cardboard-packaging-custom-strawberry-candy-mystery-explosion-surprise-valentines-gift-box-768x768.jpg 768w, https:\/\/reanpackaging.com\/wp-content\/uploads\/2024\/12\/1-description-Heart-shaped-chocolate-box-luxury-cardboard-packaging-custom-strawberry-candy-mystery-explosion-surprise-valentines-gift-box-12x12.jpg 12w, https:\/\/reanpackaging.com\/wp-content\/uploads\/2024\/12\/1-description-Heart-shaped-chocolate-box-luxury-cardboard-packaging-custom-strawberry-candy-mystery-explosion-surprise-valentines-gift-box-600x600.jpg 600w, https:\/\/reanpackaging.com\/wp-content\/uploads\/2024\/12\/1-description-Heart-shaped-chocolate-box-luxury-cardboard-packaging-custom-strawberry-candy-mystery-explosion-surprise-valentines-gift-box-100x100.jpg 100w, https:\/\/reanpackaging.com\/wp-content\/uploads\/2024\/12\/1-description-Heart-shaped-chocolate-box-luxury-cardboard-packaging-custom-strawberry-candy-mystery-explosion-surprise-valentines-gift-box.jpg 800w\" sizes=\"(max-width: 800px) 100vw, 800px\" \/><\/p>\n<p><img decoding=\"async\" class=\"alignnone size-medium wp-image-28429\" src=\"https:\/\/reanpackaging.com\/wp-content\/uploads\/2024\/12\/3-description-Heart-shaped-chocolate-box-luxury-cardboard-packaging-custom-strawberry-candy-mystery-explosion-surprise-valentines-gift-box-300x300.jpg\" alt=\"3 beskrivning hj\u00e4rtformad chokladask lyxkartongf\u00f6rpackning anpassad jordgubbsgodis mysterium explosion \u00f6verraskning valentins presentf\u00f6rpackning\" width=\"800\" height=\"800\" srcset=\"https:\/\/reanpackaging.com\/wp-content\/uploads\/2024\/12\/3-description-Heart-shaped-chocolate-box-luxury-cardboard-packaging-custom-strawberry-candy-mystery-explosion-surprise-valentines-gift-box-300x300.jpg 300w, https:\/\/reanpackaging.com\/wp-content\/uploads\/2024\/12\/3-description-Heart-shaped-chocolate-box-luxury-cardboard-packaging-custom-strawberry-candy-mystery-explosion-surprise-valentines-gift-box-150x150.jpg 150w, https:\/\/reanpackaging.com\/wp-content\/uploads\/2024\/12\/3-description-Heart-shaped-chocolate-box-luxury-cardboard-packaging-custom-strawberry-candy-mystery-explosion-surprise-valentines-gift-box-768x768.jpg 768w, https:\/\/reanpackaging.com\/wp-content\/uploads\/2024\/12\/3-description-Heart-shaped-chocolate-box-luxury-cardboard-packaging-custom-strawberry-candy-mystery-explosion-surprise-valentines-gift-box-12x12.jpg 12w, https:\/\/reanpackaging.com\/wp-content\/uploads\/2024\/12\/3-description-Heart-shaped-chocolate-box-luxury-cardboard-packaging-custom-strawberry-candy-mystery-explosion-surprise-valentines-gift-box-600x600.jpg 600w, https:\/\/reanpackaging.com\/wp-content\/uploads\/2024\/12\/3-description-Heart-shaped-chocolate-box-luxury-cardboard-packaging-custom-strawberry-candy-mystery-explosion-surprise-valentines-gift-box-100x100.jpg 100w, https:\/\/reanpackaging.com\/wp-content\/uploads\/2024\/12\/3-description-Heart-shaped-chocolate-box-luxury-cardboard-packaging-custom-strawberry-candy-mystery-explosion-surprise-valentines-gift-box.jpg 800w\" sizes=\"(max-width: 800px) 100vw, 800px\" \/><\/p>\n<p><img decoding=\"async\" class=\"alignnone size-medium wp-image-28471\" src=\"https:\/\/reanpackaging.com\/wp-content\/uploads\/2024\/12\/5-description-Heart-shaped-chocolate-box-luxury-cardboard-packaging-custom-strawberry-candy-mystery-explosion-surprise-valentines-gift-box-300x300.jpg\" alt=\"5 beskrivning hj\u00e4rtformad chokladl\u00e5da lyxig kartongf\u00f6rpackning anpassad jordgubbsgodis mysterium explosion \u00f6verraskning valentins presentf\u00f6rpackning\" width=\"800\" height=\"800\" srcset=\"https:\/\/reanpackaging.com\/wp-content\/uploads\/2024\/12\/5-description-Heart-shaped-chocolate-box-luxury-cardboard-packaging-custom-strawberry-candy-mystery-explosion-surprise-valentines-gift-box-300x300.jpg 300w, https:\/\/reanpackaging.com\/wp-content\/uploads\/2024\/12\/5-description-Heart-shaped-chocolate-box-luxury-cardboard-packaging-custom-strawberry-candy-mystery-explosion-surprise-valentines-gift-box-150x150.jpg 150w, https:\/\/reanpackaging.com\/wp-content\/uploads\/2024\/12\/5-description-Heart-shaped-chocolate-box-luxury-cardboard-packaging-custom-strawberry-candy-mystery-explosion-surprise-valentines-gift-box-768x768.jpg 768w, https:\/\/reanpackaging.com\/wp-content\/uploads\/2024\/12\/5-description-Heart-shaped-chocolate-box-luxury-cardboard-packaging-custom-strawberry-candy-mystery-explosion-surprise-valentines-gift-box-12x12.jpg 12w, https:\/\/reanpackaging.com\/wp-content\/uploads\/2024\/12\/5-description-Heart-shaped-chocolate-box-luxury-cardboard-packaging-custom-strawberry-candy-mystery-explosion-surprise-valentines-gift-box-600x600.jpg 600w, https:\/\/reanpackaging.com\/wp-content\/uploads\/2024\/12\/5-description-Heart-shaped-chocolate-box-luxury-cardboard-packaging-custom-strawberry-candy-mystery-explosion-surprise-valentines-gift-box-100x100.jpg 100w, https:\/\/reanpackaging.com\/wp-content\/uploads\/2024\/12\/5-description-Heart-shaped-chocolate-box-luxury-cardboard-packaging-custom-strawberry-candy-mystery-explosion-surprise-valentines-gift-box.jpg 800w\" sizes=\"(max-width: 800px) 100vw, 800px\" \/><\/p>","protected":false},"excerpt":{"rendered":"<p>Industry-Specific Attributes Industrial Use Food Paper Type Paperboard Feature Handmade box type Rigid Boxes Other Attributes Shape custom Printing Handling Embossing, Glossy Lamination, Matt Lamination, Stamping, UV Coating, Varnishing, VANISHING, Gold Foil Custom Order Accept Liner type Paperboard Size 4.4 high 6.8wide 6.3deep Usage chocolate box packaging luxury Item chocolate bonbon boxes Color CMYK Shape [&hellip;]<\/p>\n","protected":false},"featured_media":28592,"template":"","meta":{"_seopress_robots_primary_cat":"none","_seopress_titles_title":"","_seopress_titles_desc":"","_seopress_robots_index":"","site-sidebar-layout":"default","site-content-layout":"","ast-site-content-layout":"default","site-content-style":"default","site-sidebar-style":"default","ast-global-header-display":"","ast-banner-title-visibility":"","ast-main-header-display":"","ast-hfb-above-header-display":"","ast-hfb-below-header-display":"","ast-hfb-mobile-header-display":"","site-post-title":"","ast-breadcrumbs-content":"","ast-featured-img":"","footer-sml-layout":"","ast-disable-related-posts":"","theme-transparent-header-meta":"default","adv-header-id-meta":"","stick-header-meta":"default","header-above-stick-meta":"","header-main-stick-meta":"","header-below-stick-meta":"","astra-migrate-meta-layouts":"set","ast-page-background-enabled":"default","ast-page-background-meta":{"desktop":{"background-color":"","background-image":"","background-repeat":"repeat","background-position":"center center","background-size":"auto","background-attachment":"scroll","background-type":"","background-media":"","overlay-type":"","overlay-color":"","overlay-opacity":"","overlay-gradient":""},"tablet":{"background-color":"","background-image":"","background-repeat":"repeat","background-position":"center center","background-size":"auto","background-attachment":"scroll","background-type":"","background-media":"","overlay-type":"","overlay-color":"","overlay-opacity":"","overlay-gradient":""},"mobile":{"background-color":"","background-image":"","background-repeat":"repeat","background-position":"center center","background-size":"auto","background-attachment":"scroll","background-type":"","background-media":"","overlay-type":"","overlay-color":"","overlay-opacity":"","overlay-gradient":""}},"ast-content-background-meta":{"desktop":{"background-color":"var(--ast-global-color-5)","background-image":"","background-repeat":"repeat","background-position":"center center","background-size":"auto","background-attachment":"scroll","background-type":"","background-media":"","overlay-type":"","overlay-color":"","overlay-opacity":"","overlay-gradient":""},"tablet":{"background-color":"var(--ast-global-color-5)","background-image":"","background-repeat":"repeat","background-position":"center center","background-size":"auto","background-attachment":"scroll","background-type":"","background-media":"","overlay-type":"","overlay-color":"","overlay-opacity":"","overlay-gradient":""},"mobile":{"background-color":"var(--ast-global-color-5)","background-image":"","background-repeat":"repeat","background-position":"center center","background-size":"auto","background-attachment":"scroll","background-type":"","background-media":"","overlay-type":"","overlay-color":"","overlay-opacity":"","overlay-gradient":""}}},"product_brand":[],"product_cat":[78],"product_tag":[],"class_list":{"0":"post-28754","1":"product","2":"type-product","3":"status-publish","4":"has-post-thumbnail","6":"product_cat-heart-shape-gift-boxes","7":"desktop-align-left","8":"tablet-align-left","9":"mobile-align-left","10":"ast-product-gallery-layout-horizontal","11":"ast-product-tabs-layout-horizontal","13":"first","14":"instock","15":"product-type-simple"},"_links":{"self":[{"href":"https:\/\/reanpackaging.com\/sv\/wp-json\/wp\/v2\/product\/28754","targetHints":{"allow":["GET"]}}],"collection":[{"href":"https:\/\/reanpackaging.com\/sv\/wp-json\/wp\/v2\/product"}],"about":[{"href":"https:\/\/reanpackaging.com\/sv\/wp-json\/wp\/v2\/types\/product"}],"wp:featuredmedia":[{"embeddable":true,"href":"https:\/\/reanpackaging.com\/sv\/wp-json\/wp\/v2\/media\/28592"}],"wp:attachment":[{"href":"https:\/\/reanpackaging.com\/sv\/wp-json\/wp\/v2\/media?parent=28754"}],"wp:term":[{"taxonomy":"product_brand","embeddable":true,"href":"https:\/\/reanpackaging.com\/sv\/wp-json\/wp\/v2\/product_brand?post=28754"},{"taxonomy":"product_cat","embeddable":true,"href":"https:\/\/reanpackaging.com\/sv\/wp-json\/wp\/v2\/product_cat?post=28754"},{"taxonomy":"product_tag","embeddable":true,"href":"https:\/\/reanpackaging.com\/sv\/wp-json\/wp\/v2\/product_tag?post=28754"}],"curies":[{"name":"wp","href":"https:\/\/api.w.org\/{rel}","templated":true}]}}