{"id":30225,"date":"2024-12-21T03:34:55","date_gmt":"2024-12-21T03:34:55","guid":{"rendered":"https:\/\/reanpackaging.com\/product\/custom-logo-green-velvet-lights-lints-flannel-case-necklace-bracelet-bangle-jewelry-packaging-ring-box-jewelry-boxes\/"},"modified":"2024-12-21T03:42:29","modified_gmt":"2024-12-21T03:42:29","slug":"custom-logo-green-velvet-lights-lints-flannel-case-necklace-bracelet-bangle-jewelry-packaging-ring-box-jewelry-boxes","status":"publish","type":"product","link":"https:\/\/reanpackaging.com\/sv\/produkt\/custom-logo-green-velvet-lights-lints-flannel-case-necklace-bracelet-bangle-jewelry-packaging-ring-box-jewelry-boxes\/","title":{"rendered":"Anpassad logotyp Gr\u00f6n sammet Ljus Lints Flannel Case Halsband Armband Bangle Smycken F\u00f6rpackning Ring Box Smyckeskrin"},"content":{"rendered":"<h4>Branschspecifika attribut<\/h4>\n<table border=\"1\">\n<tbody>\n<tr>\n<td><strong>Smyckeskrin Material<\/strong><\/td>\n<td>PU-l\u00e4der + plast<\/td>\n<\/tr>\n<\/tbody>\n<\/table>\n<h4>\u00d6vriga attribut<\/h4>\n<table border=\"1\">\n<tbody>\n<tr>\n<td><strong>storlek<\/strong><\/td>\n<td>andra<\/td>\n<\/tr>\n<tr>\n<td><strong>Artikel nr (artikelnummer)<\/strong><\/td>\n<td>pu ringbox<\/td>\n<\/tr>\n<tr>\n<td><strong>anv\u00e4ndning<\/strong><\/td>\n<td>F\u00f6rpackningar f\u00f6r smycken<\/td>\n<\/tr>\n<tr>\n<td><strong>f\u00e4rg<\/strong><\/td>\n<td>Vit Svart Beige (aprikos) M\u00f6rkgr\u00f6n Kungsbl\u00e5<\/td>\n<\/tr>\n<tr>\n<td><strong>Specifikation<\/strong><\/td>\n<td>50*60*46mm<\/td>\n<\/tr>\n<tr>\n<td><strong>fel<\/strong><\/td>\n<td>0,1 mm<\/td>\n<\/tr>\n<tr>\n<td><strong>Huvudsaklig plattform nedstr\u00f6ms<\/strong><\/td>\n<td>ebay Amazon \u00f6nskar AliExpress oberoende station LA<\/td>\n<\/tr>\n<tr>\n<td><strong>Det finns licensierade privata varum\u00e4rken<\/strong><\/td>\n<td>\u00e4r<\/td>\n<\/tr>\n<tr>\n<td><strong>Anpassning av LOGO<\/strong><\/td>\n<td>Varje modell m\u00f6ter 50 f\u00f6r att tillhandah\u00e5lla skr\u00e4ddarsydda tj\u00e4nster<\/td>\n<\/tr>\n<tr>\n<td><strong>Anpassning av f\u00e4rgmaterial<\/strong><\/td>\n<td>En enda modell kan uppfylla 500 anpassningsbara<\/td>\n<\/tr>\n<tr>\n<td><strong>F\u00f6rpackningstyp<\/strong><\/td>\n<td>F\u00f6rpackningsl\u00e5da<\/td>\n<\/tr>\n<\/tbody>\n<\/table>","protected":false},"excerpt":{"rendered":"<p>Industry-Specific Attributes Jewelry Boxes Material PU leather + plastic Other Attributes size other Article No. (Article number) pu ring box use Jewelry packaging color White Black beige (apricot) dark green royal blue specification 50*60*46mm error 0.1mm Main downstream platform ebay Amazon wish AliExpress independent station LA There are licensed private brands is LOGO customization Each [&hellip;]<\/p>\n","protected":false},"featured_media":30005,"template":"","meta":{"_seopress_robots_primary_cat":"none","_seopress_titles_title":"","_seopress_titles_desc":"","_seopress_robots_index":"","site-sidebar-layout":"default","site-content-layout":"","ast-site-content-layout":"default","site-content-style":"default","site-sidebar-style":"default","ast-global-header-display":"","ast-banner-title-visibility":"","ast-main-header-display":"","ast-hfb-above-header-display":"","ast-hfb-below-header-display":"","ast-hfb-mobile-header-display":"","site-post-title":"","ast-breadcrumbs-content":"","ast-featured-img":"","footer-sml-layout":"","ast-disable-related-posts":"","theme-transparent-header-meta":"default","adv-header-id-meta":"","stick-header-meta":"default","header-above-stick-meta":"","header-main-stick-meta":"","header-below-stick-meta":"","astra-migrate-meta-layouts":"set","ast-page-background-enabled":"default","ast-page-background-meta":{"desktop":{"background-color":"","background-image":"","background-repeat":"repeat","background-position":"center center","background-size":"auto","background-attachment":"scroll","background-type":"","background-media":"","overlay-type":"","overlay-color":"","overlay-opacity":"","overlay-gradient":""},"tablet":{"background-color":"","background-image":"","background-repeat":"repeat","background-position":"center center","background-size":"auto","background-attachment":"scroll","background-type":"","background-media":"","overlay-type":"","overlay-color":"","overlay-opacity":"","overlay-gradient":""},"mobile":{"background-color":"","background-image":"","background-repeat":"repeat","background-position":"center center","background-size":"auto","background-attachment":"scroll","background-type":"","background-media":"","overlay-type":"","overlay-color":"","overlay-opacity":"","overlay-gradient":""}},"ast-content-background-meta":{"desktop":{"background-color":"var(--ast-global-color-5)","background-image":"","background-repeat":"repeat","background-position":"center center","background-size":"auto","background-attachment":"scroll","background-type":"","background-media":"","overlay-type":"","overlay-color":"","overlay-opacity":"","overlay-gradient":""},"tablet":{"background-color":"var(--ast-global-color-5)","background-image":"","background-repeat":"repeat","background-position":"center center","background-size":"auto","background-attachment":"scroll","background-type":"","background-media":"","overlay-type":"","overlay-color":"","overlay-opacity":"","overlay-gradient":""},"mobile":{"background-color":"var(--ast-global-color-5)","background-image":"","background-repeat":"repeat","background-position":"center center","background-size":"auto","background-attachment":"scroll","background-type":"","background-media":"","overlay-type":"","overlay-color":"","overlay-opacity":"","overlay-gradient":""}}},"product_brand":[],"product_cat":[82],"product_tag":[],"class_list":{"0":"post-30225","1":"product","2":"type-product","3":"status-publish","4":"has-post-thumbnail","6":"product_cat-ring-box","7":"desktop-align-left","8":"tablet-align-left","9":"mobile-align-left","10":"ast-product-gallery-layout-horizontal","11":"ast-product-tabs-layout-horizontal","13":"first","14":"instock","15":"product-type-simple"},"_links":{"self":[{"href":"https:\/\/reanpackaging.com\/sv\/wp-json\/wp\/v2\/product\/30225","targetHints":{"allow":["GET"]}}],"collection":[{"href":"https:\/\/reanpackaging.com\/sv\/wp-json\/wp\/v2\/product"}],"about":[{"href":"https:\/\/reanpackaging.com\/sv\/wp-json\/wp\/v2\/types\/product"}],"wp:featuredmedia":[{"embeddable":true,"href":"https:\/\/reanpackaging.com\/sv\/wp-json\/wp\/v2\/media\/30005"}],"wp:attachment":[{"href":"https:\/\/reanpackaging.com\/sv\/wp-json\/wp\/v2\/media?parent=30225"}],"wp:term":[{"taxonomy":"product_brand","embeddable":true,"href":"https:\/\/reanpackaging.com\/sv\/wp-json\/wp\/v2\/product_brand?post=30225"},{"taxonomy":"product_cat","embeddable":true,"href":"https:\/\/reanpackaging.com\/sv\/wp-json\/wp\/v2\/product_cat?post=30225"},{"taxonomy":"product_tag","embeddable":true,"href":"https:\/\/reanpackaging.com\/sv\/wp-json\/wp\/v2\/product_tag?post=30225"}],"curies":[{"name":"wp","href":"https:\/\/api.w.org\/{rel}","templated":true}]}}