{"id":36358,"date":"2025-01-09T16:05:24","date_gmt":"2025-01-09T16:05:24","guid":{"rendered":"https:\/\/reanpackaging.com\/product\/customize-logo-iron-ring-box-bracelet-packaging-box-luxury-bracelet-pu-leather-jewelry-bracelet-box\/"},"modified":"2025-01-09T16:25:00","modified_gmt":"2025-01-09T16:25:00","slug":"customize-logo-iron-ring-box-bracelet-packaging-box-luxury-bracelet-pu-leather-jewelry-bracelet-box","status":"publish","type":"product","link":"https:\/\/reanpackaging.com\/sv\/produkt\/customize-logo-iron-ring-box-bracelet-packaging-box-luxury-bracelet-pu-leather-jewelry-bracelet-box\/","title":{"rendered":"Anpassa logotyp j\u00e4rn ring l\u00e5da armband f\u00f6rpackningsl\u00e5da lyx armband PU l\u00e4der smycken armband l\u00e5da"},"content":{"rendered":"<h4>Branschspecifika attribut<\/h4>\n<table border=\"1\">\n<tbody>\n<tr>\n<td><strong>Smyckeskrin Material<\/strong><\/td>\n<td>Tr\u00e4<\/td>\n<\/tr>\n<\/tbody>\n<\/table>\n<h4>\u00d6vriga attribut<\/h4>\n<table border=\"1\">\n<tbody>\n<tr>\n<td><strong>storlek<\/strong><\/td>\n<td>11,5 * 11,5 * 4,5 cm<\/td>\n<\/tr>\n<tr>\n<td><strong>MOQ<\/strong><\/td>\n<td>500 st<\/td>\n<\/tr>\n<tr>\n<td><strong>Produktens namn<\/strong><\/td>\n<td>tr\u00e4l\u00e5da med tofsar<\/td>\n<\/tr>\n<tr>\n<td><strong>f\u00e4rg<\/strong><\/td>\n<td>guld, r\u00f6d, bl\u00e5, brun och anpassad<\/td>\n<\/tr>\n<tr>\n<td><strong>Funktion<\/strong><\/td>\n<td>f\u00f6rvaring av smycken<\/td>\n<\/tr>\n<tr>\n<td><strong>OEM<\/strong><\/td>\n<td>100<\/td>\n<\/tr>\n<tr>\n<td><strong>stil<\/strong><\/td>\n<td>lyx<\/td>\n<\/tr>\n<tr>\n<td><strong>material<\/strong><\/td>\n<td>PU-l\u00e4der<\/td>\n<\/tr>\n<tr>\n<td><strong>anpassad f\u00e4rg<\/strong><\/td>\n<td>300<\/td>\n<\/tr>\n<\/tbody>\n<\/table>\n<p><img decoding=\"async\" class=\"detail-desc-decorate-image\" style=\"max-width: 100%; height: auto; display: block; margin: 0 auto;\" src=\"https:\/\/reanpackaging.com\/wp-content\/uploads\/2025\/01\/1-description-Customize-logo-iron-ring-box-bracelet-packaging-box-luxury-bracelet-PU-leather-jewelry-bracelet-box.jpg\" \/><br \/>\n<img decoding=\"async\" class=\"detail-desc-decorate-image\" style=\"max-width: 100%; height: auto; display: block; margin: 0 auto;\" src=\"https:\/\/reanpackaging.com\/wp-content\/uploads\/2025\/01\/2-description-Customize-logo-iron-ring-box-bracelet-packaging-box-luxury-bracelet-PU-leather-jewelry-bracelet-box.jpg\" \/><br \/>\n<img decoding=\"async\" class=\"detail-desc-decorate-image\" style=\"max-width: 100%; height: auto; display: block; margin: 0 auto;\" src=\"https:\/\/reanpackaging.com\/wp-content\/uploads\/2025\/01\/3-description-Customize-logo-iron-ring-box-bracelet-packaging-box-luxury-bracelet-PU-leather-jewelry-bracelet-box.jpg\" \/><br \/>\n<img decoding=\"async\" class=\"detail-desc-decorate-image\" style=\"max-width: 100%; height: auto; display: block; margin: 0 auto;\" src=\"https:\/\/reanpackaging.com\/wp-content\/uploads\/2025\/01\/4-description-Customize-logo-iron-ring-box-bracelet-packaging-box-luxury-bracelet-PU-leather-jewelry-bracelet-box.jpg\" \/><br \/>\n<img decoding=\"async\" class=\"detail-desc-decorate-image\" style=\"max-width: 100%; height: auto; display: block; margin: 0 auto;\" src=\"https:\/\/reanpackaging.com\/wp-content\/uploads\/2025\/01\/5-description-Customize-logo-iron-ring-box-bracelet-packaging-box-luxury-bracelet-PU-leather-jewelry-bracelet-box.jpg\" \/><\/p>","protected":false},"excerpt":{"rendered":"<p>Branschspecifika attribut Smyckeskrin Material Tr\u00e4 Andra attribut storlek 11,5 * 11,5 * 4,5 cm MOQ 500 st Produktnamn tr\u00e4l\u00e5da med tofsar f\u00e4rg guld, r\u00f6d, bl\u00e5, brun och anpassad Funktion smyckesf\u00f6rvaring OEM 100 stil lyxmaterial PU-l\u00e4der anpassad f\u00e4rg 300<\/p>","protected":false},"featured_media":36182,"template":"","meta":{"_seopress_robots_primary_cat":"none","_seopress_titles_title":"Customize logo iron ring box bracelet packaging box luxury bracelet PU leather jewelry bracelet box","_seopress_titles_desc":"","_seopress_robots_index":"","site-sidebar-layout":"default","site-content-layout":"","ast-site-content-layout":"default","site-content-style":"default","site-sidebar-style":"default","ast-global-header-display":"","ast-banner-title-visibility":"","ast-main-header-display":"","ast-hfb-above-header-display":"","ast-hfb-below-header-display":"","ast-hfb-mobile-header-display":"","site-post-title":"","ast-breadcrumbs-content":"","ast-featured-img":"","footer-sml-layout":"","ast-disable-related-posts":"","theme-transparent-header-meta":"default","adv-header-id-meta":"","stick-header-meta":"default","header-above-stick-meta":"","header-main-stick-meta":"","header-below-stick-meta":"","astra-migrate-meta-layouts":"set","ast-page-background-enabled":"default","ast-page-background-meta":{"desktop":{"background-color":"","background-image":"","background-repeat":"repeat","background-position":"center center","background-size":"auto","background-attachment":"scroll","background-type":"","background-media":"","overlay-type":"","overlay-color":"","overlay-opacity":"","overlay-gradient":""},"tablet":{"background-color":"","background-image":"","background-repeat":"repeat","background-position":"center center","background-size":"auto","background-attachment":"scroll","background-type":"","background-media":"","overlay-type":"","overlay-color":"","overlay-opacity":"","overlay-gradient":""},"mobile":{"background-color":"","background-image":"","background-repeat":"repeat","background-position":"center center","background-size":"auto","background-attachment":"scroll","background-type":"","background-media":"","overlay-type":"","overlay-color":"","overlay-opacity":"","overlay-gradient":""}},"ast-content-background-meta":{"desktop":{"background-color":"var(--ast-global-color-5)","background-image":"","background-repeat":"repeat","background-position":"center center","background-size":"auto","background-attachment":"scroll","background-type":"","background-media":"","overlay-type":"","overlay-color":"","overlay-opacity":"","overlay-gradient":""},"tablet":{"background-color":"var(--ast-global-color-5)","background-image":"","background-repeat":"repeat","background-position":"center center","background-size":"auto","background-attachment":"scroll","background-type":"","background-media":"","overlay-type":"","overlay-color":"","overlay-opacity":"","overlay-gradient":""},"mobile":{"background-color":"var(--ast-global-color-5)","background-image":"","background-repeat":"repeat","background-position":"center center","background-size":"auto","background-attachment":"scroll","background-type":"","background-media":"","overlay-type":"","overlay-color":"","overlay-opacity":"","overlay-gradient":""}}},"product_brand":[],"product_cat":[86],"product_tag":[],"class_list":{"0":"post-36358","1":"product","2":"type-product","3":"status-publish","4":"has-post-thumbnail","6":"product_cat-bracelet-box","7":"desktop-align-left","8":"tablet-align-left","9":"mobile-align-left","10":"ast-product-gallery-layout-horizontal","11":"ast-product-tabs-layout-horizontal","13":"first","14":"instock","15":"product-type-simple"},"_links":{"self":[{"href":"https:\/\/reanpackaging.com\/sv\/wp-json\/wp\/v2\/product\/36358","targetHints":{"allow":["GET"]}}],"collection":[{"href":"https:\/\/reanpackaging.com\/sv\/wp-json\/wp\/v2\/product"}],"about":[{"href":"https:\/\/reanpackaging.com\/sv\/wp-json\/wp\/v2\/types\/product"}],"wp:featuredmedia":[{"embeddable":true,"href":"https:\/\/reanpackaging.com\/sv\/wp-json\/wp\/v2\/media\/36182"}],"wp:attachment":[{"href":"https:\/\/reanpackaging.com\/sv\/wp-json\/wp\/v2\/media?parent=36358"}],"wp:term":[{"taxonomy":"product_brand","embeddable":true,"href":"https:\/\/reanpackaging.com\/sv\/wp-json\/wp\/v2\/product_brand?post=36358"},{"taxonomy":"product_cat","embeddable":true,"href":"https:\/\/reanpackaging.com\/sv\/wp-json\/wp\/v2\/product_cat?post=36358"},{"taxonomy":"product_tag","embeddable":true,"href":"https:\/\/reanpackaging.com\/sv\/wp-json\/wp\/v2\/product_tag?post=36358"}],"curies":[{"name":"wp","href":"https:\/\/api.w.org\/{rel}","templated":true}]}}