{"id":6168,"date":"2023-09-18T14:31:56","date_gmt":"2023-09-18T14:31:56","guid":{"rendered":"http:\/\/ibn.wyd.mybluehost.me\/reanpackaging.com\/?post_type=product&#038;p=6168"},"modified":"2024-10-01T17:00:38","modified_gmt":"2024-10-01T17:00:38","slug":"compostable-honeycomb-padded-kraft-paper-express-envelope-biodegradable-shockproof-mailers-shipping-mailing-bags","status":"publish","type":"product","link":"https:\/\/reanpackaging.com\/sv\/produkt\/komposterbart-honungskaka-vadderat-kraftpapper-express-kuvert-biologiskt-nedbrytbart-stotsakert-postpaket-frakt-postpasar\/","title":{"rendered":"Komposterbart Honeycomb vadderat Kraft Paper Express-kuvert Biologiskt nedbrytbart st\u00f6ts\u00e4kert brevf\u00f6rs\u00e4ndelse Frakt Postp\u00e5sar"},"content":{"rendered":"<h4 class=\"md-end-block md-heading md-focus\"><span class=\"md-plain md-expand\">Branschspecifika attribut<\/span><\/h4>\n<figure class=\"md-table-fig table-figure\">\n<table class=\"md-table\">\n<tbody>\n<tr class=\"md-end-block md-focus-container\">\n<td><span class=\"td-span md-focus\"><span class=\"md-pair-s md-expand\"><strong><span class=\"md-plain\">Material<\/span><\/strong><\/span><\/span><\/td>\n<td><span class=\"td-span md-focus\"><span class=\"md-plain md-expand\">100% Kraftpapper (3 lager - vadderat)<\/span><\/span><\/td>\n<\/tr>\n<\/tbody>\n<\/table>\n<\/figure>\n<h4 class=\"md-end-block md-heading\"><span class=\"md-plain\">\u00d6vriga attribut<\/span><\/h4>\n<table class=\"md-table\">\n<tbody>\n<tr class=\"md-end-block md-focus-container\">\n<td><span class=\"td-span md-focus\"><span class=\"md-pair-s md-expand\"><strong><span class=\"md-plain\">Artikelns namn<\/span><\/strong><\/span><\/span><\/td>\n<td><span class=\"td-span\"><span class=\"md-plain\">Honeycomb pappersp\u00e5sar<\/span><\/span><\/td>\n<\/tr>\n<tr class=\"md-end-block\">\n<td><span class=\"td-span\"><span class=\"md-pair-s\"><strong><span class=\"md-plain\">Material<\/span><\/strong><\/span><\/span><\/td>\n<td><span class=\"td-span\"><span class=\"md-plain\">100% Kraftpapper<\/span><\/span><\/td>\n<\/tr>\n<tr class=\"md-end-block\">\n<td><span class=\"td-span\"><span class=\"md-pair-s\"><strong><span class=\"md-plain\">Anv\u00e4ndning<\/span><\/strong><\/span><\/span><\/td>\n<td><span class=\"td-span\"><span class=\"md-plain\">Leveranspaket<\/span><\/span><\/td>\n<\/tr>\n<tr class=\"md-end-block\">\n<td><span class=\"td-span\"><span class=\"md-pair-s\"><strong><span class=\"md-plain\">F\u00f6rdel<\/span><\/strong><\/span><\/span><\/td>\n<td><span class=\"td-span\"><span class=\"md-plain\">\u00d6verl\u00e4gsen riv- och punkteringsbest\u00e4ndighet<\/span><\/span><\/td>\n<\/tr>\n<tr class=\"md-end-block\">\n<td><span class=\"td-span\"><span class=\"md-pair-s\"><strong><span class=\"md-plain\">Utskrift + p\u00e5sens storlek<\/span><\/strong><\/span><\/span><\/td>\n<td><span class=\"td-span\"><span class=\"md-plain\">Anpassad storlek accepteras<\/span><\/span><\/td>\n<\/tr>\n<tr class=\"md-end-block\">\n<td><span class=\"td-span\"><span class=\"md-pair-s\"><strong><span class=\"md-plain\">F\u00e4rg&amp;LOGO<\/span><\/strong><\/span><\/span><\/td>\n<td><span class=\"td-span\"><span class=\"md-plain\">Anpassad f\u00e4rg &amp; LOGO accepteras<\/span><\/span><\/td>\n<\/tr>\n<tr class=\"md-end-block\">\n<td><span class=\"td-span\"><span class=\"md-pair-s\"><strong><span class=\"md-plain\">F\u00f6rsegling och handtag:<\/span><\/strong><\/span><\/span><\/td>\n<td><span class=\"td-span\"><span class=\"md-plain\">Sj\u00e4lvh\u00e4ftande t\u00e4tning<\/span><\/span><\/td>\n<\/tr>\n<tr class=\"md-end-block md-focus-container\">\n<td><span class=\"td-span\"><span class=\"md-pair-s\"><strong><span class=\"md-plain\">Gratis prov<\/span><\/strong><\/span><\/span><\/td>\n<td><span class=\"td-span md-focus\"><span class=\"md-plain md-expand\">Tillg\u00e4nglig I lager<\/span><\/span><\/td>\n<\/tr>\n<\/tbody>\n<\/table>\n<figure class=\"md-table-fig table-figure\"><img fetchpriority=\"high\" decoding=\"async\" class=\"alignnone wp-image-6171\" src=\"http:\/\/ibn.wyd.mybluehost.me\/reanpackaging.com\/wp-content\/uploads\/2023\/09\/1-1-226x300.jpg\" alt=\"Komposterbart Honeycomb vadderat Kraft Paper Express-kuvert Biologiskt nedbrytbart st\u00f6ts\u00e4kert brevf\u00f6rs\u00e4ndelse Fraktpostp\u00e5sar -beskrivning - 1\" width=\"1345\" height=\"1785\" srcset=\"https:\/\/reanpackaging.com\/wp-content\/uploads\/2023\/09\/1-1-226x300.jpg 226w, https:\/\/reanpackaging.com\/wp-content\/uploads\/2023\/09\/1-1-600x795.jpg 600w, https:\/\/reanpackaging.com\/wp-content\/uploads\/2023\/09\/1-1.jpg 750w\" sizes=\"(max-width: 1345px) 100vw, 1345px\" \/><\/p>\n<p><img decoding=\"async\" class=\"alignnone wp-image-6172\" src=\"http:\/\/ibn.wyd.mybluehost.me\/reanpackaging.com\/wp-content\/uploads\/2023\/09\/2-1-300x231.jpg\" alt=\"Komposterbara Honeycomb vadderade Kraft Paper Express-kuvert Biologiskt nedbrytbara st\u00f6ts\u00e4kra brevf\u00f6rs\u00e4ndelser Fraktpostp\u00e5sar -beskrivning - 2\" width=\"1335\" height=\"1028\" srcset=\"https:\/\/reanpackaging.com\/wp-content\/uploads\/2023\/09\/2-1-300x231.jpg 300w, https:\/\/reanpackaging.com\/wp-content\/uploads\/2023\/09\/2-1-600x462.jpg 600w, https:\/\/reanpackaging.com\/wp-content\/uploads\/2023\/09\/2-1.jpg 750w\" sizes=\"(max-width: 1335px) 100vw, 1335px\" \/> <img decoding=\"async\" class=\"alignnone wp-image-6173\" src=\"http:\/\/ibn.wyd.mybluehost.me\/reanpackaging.com\/wp-content\/uploads\/2023\/09\/3-1-218x300.jpg\" alt=\"Komposterbart Honeycomb vadderat Kraft Paper Express-kuvert Biologiskt nedbrytbart st\u00f6ts\u00e4kert brevf\u00f6rs\u00e4ndelse Fraktpostp\u00e5sar -beskrivning - 3\" width=\"1317\" height=\"1813\" srcset=\"https:\/\/reanpackaging.com\/wp-content\/uploads\/2023\/09\/3-1-218x300.jpg 218w, https:\/\/reanpackaging.com\/wp-content\/uploads\/2023\/09\/3-1-744x1024.jpg 744w, https:\/\/reanpackaging.com\/wp-content\/uploads\/2023\/09\/3-1-600x826.jpg 600w, https:\/\/reanpackaging.com\/wp-content\/uploads\/2023\/09\/3-1.jpg 750w\" sizes=\"(max-width: 1317px) 100vw, 1317px\" \/><\/p>\n<p><img loading=\"lazy\" decoding=\"async\" class=\"alignnone wp-image-6174\" src=\"http:\/\/ibn.wyd.mybluehost.me\/reanpackaging.com\/wp-content\/uploads\/2023\/09\/5-1-157x300.jpg\" alt=\"Komposterbart Honeycomb vadderat Kraft Paper Express-kuvert Biologiskt nedbrytbart st\u00f6ts\u00e4kert brevf\u00f6rs\u00e4ndelse Fraktpostp\u00e5sar -beskrivning - 4\" width=\"1318\" height=\"2518\" srcset=\"https:\/\/reanpackaging.com\/wp-content\/uploads\/2023\/09\/5-1-157x300.jpg 157w, https:\/\/reanpackaging.com\/wp-content\/uploads\/2023\/09\/5-1-536x1024.jpg 536w, https:\/\/reanpackaging.com\/wp-content\/uploads\/2023\/09\/5-1-600x1147.jpg 600w, https:\/\/reanpackaging.com\/wp-content\/uploads\/2023\/09\/5-1.jpg 750w\" sizes=\"(max-width: 1318px) 100vw, 1318px\" \/><\/p>\n<p><img loading=\"lazy\" decoding=\"async\" class=\"alignnone wp-image-6175\" src=\"http:\/\/ibn.wyd.mybluehost.me\/reanpackaging.com\/wp-content\/uploads\/2023\/09\/6-300x203.jpg\" alt=\"Komposterbart Honeycomb vadderat Kraft Paper Express-kuvert Biologiskt nedbrytbart st\u00f6ts\u00e4kert brevf\u00f6rs\u00e4ndelse Fraktpostp\u00e5sar -beskrivning - 5\" width=\"1200\" height=\"812\" srcset=\"https:\/\/reanpackaging.com\/wp-content\/uploads\/2023\/09\/6-300x203.jpg 300w, https:\/\/reanpackaging.com\/wp-content\/uploads\/2023\/09\/6-600x406.jpg 600w, https:\/\/reanpackaging.com\/wp-content\/uploads\/2023\/09\/6.jpg 750w\" sizes=\"(max-width: 1200px) 100vw, 1200px\" \/><\/figure>","protected":false},"excerpt":{"rendered":"<p>Branschspecifika attribut Material 100% Kraftpapper (3 lager - vadderat) Andra attribut Artikelnamn Honeycomb-pappersp\u00e5sar Material 100% Kraftpapper Anv\u00e4ndning Leveranspaket F\u00f6rdel \u00d6verl\u00e4gsen riv- och punkteringsmotst\u00e5nd Utskrift + P\u00e5se Storlek Anpassad storlek Accepterad F\u00e4rg&amp;LOGO Anpassad f\u00e4rg&amp;LOGO Accepterad T\u00e4tning &amp; handtag: Sj\u00e4lvh\u00e4ftande t\u00e4tning Gratis prov Tillg\u00e4ngligt i lager<\/p>","protected":false},"featured_media":6176,"template":"","meta":{"_seopress_robots_primary_cat":"none","_seopress_titles_title":"","_seopress_titles_desc":"","_seopress_robots_index":"","site-sidebar-layout":"default","site-content-layout":"default","ast-site-content-layout":"default","site-content-style":"default","site-sidebar-style":"default","ast-global-header-display":"","ast-banner-title-visibility":"","ast-main-header-display":"","ast-hfb-above-header-display":"","ast-hfb-below-header-display":"","ast-hfb-mobile-header-display":"","site-post-title":"","ast-breadcrumbs-content":"","ast-featured-img":"","footer-sml-layout":"","ast-disable-related-posts":"","theme-transparent-header-meta":"default","adv-header-id-meta":"","stick-header-meta":"default","header-above-stick-meta":"","header-main-stick-meta":"","header-below-stick-meta":"","astra-migrate-meta-layouts":"set","ast-page-background-enabled":"default","ast-page-background-meta":{"desktop":{"background-color":"","background-image":"","background-repeat":"repeat","background-position":"center center","background-size":"auto","background-attachment":"scroll","background-type":"","background-media":"","overlay-type":"","overlay-color":"","overlay-opacity":"","overlay-gradient":""},"tablet":{"background-color":"","background-image":"","background-repeat":"repeat","background-position":"center center","background-size":"auto","background-attachment":"scroll","background-type":"","background-media":"","overlay-type":"","overlay-color":"","overlay-opacity":"","overlay-gradient":""},"mobile":{"background-color":"","background-image":"","background-repeat":"repeat","background-position":"center center","background-size":"auto","background-attachment":"scroll","background-type":"","background-media":"","overlay-type":"","overlay-color":"","overlay-opacity":"","overlay-gradient":""}},"ast-content-background-meta":{"desktop":{"background-color":"var(--ast-global-color-5)","background-image":"","background-repeat":"repeat","background-position":"center center","background-size":"auto","background-attachment":"scroll","background-type":"","background-media":"","overlay-type":"","overlay-color":"","overlay-opacity":"","overlay-gradient":""},"tablet":{"background-color":"var(--ast-global-color-5)","background-image":"","background-repeat":"repeat","background-position":"center center","background-size":"auto","background-attachment":"scroll","background-type":"","background-media":"","overlay-type":"","overlay-color":"","overlay-opacity":"","overlay-gradient":""},"mobile":{"background-color":"var(--ast-global-color-5)","background-image":"","background-repeat":"repeat","background-position":"center center","background-size":"auto","background-attachment":"scroll","background-type":"","background-media":"","overlay-type":"","overlay-color":"","overlay-opacity":"","overlay-gradient":""}}},"product_brand":[],"product_cat":[45,36,44],"product_tag":[],"class_list":{"0":"post-6168","1":"product","2":"type-product","3":"status-publish","4":"has-post-thumbnail","6":"product_cat-bubble-wrap","7":"product_cat-kraft-bags","8":"product_cat-paper-bags","9":"desktop-align-left","10":"tablet-align-left","11":"mobile-align-left","12":"ast-product-gallery-layout-horizontal","13":"ast-product-tabs-layout-horizontal","15":"first","16":"instock","17":"shipping-taxable","18":"purchasable","19":"product-type-simple"},"_links":{"self":[{"href":"https:\/\/reanpackaging.com\/sv\/wp-json\/wp\/v2\/product\/6168","targetHints":{"allow":["GET"]}}],"collection":[{"href":"https:\/\/reanpackaging.com\/sv\/wp-json\/wp\/v2\/product"}],"about":[{"href":"https:\/\/reanpackaging.com\/sv\/wp-json\/wp\/v2\/types\/product"}],"wp:featuredmedia":[{"embeddable":true,"href":"https:\/\/reanpackaging.com\/sv\/wp-json\/wp\/v2\/media\/6176"}],"wp:attachment":[{"href":"https:\/\/reanpackaging.com\/sv\/wp-json\/wp\/v2\/media?parent=6168"}],"wp:term":[{"taxonomy":"product_brand","embeddable":true,"href":"https:\/\/reanpackaging.com\/sv\/wp-json\/wp\/v2\/product_brand?post=6168"},{"taxonomy":"product_cat","embeddable":true,"href":"https:\/\/reanpackaging.com\/sv\/wp-json\/wp\/v2\/product_cat?post=6168"},{"taxonomy":"product_tag","embeddable":true,"href":"https:\/\/reanpackaging.com\/sv\/wp-json\/wp\/v2\/product_tag?post=6168"}],"curies":[{"name":"wp","href":"https:\/\/api.w.org\/{rel}","templated":true}]}}