{"id":6190,"date":"2023-09-18T15:30:55","date_gmt":"2023-09-18T15:30:55","guid":{"rendered":"http:\/\/ibn.wyd.mybluehost.me\/reanpackaging.com\/?post_type=product&#038;p=6190"},"modified":"2024-10-01T17:00:38","modified_gmt":"2024-10-01T17:00:38","slug":"manufacturers-personalised-luxury-boutique-gift-paper-bag-packaging-custom-white-pink-paper-thank-you-gift-bags-with-logo-print","status":"publish","type":"product","link":"https:\/\/reanpackaging.com\/sv\/produkt\/tillverkare-personliga-lyxiga-boutique-presentpasar-pappersforpackningar-anpassade-vita-rosa-papper-tack-presentpasar-med-logotyptryck\/","title":{"rendered":"Tillverkare Personifierad Lyx Boutique Presentpappersp\u00e5se F\u00f6rpackning Anpassad Vit Rosa Papper Tack Presentp\u00e5sar med logotyptryck"},"content":{"rendered":"<h4 class=\"md-end-block md-heading md-focus\"><span class=\"md-plain md-expand\">Branschspecifika attribut<\/span><\/h4>\n<table class=\"md-table\">\n<tbody>\n<tr class=\"md-end-block md-focus-container\">\n<td><span class=\"td-span md-focus\"><span class=\"md-pair-s md-expand\"><strong><span class=\"md-plain\">Industriell anv\u00e4ndning<\/span><\/strong><\/span><\/span><\/td>\n<td><span class=\"td-span\"><span class=\"md-plain\">Skor &amp; kl\u00e4der<\/span><\/span><\/td>\n<\/tr>\n<tr class=\"md-end-block\">\n<td><span class=\"td-span\"><span class=\"md-pair-s\"><strong><span class=\"md-plain\">Typ av papper<\/span><\/strong><\/span><\/span><\/td>\n<td><span class=\"td-span\"><span class=\"md-plain\">Kraftpapper<\/span><\/span><\/td>\n<\/tr>\n<tr class=\"md-end-block md-focus-container\">\n<td><span class=\"td-span\"><span class=\"md-pair-s\"><strong><span class=\"md-plain\">Funktion<\/span><\/strong><\/span><\/span><\/td>\n<td><span class=\"td-span md-focus\"><span class=\"md-plain md-expand\">\u00c5tervunna material<\/span><\/span><\/td>\n<\/tr>\n<\/tbody>\n<\/table>\n<h4 class=\"md-end-block md-heading md-focus\"><span class=\"md-plain md-expand\">\u00d6vriga attribut<\/span><\/h4>\n<table class=\"md-table\">\n<tbody>\n<tr class=\"md-end-block md-focus-container\">\n<td><span class=\"td-span md-focus\"><span class=\"md-pair-s md-expand\"><strong><span class=\"md-plain\">Ytbehandling<\/span><\/strong><\/span><\/span><\/td>\n<td><span class=\"td-span\"><span class=\"md-plain\">Flexotryck<\/span><\/span><\/td>\n<\/tr>\n<tr class=\"md-end-block\">\n<td><span class=\"td-span\"><span class=\"md-pair-s\"><strong><span class=\"md-plain\">T\u00e4tning &amp; handtag<\/span><\/strong><\/span><\/span><\/td>\n<td><span class=\"td-span\"><span class=\"md-plain\">Handl\u00e4ngd Handtag<\/span><\/span><\/td>\n<\/tr>\n<tr class=\"md-end-block\">\n<td><span class=\"td-span\"><span class=\"md-pair-s\"><strong><span class=\"md-plain\">Anpassad best\u00e4llning<\/span><\/strong><\/span><\/span><\/td>\n<td><span class=\"td-span\"><span class=\"md-plain\">Acceptera<\/span><\/span><\/td>\n<\/tr>\n<tr class=\"md-end-block\">\n<td><span class=\"td-span\"><span class=\"md-pair-s\"><strong><span class=\"md-plain\">Produktens namn<\/span><\/strong><\/span><\/span><\/td>\n<td><span class=\"td-span\"><span class=\"md-plain\">F\u00f6rpackningsv\u00e4ska av presentpapper<\/span><\/span><\/td>\n<\/tr>\n<tr class=\"md-end-block\">\n<td><span class=\"td-span\"><span class=\"md-pair-s\"><strong><span class=\"md-plain\">Storlek:<\/span><\/strong><\/span><\/span><\/td>\n<td><span class=\"td-span\"><span class=\"md-plain\">Anpassad acceptans<\/span><\/span><\/td>\n<\/tr>\n<tr class=\"md-end-block\">\n<td><span class=\"td-span\"><span class=\"md-pair-s\"><strong><span class=\"md-plain\">Logotyp:<\/span><\/strong><\/span><\/span><\/td>\n<td><span class=\"td-span\"><span class=\"md-plain\">Acceptera anpassad logotyp eller m\u00f6nster<\/span><\/span><\/td>\n<\/tr>\n<tr class=\"md-end-block\">\n<td><span class=\"td-span\"><span class=\"md-pair-s\"><strong><span class=\"md-plain\">S\u00f6kord<\/span><\/strong><\/span><\/span><\/td>\n<td><span class=\"td-span\"><span class=\"md-plain\">papper shoppingv\u00e4ska; papper presentp\u00e5se; kl\u00e4der f\u00f6rpackning v\u00e4ska<\/span><\/span><\/td>\n<\/tr>\n<tr class=\"md-end-block\">\n<td><span class=\"td-span\"><span class=\"md-pair-s\"><strong><span class=\"md-plain\">Anv\u00e4ndning<\/span><\/strong><\/span><\/span><\/td>\n<td><span class=\"td-span\"><span class=\"md-plain\">Paket<\/span><\/span><\/td>\n<\/tr>\n<tr class=\"md-end-block\">\n<td><span class=\"td-span\"><span class=\"md-pair-s\"><strong><span class=\"md-plain\">MOQ<\/span><\/strong><\/span><\/span><\/td>\n<td><span class=\"td-span\"><span class=\"md-plain\">100 st.<\/span><\/span><\/td>\n<\/tr>\n<tr class=\"md-end-block\">\n<td><span class=\"td-span\"><span class=\"md-pair-s\"><strong><span class=\"md-plain\">Industriell anv\u00e4ndning<\/span><\/strong><\/span><\/span><\/td>\n<td><span class=\"td-span\"><span class=\"md-plain\">take away pepr v\u00e4ska<\/span><\/span><\/td>\n<\/tr>\n<tr class=\"md-end-block\">\n<td><span class=\"td-span\"><span class=\"md-pair-s\"><strong><span class=\"md-plain\">Fabrikstyp<\/span><\/strong><\/span><\/span><\/td>\n<td><span class=\"td-span\"><span class=\"md-plain\">OEM &amp; ODM-tj\u00e4nst<\/span><\/span><\/td>\n<\/tr>\n<tr class=\"md-end-block md-focus-container\">\n<td><span class=\"td-span\"><span class=\"md-pair-s\"><strong><span class=\"md-plain\">Typ av bl\u00e4ck<\/span><\/strong><\/span><\/span><\/td>\n<td><span class=\"td-span md-focus\"><span class=\"md-plain md-expand\">Milj\u00f6v\u00e4nligt vattenbaserat sojabl\u00e4ck<\/span><\/span><\/td>\n<\/tr>\n<\/tbody>\n<\/table>\n<h4 class=\"md-end-block md-heading md-focus\"><span class=\"md-plain md-expand\">Specifikation<\/span><\/h4>\n<table class=\"md-table\">\n<tbody>\n<tr class=\"md-end-block md-focus-container\">\n<td><span class=\"td-span md-focus\"><span class=\"md-pair-s md-expand\"><strong><span class=\"md-plain\">Material<\/span><\/strong><\/span><\/span><\/td>\n<td><span class=\"td-span\"><span class=\"md-plain\">vitt kartongpapper,vitt kartongpapper,bestruket papper,kraftpapper,wellpapp,konstpapper,kartong,specialpapper,tr\u00e4fritt papper<\/span><\/span><\/td>\n<\/tr>\n<tr class=\"md-end-block\">\n<td><span class=\"td-span\"><span class=\"md-pair-s\"><strong><span class=\"md-plain\">Konstpapper<\/span><\/strong><\/span><\/span><\/td>\n<td><span class=\"td-span\"><span class=\"md-plain\">120g- 250g anv\u00e4nds normalt f\u00f6r pappersp\u00e5se<\/span><\/span><\/td>\n<\/tr>\n<tr class=\"md-end-block\">\n<td><span class=\"td-span\"><span class=\"md-pair-s\"><strong><span class=\"md-plain\">Gr\u00e5 kartong<\/span><\/strong><\/span><\/span><\/td>\n<td><span class=\"td-span\"><span class=\"md-plain\">Fr\u00e5n 650g till 1600g anv\u00e4nds normalt f\u00f6r f\u00f6rpackningsl\u00e5dor<\/span><\/span><\/td>\n<\/tr>\n<tr class=\"md-end-block\">\n<td><span class=\"td-span\"><span class=\"md-pair-s\"><strong><span class=\"md-plain\">Fancy papper<\/span><\/strong><\/span><\/span><\/td>\n<td><span class=\"td-span\"><span class=\"md-plain\">100g,120g,130g, olika design och stil<\/span><\/span><\/td>\n<\/tr>\n<tr class=\"md-end-block\">\n<td><span class=\"td-span\"><span class=\"md-pair-s\"><strong><span class=\"md-plain\">Annat papper<\/span><\/strong><\/span><\/span><\/td>\n<td><span class=\"td-span\"><span class=\"md-plain\">Korrugerat papper, dukpapper, kartong, foliepapper, \u00e5tervunnet material<\/span><\/span><\/td>\n<\/tr>\n<tr class=\"md-end-block\">\n<td><span class=\"td-span\"><span class=\"md-pair-s\"><strong><span class=\"md-plain\">Tillbeh\u00f6r<\/span><\/strong><\/span><\/span><\/td>\n<td><span class=\"td-span\"><span class=\"md-plain\">Magnet, band, EVA-form, plastbricka, svamp, blommor, PVC\/PET\/PP-f\u00f6nster<\/span><\/span><\/td>\n<\/tr>\n<tr class=\"md-end-block\">\n<td><span class=\"td-span\"><span class=\"md-pair-s\"><strong><span class=\"md-plain\">Tryckning<\/span><\/strong><\/span><\/span><\/td>\n<td><span class=\"td-span\"><span class=\"md-plain\">CMYK 4-f\u00e4rgs offsettryck, screentryck, Panton-f\u00e4rg, UV-tryck.<\/span><\/span><\/td>\n<\/tr>\n<tr class=\"md-end-block\">\n<td><span class=\"td-span\"><span class=\"md-pair-s\"><strong><span class=\"md-plain\">Efterbehandlingsteknik<\/span><\/strong><\/span><\/span><\/td>\n<td><span class=\"td-span\"><span class=\"md-plain\">UV-bel\u00e4ggning, spotlackning, pr\u00e4gling, glansig\/matt lamellering, foliest\u00e4mpling, stansning etc.<\/span><\/span><\/td>\n<\/tr>\n<tr class=\"md-end-block\">\n<td><span class=\"td-span\"><span class=\"md-pair-s\"><strong><span class=\"md-plain\">Varum\u00e4rke<\/span><\/strong><\/span><\/span><\/td>\n<td><span class=\"td-span\"><span class=\"md-plain\">OEM och ODM \u00e4r tillg\u00e4ngliga, och vi kan skriva ut LOGO, som kunderna levererar.<\/span><\/span><\/td>\n<\/tr>\n<tr class=\"md-end-block\">\n<td><span class=\"td-span\"><span class=\"md-pair-s\"><strong><span class=\"md-plain\">Tryckomr\u00e5de<\/span><\/strong><\/span><\/span><\/td>\n<td><span class=\"td-span\"><span class=\"md-plain\">100% Utskrift eller inte, vilket baseras p\u00e5 beg\u00e4ran.<\/span><\/span><\/td>\n<\/tr>\n<tr class=\"md-end-block\">\n<td><span class=\"td-span\"><span class=\"md-pair-s\"><strong><span class=\"md-plain\">F\u00f6rpackning<\/span><\/strong><\/span><\/span><\/td>\n<td><span class=\"td-span\"><span class=\"md-plain\">Produkterna f\u00f6rpackas i standard exportkartong eller enligt kundernas krav<\/span><\/span><\/td>\n<\/tr>\n<tr class=\"md-end-block\">\n<td><span class=\"td-span\"><span class=\"md-pair-s\"><strong><span class=\"md-plain\">Industri<\/span><\/strong><\/span><\/span><\/td>\n<td><span class=\"td-span\"><span class=\"md-plain\">Choklad, vin, kosmetika, parfym, kl\u00e4der, smycken, tobak, livsmedel, g\u00e5vor, dagligvaror, f\u00f6rlag, presentleksaker, specialartiklar och s\u00e5 vidare<\/span><\/span><\/td>\n<\/tr>\n<tr class=\"md-end-block\">\n<td><span class=\"td-span\"><span class=\"md-pair-s\"><strong><span class=\"md-plain\">Prov<\/span><\/strong><\/span><\/span><\/td>\n<td><span class=\"td-span\"><span class=\"md-plain\">3 ~ 5 dagar efter att konstverket har bekr\u00e4ftats.<\/span><\/span><\/td>\n<\/tr>\n<tr class=\"md-end-block md-focus-container\">\n<td><span class=\"td-span\"><span class=\"md-pair-s\"><strong><span class=\"md-plain\">Pris<\/span><\/strong><\/span><\/span><\/td>\n<td><span class=\"td-span md-focus\"><span class=\"md-plain md-expand\">Det beror p\u00e5 storlek, material, tryck, efterbehandling efter tryck, antal och f\u00f6rpackning.<\/span><\/span><\/td>\n<\/tr>\n<\/tbody>\n<\/table>\n<p><img fetchpriority=\"high\" decoding=\"async\" class=\"alignnone wp-image-6207\" src=\"http:\/\/ibn.wyd.mybluehost.me\/reanpackaging.com\/wp-content\/uploads\/2023\/09\/1-2-262x300.jpg\" alt=\"Tillverkare Personlig Lyx Boutique Presentpappersp\u00e5se F\u00f6rpackning Anpassad Vit Rosa Papper Tack Presentp\u00e5sar Med Logo Print -beskrivning - 1\" width=\"1336\" height=\"1530\" srcset=\"https:\/\/reanpackaging.com\/wp-content\/uploads\/2023\/09\/1-2-262x300.jpg 262w, https:\/\/reanpackaging.com\/wp-content\/uploads\/2023\/09\/1-2-768x880.jpg 768w, https:\/\/reanpackaging.com\/wp-content\/uploads\/2023\/09\/1-2-600x688.jpg 600w, https:\/\/reanpackaging.com\/wp-content\/uploads\/2023\/09\/1-2.jpg 800w\" sizes=\"(max-width: 1336px) 100vw, 1336px\" \/><\/p>\n<p><img decoding=\"async\" class=\"alignnone wp-image-6208\" src=\"http:\/\/ibn.wyd.mybluehost.me\/reanpackaging.com\/wp-content\/uploads\/2023\/09\/2-2-287x300.jpg\" alt=\"Tillverkare Personifierad Lyxig Boutique Presentpappersp\u00e5se F\u00f6rpackning Anpassad Vit Rosa Papper Tack Presentp\u00e5sar Med Logotyptryck -beskrivning - 2\" width=\"1336\" height=\"1397\" srcset=\"https:\/\/reanpackaging.com\/wp-content\/uploads\/2023\/09\/2-2-287x300.jpg 287w, https:\/\/reanpackaging.com\/wp-content\/uploads\/2023\/09\/2-2-768x803.jpg 768w, https:\/\/reanpackaging.com\/wp-content\/uploads\/2023\/09\/2-2-600x627.jpg 600w, https:\/\/reanpackaging.com\/wp-content\/uploads\/2023\/09\/2-2.jpg 800w\" sizes=\"(max-width: 1336px) 100vw, 1336px\" \/><\/p>\n<p><img decoding=\"async\" class=\"alignnone wp-image-6210\" src=\"http:\/\/ibn.wyd.mybluehost.me\/reanpackaging.com\/wp-content\/uploads\/2023\/09\/4-1-300x197.jpg\" alt=\"Tillverkare Personifierad lyxig boutique presentpappersp\u00e5se F\u00f6rpackning Anpassad vit rosa papper Tack presentp\u00e5sar med logotyptryck -beskrivning - 4\" width=\"1246\" height=\"818\" srcset=\"https:\/\/reanpackaging.com\/wp-content\/uploads\/2023\/09\/4-1-300x197.jpg 300w, https:\/\/reanpackaging.com\/wp-content\/uploads\/2023\/09\/4-1-768x503.jpg 768w, https:\/\/reanpackaging.com\/wp-content\/uploads\/2023\/09\/4-1-600x393.jpg 600w, https:\/\/reanpackaging.com\/wp-content\/uploads\/2023\/09\/4-1.jpg 800w\" sizes=\"(max-width: 1246px) 100vw, 1246px\" \/><\/p>\n<p><img loading=\"lazy\" decoding=\"async\" class=\"alignnone wp-image-6211\" src=\"http:\/\/ibn.wyd.mybluehost.me\/reanpackaging.com\/wp-content\/uploads\/2023\/09\/5-2-280x300.jpg\" alt=\"Tillverkare Personifierad lyxig boutique presentpappersp\u00e5se F\u00f6rpackning Anpassad vit rosa papper Tack presentp\u00e5sar med logotyptryck -beskrivning - 5\" width=\"1208\" height=\"1294\" srcset=\"https:\/\/reanpackaging.com\/wp-content\/uploads\/2023\/09\/5-2-280x300.jpg 280w, https:\/\/reanpackaging.com\/wp-content\/uploads\/2023\/09\/5-2-768x822.jpg 768w, https:\/\/reanpackaging.com\/wp-content\/uploads\/2023\/09\/5-2-600x642.jpg 600w, https:\/\/reanpackaging.com\/wp-content\/uploads\/2023\/09\/5-2.jpg 800w\" sizes=\"(max-width: 1208px) 100vw, 1208px\" \/><\/p>\n<p><img loading=\"lazy\" decoding=\"async\" class=\"alignnone wp-image-6212\" src=\"http:\/\/ibn.wyd.mybluehost.me\/reanpackaging.com\/wp-content\/uploads\/2023\/09\/6-1-256x300.jpg\" alt=\"Tillverkare Personifierad lyxig boutique presentpappersp\u00e5se F\u00f6rpackning Anpassad vit rosa papper Tack presentp\u00e5sar med logotyptryck -beskrivning - 6\" width=\"1144\" height=\"1341\" srcset=\"https:\/\/reanpackaging.com\/wp-content\/uploads\/2023\/09\/6-1-256x300.jpg 256w, https:\/\/reanpackaging.com\/wp-content\/uploads\/2023\/09\/6-1-768x900.jpg 768w, https:\/\/reanpackaging.com\/wp-content\/uploads\/2023\/09\/6-1-600x703.jpg 600w, https:\/\/reanpackaging.com\/wp-content\/uploads\/2023\/09\/6-1.jpg 800w\" sizes=\"(max-width: 1144px) 100vw, 1144px\" \/><\/p>\n<p><img loading=\"lazy\" decoding=\"async\" class=\"alignnone wp-image-6215\" src=\"http:\/\/ibn.wyd.mybluehost.me\/reanpackaging.com\/wp-content\/uploads\/2023\/09\/9-2-300x292.jpg\" alt=\"Tillverkare Personifierad lyxig boutique presentpappersp\u00e5se F\u00f6rpackning Anpassad vit rosa papper Tack presentp\u00e5sar med logotyptryck -beskrivning - 9\" width=\"1142\" height=\"1112\" srcset=\"https:\/\/reanpackaging.com\/wp-content\/uploads\/2023\/09\/9-2-300x292.jpg 300w, https:\/\/reanpackaging.com\/wp-content\/uploads\/2023\/09\/9-2-768x748.jpg 768w, https:\/\/reanpackaging.com\/wp-content\/uploads\/2023\/09\/9-2-600x584.jpg 600w, https:\/\/reanpackaging.com\/wp-content\/uploads\/2023\/09\/9-2.jpg 800w\" sizes=\"(max-width: 1142px) 100vw, 1142px\" \/><\/p>\n<p><img loading=\"lazy\" decoding=\"async\" class=\"alignnone wp-image-6216\" src=\"http:\/\/ibn.wyd.mybluehost.me\/reanpackaging.com\/wp-content\/uploads\/2023\/09\/10-300x293.jpg\" alt=\"Tillverkare Personlig Lyx Boutique Presentpappersp\u00e5se F\u00f6rpackning Anpassad vit rosa papper Tack presentp\u00e5sar med logotyptryck -beskrivning - 10\" width=\"1092\" height=\"1067\" srcset=\"https:\/\/reanpackaging.com\/wp-content\/uploads\/2023\/09\/10-300x293.jpg 300w, https:\/\/reanpackaging.com\/wp-content\/uploads\/2023\/09\/10-768x751.jpg 768w, https:\/\/reanpackaging.com\/wp-content\/uploads\/2023\/09\/10-600x587.jpg 600w, https:\/\/reanpackaging.com\/wp-content\/uploads\/2023\/09\/10.jpg 800w\" sizes=\"(max-width: 1092px) 100vw, 1092px\" \/><\/p>\n<p><img loading=\"lazy\" decoding=\"async\" class=\"alignnone wp-image-6217\" src=\"http:\/\/ibn.wyd.mybluehost.me\/reanpackaging.com\/wp-content\/uploads\/2023\/09\/11-220x300.jpg\" alt=\"Tillverkare Personlig Lyx Boutique Presentpappersp\u00e5se F\u00f6rpackning Anpassad Vit Rosa Papper Tack Presentp\u00e5sar Med Logo Print -beskrivning - 11\" width=\"1099\" height=\"1499\" srcset=\"https:\/\/reanpackaging.com\/wp-content\/uploads\/2023\/09\/11-220x300.jpg 220w, https:\/\/reanpackaging.com\/wp-content\/uploads\/2023\/09\/11-768x1049.jpg 768w\" sizes=\"(max-width: 1099px) 100vw, 1099px\" \/><\/p>","protected":false},"excerpt":{"rendered":"<p>Industry-specific attributes Industrial Use Shoes &amp; clothing Paper Type Kraft Paper Feature Recycled Materials Other Attributes Surface Handling Flexo Printing Sealing &amp; Handle Hand Length Handle Custom Order Accept Product name Gift Paper Packaging Bag Size: Customized Accept Logo: Accept Customized Logo or pattern Keyword paper shopping bag;paper gift bag;clothes packing bag Usage Package MOQ [&hellip;]<\/p>\n","protected":false},"featured_media":6193,"template":"","meta":{"_seopress_robots_primary_cat":"none","_seopress_titles_title":"","_seopress_titles_desc":"","_seopress_robots_index":"","site-sidebar-layout":"default","site-content-layout":"default","ast-site-content-layout":"default","site-content-style":"default","site-sidebar-style":"default","ast-global-header-display":"","ast-banner-title-visibility":"","ast-main-header-display":"","ast-hfb-above-header-display":"","ast-hfb-below-header-display":"","ast-hfb-mobile-header-display":"","site-post-title":"","ast-breadcrumbs-content":"","ast-featured-img":"","footer-sml-layout":"","ast-disable-related-posts":"","theme-transparent-header-meta":"default","adv-header-id-meta":"","stick-header-meta":"default","header-above-stick-meta":"","header-main-stick-meta":"","header-below-stick-meta":"","astra-migrate-meta-layouts":"set","ast-page-background-enabled":"default","ast-page-background-meta":{"desktop":{"background-color":"","background-image":"","background-repeat":"repeat","background-position":"center center","background-size":"auto","background-attachment":"scroll","background-type":"","background-media":"","overlay-type":"","overlay-color":"","overlay-opacity":"","overlay-gradient":""},"tablet":{"background-color":"","background-image":"","background-repeat":"repeat","background-position":"center center","background-size":"auto","background-attachment":"scroll","background-type":"","background-media":"","overlay-type":"","overlay-color":"","overlay-opacity":"","overlay-gradient":""},"mobile":{"background-color":"","background-image":"","background-repeat":"repeat","background-position":"center center","background-size":"auto","background-attachment":"scroll","background-type":"","background-media":"","overlay-type":"","overlay-color":"","overlay-opacity":"","overlay-gradient":""}},"ast-content-background-meta":{"desktop":{"background-color":"var(--ast-global-color-5)","background-image":"","background-repeat":"repeat","background-position":"center center","background-size":"auto","background-attachment":"scroll","background-type":"","background-media":"","overlay-type":"","overlay-color":"","overlay-opacity":"","overlay-gradient":""},"tablet":{"background-color":"var(--ast-global-color-5)","background-image":"","background-repeat":"repeat","background-position":"center center","background-size":"auto","background-attachment":"scroll","background-type":"","background-media":"","overlay-type":"","overlay-color":"","overlay-opacity":"","overlay-gradient":""},"mobile":{"background-color":"var(--ast-global-color-5)","background-image":"","background-repeat":"repeat","background-position":"center center","background-size":"auto","background-attachment":"scroll","background-type":"","background-media":"","overlay-type":"","overlay-color":"","overlay-opacity":"","overlay-gradient":""}}},"product_brand":[],"product_cat":[40,36,44],"product_tag":[],"class_list":{"0":"post-6190","1":"product","2":"type-product","3":"status-publish","4":"has-post-thumbnail","6":"product_cat-gift-bags","7":"product_cat-kraft-bags","8":"product_cat-paper-bags","9":"desktop-align-left","10":"tablet-align-left","11":"mobile-align-left","12":"ast-product-gallery-layout-horizontal","13":"ast-product-tabs-layout-horizontal","15":"first","16":"instock","17":"shipping-taxable","18":"purchasable","19":"product-type-simple"},"_links":{"self":[{"href":"https:\/\/reanpackaging.com\/sv\/wp-json\/wp\/v2\/product\/6190","targetHints":{"allow":["GET"]}}],"collection":[{"href":"https:\/\/reanpackaging.com\/sv\/wp-json\/wp\/v2\/product"}],"about":[{"href":"https:\/\/reanpackaging.com\/sv\/wp-json\/wp\/v2\/types\/product"}],"wp:featuredmedia":[{"embeddable":true,"href":"https:\/\/reanpackaging.com\/sv\/wp-json\/wp\/v2\/media\/6193"}],"wp:attachment":[{"href":"https:\/\/reanpackaging.com\/sv\/wp-json\/wp\/v2\/media?parent=6190"}],"wp:term":[{"taxonomy":"product_brand","embeddable":true,"href":"https:\/\/reanpackaging.com\/sv\/wp-json\/wp\/v2\/product_brand?post=6190"},{"taxonomy":"product_cat","embeddable":true,"href":"https:\/\/reanpackaging.com\/sv\/wp-json\/wp\/v2\/product_cat?post=6190"},{"taxonomy":"product_tag","embeddable":true,"href":"https:\/\/reanpackaging.com\/sv\/wp-json\/wp\/v2\/product_tag?post=6190"}],"curies":[{"name":"wp","href":"https:\/\/api.w.org\/{rel}","templated":true}]}}