{"id":65231,"date":"2025-02-13T10:47:22","date_gmt":"2025-02-13T10:47:22","guid":{"rendered":"https:\/\/reanpackaging.com\/product\/the-source-manufacturer-produces-book-boxes-anti-antique-classic-book-boxes-and-ancient-book-style-tin-box-packaging\/"},"modified":"2025-02-13T10:47:47","modified_gmt":"2025-02-13T10:47:47","slug":"the-source-manufacturer-produces-book-boxes-anti-antique-classic-book-boxes-and-ancient-book-style-tin-box-packaging","status":"publish","type":"product","link":"https:\/\/reanpackaging.com\/sv\/produkt\/the-source-manufacturer-produces-book-boxes-anti-antique-classic-book-boxes-and-ancient-book-style-tin-box-packaging\/","title":{"rendered":"K\u00e4lltillverkaren tillverkar bokl\u00e5dor, antika klassiska bokl\u00e5dor och tennf\u00f6rpackningar i antik bokstil"},"content":{"rendered":"<h4>Branschspecifika attribut<\/h4>\n<table border=\"1\">\n<tr>\n<td><strong>Metalltyp<\/strong><\/td>\n<td>Tennj\u00e4rn, bleckpl\u00e5t<\/td>\n<\/tr>\n<\/table>\n<h4>\u00d6vriga attribut<\/h4>\n<table border=\"1\">\n<tr>\n<td><strong>Industriell anv\u00e4ndning<\/strong><\/td>\n<td>G\u00e5vor &amp; hantverk<\/td>\n<\/tr>\n<tr>\n<td><strong>Ytbehandling<\/strong><\/td>\n<td>Screentryck<\/td>\n<\/tr>\n<tr>\n<td><strong>T\u00e4tningstyp<\/strong><\/td>\n<td>Kronh\u00e4tta<\/td>\n<\/tr>\n<tr>\n<td><strong>Form<\/strong><\/td>\n<td>Fyrkant<\/td>\n<\/tr>\n<tr>\n<td><strong>Ytbehandling<\/strong><\/td>\n<td>lyster<\/td>\n<\/tr>\n<tr>\n<td><strong>Tryck av logotyp<\/strong><\/td>\n<td>Anpassningsbar<\/td>\n<\/tr>\n<tr>\n<td><strong>Tryckning Hantering<\/strong><\/td>\n<td>Offsetlitografi<\/td>\n<\/tr>\n<tr>\n<td><strong>Till\u00e4mpningar inom industrin<\/strong><\/td>\n<td>G\u00e5vor och hantverk<\/td>\n<\/tr>\n<tr>\n<td><strong>anv\u00e4ndning<\/strong><\/td>\n<td>Te, kaffe, godis, andra livsmedelsprodukter, lager<\/td>\n<\/tr>\n<tr>\n<td><strong>Tryckprocessen<\/strong><\/td>\n<td>SYMK-processen<\/td>\n<\/tr>\n<tr>\n<td><strong>m\u00f6nster<\/strong><\/td>\n<td>Anpassningsbar<\/td>\n<\/tr>\n<tr>\n<td><strong>form<\/strong><\/td>\n<td>kvadrat<\/td>\n<\/tr>\n<tr>\n<td><strong>f\u00e4rg<\/strong><\/td>\n<td>Anpassningsbar<\/td>\n<\/tr>\n<tr>\n<td><strong>funktion<\/strong><\/td>\n<td>Livsmedelsgodk\u00e4nd, milj\u00f6v\u00e4nlig, \u00e5tervinningsbar, h\u00e5llbar, f\u00f6rvaring<\/td>\n<\/tr>\n<tr>\n<td><strong>linda<\/strong><\/td>\n<td>F\u00f6rpackningsfilm + pall\/kartong<\/td>\n<\/tr>\n<tr>\n<td><strong>Material<\/strong><\/td>\n<td>Tennj\u00e4rn, bleckpl\u00e5t<\/td>\n<\/tr>\n<tr>\n<td><strong>Mikrolabeller<\/strong><\/td>\n<td>F\u00f6rpackningsfilm + pall\/kartong<\/td>\n<\/tr>\n<\/table>","protected":false},"excerpt":{"rendered":"<p>Industry-Specific Attributes Metal Type Tin iron, tinplate Other Attributes Industrial Use Gift &#038; Craft Surface Handling Screen printing Sealing Type Crown cap Shape Square Surface finishing luster Logo printing Customizable Printing Handling offset lithography Industry applications Gifts and crafts use Tea, coffee, sweets, other food products,stockpile Printing process SYMK process pattern Customizable shape square color [&hellip;]<\/p>\n","protected":false},"featured_media":65133,"template":"","meta":{"_seopress_robots_primary_cat":"","_seopress_titles_title":"","_seopress_titles_desc":"","_seopress_robots_index":"","site-sidebar-layout":"default","site-content-layout":"","ast-site-content-layout":"default","site-content-style":"default","site-sidebar-style":"default","ast-global-header-display":"","ast-banner-title-visibility":"","ast-main-header-display":"","ast-hfb-above-header-display":"","ast-hfb-below-header-display":"","ast-hfb-mobile-header-display":"","site-post-title":"","ast-breadcrumbs-content":"","ast-featured-img":"","footer-sml-layout":"","ast-disable-related-posts":"","theme-transparent-header-meta":"","adv-header-id-meta":"","stick-header-meta":"","header-above-stick-meta":"","header-main-stick-meta":"","header-below-stick-meta":"","astra-migrate-meta-layouts":"default","ast-page-background-enabled":"default","ast-page-background-meta":{"desktop":{"background-color":"","background-image":"","background-repeat":"repeat","background-position":"center center","background-size":"auto","background-attachment":"scroll","background-type":"","background-media":"","overlay-type":"","overlay-color":"","overlay-opacity":"","overlay-gradient":""},"tablet":{"background-color":"","background-image":"","background-repeat":"repeat","background-position":"center center","background-size":"auto","background-attachment":"scroll","background-type":"","background-media":"","overlay-type":"","overlay-color":"","overlay-opacity":"","overlay-gradient":""},"mobile":{"background-color":"","background-image":"","background-repeat":"repeat","background-position":"center center","background-size":"auto","background-attachment":"scroll","background-type":"","background-media":"","overlay-type":"","overlay-color":"","overlay-opacity":"","overlay-gradient":""}},"ast-content-background-meta":{"desktop":{"background-color":"var(--ast-global-color-5)","background-image":"","background-repeat":"repeat","background-position":"center center","background-size":"auto","background-attachment":"scroll","background-type":"","background-media":"","overlay-type":"","overlay-color":"","overlay-opacity":"","overlay-gradient":""},"tablet":{"background-color":"var(--ast-global-color-5)","background-image":"","background-repeat":"repeat","background-position":"center center","background-size":"auto","background-attachment":"scroll","background-type":"","background-media":"","overlay-type":"","overlay-color":"","overlay-opacity":"","overlay-gradient":""},"mobile":{"background-color":"var(--ast-global-color-5)","background-image":"","background-repeat":"repeat","background-position":"center center","background-size":"auto","background-attachment":"scroll","background-type":"","background-media":"","overlay-type":"","overlay-color":"","overlay-opacity":"","overlay-gradient":""}}},"product_brand":[],"product_cat":[93],"product_tag":[],"class_list":{"0":"post-65231","1":"product","2":"type-product","3":"status-publish","4":"has-post-thumbnail","6":"product_cat-book-style-boxes","7":"desktop-align-left","8":"tablet-align-left","9":"mobile-align-left","10":"ast-product-gallery-layout-horizontal","11":"ast-product-tabs-layout-horizontal","13":"first","14":"instock","15":"product-type-simple"},"_links":{"self":[{"href":"https:\/\/reanpackaging.com\/sv\/wp-json\/wp\/v2\/product\/65231","targetHints":{"allow":["GET"]}}],"collection":[{"href":"https:\/\/reanpackaging.com\/sv\/wp-json\/wp\/v2\/product"}],"about":[{"href":"https:\/\/reanpackaging.com\/sv\/wp-json\/wp\/v2\/types\/product"}],"wp:featuredmedia":[{"embeddable":true,"href":"https:\/\/reanpackaging.com\/sv\/wp-json\/wp\/v2\/media\/65133"}],"wp:attachment":[{"href":"https:\/\/reanpackaging.com\/sv\/wp-json\/wp\/v2\/media?parent=65231"}],"wp:term":[{"taxonomy":"product_brand","embeddable":true,"href":"https:\/\/reanpackaging.com\/sv\/wp-json\/wp\/v2\/product_brand?post=65231"},{"taxonomy":"product_cat","embeddable":true,"href":"https:\/\/reanpackaging.com\/sv\/wp-json\/wp\/v2\/product_cat?post=65231"},{"taxonomy":"product_tag","embeddable":true,"href":"https:\/\/reanpackaging.com\/sv\/wp-json\/wp\/v2\/product_tag?post=65231"}],"curies":[{"name":"wp","href":"https:\/\/api.w.org\/{rel}","templated":true}]}}