{"id":65254,"date":"2025-02-13T10:48:11","date_gmt":"2025-02-13T10:48:11","guid":{"rendered":"https:\/\/reanpackaging.com\/product\/recyclable-custom-logo-printing-rigid-personalized-magnetic-lid-decorative-book-boxes-with-eva-insert\/"},"modified":"2025-02-13T10:48:43","modified_gmt":"2025-02-13T10:48:43","slug":"recyclable-custom-logo-printing-rigid-personalized-magnetic-lid-decorative-book-boxes-with-eva-insert","status":"publish","type":"product","link":"https:\/\/reanpackaging.com\/sv\/produkt\/recyclable-custom-logo-printing-rigid-personalized-magnetic-lid-decorative-book-boxes-with-eva-insert\/","title":{"rendered":"\u00c5tervinningsbart tryck med anpassad logotyp Styv Personligt magnetiskt lock Dekorativa bokl\u00e5dor med Eva-insats"},"content":{"rendered":"<h4>Branschspecifika attribut<\/h4>\n<table border=\"1\">\n<tr>\n<td><strong>Industriell anv\u00e4ndning<\/strong><\/td>\n<td>Skor &amp; kl\u00e4der<\/td>\n<\/tr>\n<tr>\n<td><strong>Typ av papper<\/strong><\/td>\n<td>Korrugerad kartong<\/td>\n<\/tr>\n<tr>\n<td><strong>Funktion<\/strong><\/td>\n<td>\u00c5tervinningsbar<\/td>\n<\/tr>\n<tr>\n<td><strong>typ av l\u00e5da<\/strong><\/td>\n<td>Styva l\u00e5dor<\/td>\n<\/tr>\n<\/table>\n<h4>\u00d6vriga attribut<\/h4>\n<table border=\"1\">\n<tr>\n<td><strong>Form<\/strong><\/td>\n<td>Anpassad annan form<\/td>\n<\/tr>\n<tr>\n<td><strong>Tryckning Hantering<\/strong><\/td>\n<td>Pr\u00e4gling, glansig laminering, matt laminering, st\u00e4mpling, UV-bel\u00e4ggning, lackering, \u00f6vrigt<\/td>\n<\/tr>\n<tr>\n<td><strong>Anpassad best\u00e4llning<\/strong><\/td>\n<td>Acceptera<\/td>\n<\/tr>\n<tr>\n<td><strong>Tryck av logotyp<\/strong><\/td>\n<td>Anpassad logotyp<\/td>\n<\/tr>\n<tr>\n<td><strong>Tillbeh\u00f6r<\/strong><\/td>\n<td>Magnetisk st\u00e4ngning<\/td>\n<\/tr>\n<tr>\n<td><strong>Typ av foder<\/strong><\/td>\n<td>Papperskarta<\/td>\n<\/tr>\n<tr>\n<td><strong>F\u00f6rem\u00e5l<\/strong><\/td>\n<td>Bokformad presentask<\/td>\n<\/tr>\n<tr>\n<td><strong>Material<\/strong><\/td>\n<td>wellpapp, B- eller E-fl\u00f6jel, vitt, gult kraftpapper<\/td>\n<\/tr>\n<tr>\n<td><strong>Tryckteknik<\/strong><\/td>\n<td>Offsettryck<\/td>\n<\/tr>\n<tr>\n<td><strong>Ytbehandling<\/strong><\/td>\n<td>pr\u00e4gling, varmst\u00e4mpling, matt eller glansig laminering<\/td>\n<\/tr>\n<tr>\n<td><strong>Storlek<\/strong><\/td>\n<td>alla storlekar och former \u00e4r tillg\u00e4ngliga<\/td>\n<\/tr>\n<tr>\n<td><strong>F\u00e4rg<\/strong><\/td>\n<td>CMYK enligt pantone eller enligt kundens \u00f6nskem\u00e5l<\/td>\n<\/tr>\n<tr>\n<td><strong>format f\u00f6r illustrationer<\/strong><\/td>\n<td>PDF, CDR, AI, ETC \u00e4r v\u00e4lkomna.<\/td>\n<\/tr>\n<tr>\n<td><strong>Prov<\/strong><\/td>\n<td>1 vecka<\/td>\n<\/tr>\n<tr>\n<td><strong>Ledtid f\u00f6r produktion<\/strong><\/td>\n<td>Ledtid f\u00f6r produktion<\/td>\n<\/tr>\n<tr>\n<td><strong>MOQ<\/strong><\/td>\n<td>500 st<\/td>\n<\/tr>\n<\/table>\n<p><img decoding=\"async\" class=\"detail-desc-decorate-image\" src=\"https:\/\/reanpackaging.com\/wp-content\/uploads\/2025\/02\/1-description-Recyclable-Custom-Logo-Printing-Rigid-Personalized-Magnetic-Lid-Decorative-Book-Boxes-With-Eva-Insert.jpg\" slate-data-type=\"image\" style=\"max-width: 100%; height: auto; display: block; margin: 0 auto;\"><br \/>\n<img decoding=\"async\" class=\"detail-desc-decorate-image\" src=\"https:\/\/reanpackaging.com\/wp-content\/uploads\/2025\/02\/2-description-Recyclable-Custom-Logo-Printing-Rigid-Personalized-Magnetic-Lid-Decorative-Book-Boxes-With-Eva-Insert.jpg\" slate-data-type=\"image\" style=\"max-width: 100%; height: auto; display: block; margin: 0 auto;\"><br \/>\n<img decoding=\"async\" class=\"detail-desc-decorate-image\" src=\"https:\/\/reanpackaging.com\/wp-content\/uploads\/2025\/02\/3-description-Recyclable-Custom-Logo-Printing-Rigid-Personalized-Magnetic-Lid-Decorative-Book-Boxes-With-Eva-Insert.jpg\" slate-data-type=\"image\" style=\"max-width: 100%; height: auto; display: block; margin: 0 auto;\"><\/p>","protected":false},"excerpt":{"rendered":"<p>Industry-Specific Attributes Industrial Use Shoes &#038; clothing Paper Type Corrugated Board Feature Recyclable box type Rigid Boxes Other Attributes Shape Custom Different Shape Printing Handling Embossing, Glossy Lamination, Matt Lamination, Stamping, UV Coating, Varnishing, Other Custom Order Accept Logo printing Custom Logo Accessories Magnetic closure Liner type Paperboard Item Book Shaped Gift Box Material corrugated [&hellip;]<\/p>\n","protected":false},"featured_media":65100,"template":"","meta":{"_seopress_robots_primary_cat":"","_seopress_titles_title":"","_seopress_titles_desc":"","_seopress_robots_index":"","site-sidebar-layout":"default","site-content-layout":"","ast-site-content-layout":"default","site-content-style":"default","site-sidebar-style":"default","ast-global-header-display":"","ast-banner-title-visibility":"","ast-main-header-display":"","ast-hfb-above-header-display":"","ast-hfb-below-header-display":"","ast-hfb-mobile-header-display":"","site-post-title":"","ast-breadcrumbs-content":"","ast-featured-img":"","footer-sml-layout":"","ast-disable-related-posts":"","theme-transparent-header-meta":"","adv-header-id-meta":"","stick-header-meta":"","header-above-stick-meta":"","header-main-stick-meta":"","header-below-stick-meta":"","astra-migrate-meta-layouts":"default","ast-page-background-enabled":"default","ast-page-background-meta":{"desktop":{"background-color":"","background-image":"","background-repeat":"repeat","background-position":"center center","background-size":"auto","background-attachment":"scroll","background-type":"","background-media":"","overlay-type":"","overlay-color":"","overlay-opacity":"","overlay-gradient":""},"tablet":{"background-color":"","background-image":"","background-repeat":"repeat","background-position":"center center","background-size":"auto","background-attachment":"scroll","background-type":"","background-media":"","overlay-type":"","overlay-color":"","overlay-opacity":"","overlay-gradient":""},"mobile":{"background-color":"","background-image":"","background-repeat":"repeat","background-position":"center center","background-size":"auto","background-attachment":"scroll","background-type":"","background-media":"","overlay-type":"","overlay-color":"","overlay-opacity":"","overlay-gradient":""}},"ast-content-background-meta":{"desktop":{"background-color":"var(--ast-global-color-5)","background-image":"","background-repeat":"repeat","background-position":"center center","background-size":"auto","background-attachment":"scroll","background-type":"","background-media":"","overlay-type":"","overlay-color":"","overlay-opacity":"","overlay-gradient":""},"tablet":{"background-color":"var(--ast-global-color-5)","background-image":"","background-repeat":"repeat","background-position":"center center","background-size":"auto","background-attachment":"scroll","background-type":"","background-media":"","overlay-type":"","overlay-color":"","overlay-opacity":"","overlay-gradient":""},"mobile":{"background-color":"var(--ast-global-color-5)","background-image":"","background-repeat":"repeat","background-position":"center center","background-size":"auto","background-attachment":"scroll","background-type":"","background-media":"","overlay-type":"","overlay-color":"","overlay-opacity":"","overlay-gradient":""}}},"product_brand":[],"product_cat":[93],"product_tag":[],"class_list":{"0":"post-65254","1":"product","2":"type-product","3":"status-publish","4":"has-post-thumbnail","6":"product_cat-book-style-boxes","7":"desktop-align-left","8":"tablet-align-left","9":"mobile-align-left","10":"ast-product-gallery-layout-horizontal","11":"ast-product-tabs-layout-horizontal","13":"first","14":"instock","15":"product-type-simple"},"_links":{"self":[{"href":"https:\/\/reanpackaging.com\/sv\/wp-json\/wp\/v2\/product\/65254","targetHints":{"allow":["GET"]}}],"collection":[{"href":"https:\/\/reanpackaging.com\/sv\/wp-json\/wp\/v2\/product"}],"about":[{"href":"https:\/\/reanpackaging.com\/sv\/wp-json\/wp\/v2\/types\/product"}],"wp:featuredmedia":[{"embeddable":true,"href":"https:\/\/reanpackaging.com\/sv\/wp-json\/wp\/v2\/media\/65100"}],"wp:attachment":[{"href":"https:\/\/reanpackaging.com\/sv\/wp-json\/wp\/v2\/media?parent=65254"}],"wp:term":[{"taxonomy":"product_brand","embeddable":true,"href":"https:\/\/reanpackaging.com\/sv\/wp-json\/wp\/v2\/product_brand?post=65254"},{"taxonomy":"product_cat","embeddable":true,"href":"https:\/\/reanpackaging.com\/sv\/wp-json\/wp\/v2\/product_cat?post=65254"},{"taxonomy":"product_tag","embeddable":true,"href":"https:\/\/reanpackaging.com\/sv\/wp-json\/wp\/v2\/product_tag?post=65254"}],"curies":[{"name":"wp","href":"https:\/\/api.w.org\/{rel}","templated":true}]}}