{"id":6908,"date":"2023-09-21T13:22:09","date_gmt":"2023-09-21T13:22:09","guid":{"rendered":"http:\/\/ibn.wyd.mybluehost.me\/reanpackaging.com\/product\/honeycomb-packaging-wrap-kraft-paper-honeycomb-paper-wrap-cushioning-eco-friendly-bubble-cushion-wrap\/"},"modified":"2024-10-01T16:58:42","modified_gmt":"2024-10-01T16:58:42","slug":"honeycomb-packaging-wrap-kraft-paper-honeycomb-paper-wrap-cushioning-eco-friendly-bubble-cushion-wrap","status":"publish","type":"product","link":"https:\/\/reanpackaging.com\/sv\/produkt\/honeycomb-forpackningsfolie-kraftpapper-honeycomb-pappersfolie-dampning-miljovanlig-bubbla-kudde-wrap\/","title":{"rendered":"Honeycomb Packaging Wrap Kraft Paper Honeycomb Paper Wrap D\u00e4mpning Eco Friendly Bubble Cushion Wrap"},"content":{"rendered":"<h4>Branschspecifika attribut<\/h4>\n<table border=\"1\">\n<tbody>\n<tr>\n<td><strong>Industriell anv\u00e4ndning<\/strong><\/td>\n<td>G\u00e5vor &amp; hantverk<\/td>\n<\/tr>\n<tr>\n<td><strong>Typ av papper<\/strong><\/td>\n<td>Hantverkspapper<\/td>\n<\/tr>\n<tr>\n<td><strong>Funktion<\/strong><\/td>\n<td>\u00c5tervunna material<\/td>\n<\/tr>\n<\/tbody>\n<\/table>\n<h4>\u00d6vriga attribut<\/h4>\n<table border=\"1\">\n<tbody>\n<tr>\n<td><strong>Massamaterial<\/strong><\/td>\n<td>Tr\u00e4massa<\/td>\n<\/tr>\n<tr>\n<td><strong>Pulp-stil<\/strong><\/td>\n<td>Jungfru<\/td>\n<\/tr>\n<tr>\n<td><strong>Typ av massatillverkning<\/strong><\/td>\n<td>Kemisk massa<\/td>\n<\/tr>\n<tr>\n<td><strong>Ursprungsort<\/strong><\/td>\n<td>Kina<\/td>\n<\/tr>\n<tr>\n<td><strong>Varum\u00e4rke<\/strong><\/td>\n<td>Xinxiangyang pack<\/td>\n<\/tr>\n<tr>\n<td><strong>Modellnummer<\/strong><\/td>\n<td>HP50080250<\/td>\n<\/tr>\n<tr>\n<td><strong>Bel\u00e4ggning<\/strong><\/td>\n<td>Obelagd<\/td>\n<\/tr>\n<tr>\n<td><strong>Kompatibel utskrift<\/strong><\/td>\n<td>Offsettryck<\/td>\n<\/tr>\n<tr>\n<td><strong>Anpassad best\u00e4llning<\/strong><\/td>\n<td>Acceptera<\/td>\n<\/tr>\n<tr>\n<td><strong>Anv\u00e4ndning<\/strong><\/td>\n<td>Presentpapper<\/td>\n<\/tr>\n<tr>\n<td><strong>Produktens namn<\/strong><\/td>\n<td>Omslagspapper<\/td>\n<\/tr>\n<tr>\n<td><strong>Anv\u00e4ndning<\/strong><\/td>\n<td>Och s\u00e5 vidare F\u00f6rpackningar<\/td>\n<\/tr>\n<tr>\n<td><strong>Nyckelord<\/strong><\/td>\n<td>Inslagningspapper med egen logotyp<\/td>\n<\/tr>\n<tr>\n<td><strong>Till\u00e4mpning<\/strong><\/td>\n<td>Produkter F\u00f6rpackning<\/td>\n<\/tr>\n<tr>\n<td><strong>Material<\/strong><\/td>\n<td>100% jungfrulig massa<\/td>\n<\/tr>\n<tr>\n<td><strong>MOQ<\/strong><\/td>\n<td>1 rulle<\/td>\n<\/tr>\n<tr>\n<td><strong>Artikelns namn<\/strong><\/td>\n<td>Omslagspapper Tissue<\/td>\n<\/tr>\n<tr>\n<td><strong>Viktiga ord<\/strong><\/td>\n<td>Jumbo-rullar<\/td>\n<\/tr>\n<\/tbody>\n<\/table>\n<p><img fetchpriority=\"high\" decoding=\"async\" class=\"alignnone  wp-image-6971\" src=\"http:\/\/ibn.wyd.mybluehost.me\/reanpackaging.com\/wp-content\/uploads\/2023\/09\/a-description-Honeycomb-Packaging-Wrap-Kraft-Paper-Honeycomb-Paper-Wrap-Cushioning-Eco-Friendly-Bubble-Cushion-Wrap-300x248.jpg\" alt=\"honeycomb f\u00f6rpackningsfolie kraftpapper honeycomb pappersfolie d\u00e4mpning milj\u00f6v\u00e4nlig bubbla kudde wrap\" width=\"1303\" height=\"1077\" srcset=\"https:\/\/reanpackaging.com\/wp-content\/uploads\/2023\/09\/a-description-Honeycomb-Packaging-Wrap-Kraft-Paper-Honeycomb-Paper-Wrap-Cushioning-Eco-Friendly-Bubble-Cushion-Wrap-300x248.jpg 300w, https:\/\/reanpackaging.com\/wp-content\/uploads\/2023\/09\/a-description-Honeycomb-Packaging-Wrap-Kraft-Paper-Honeycomb-Paper-Wrap-Cushioning-Eco-Friendly-Bubble-Cushion-Wrap-768x635.jpg 768w, https:\/\/reanpackaging.com\/wp-content\/uploads\/2023\/09\/a-description-Honeycomb-Packaging-Wrap-Kraft-Paper-Honeycomb-Paper-Wrap-Cushioning-Eco-Friendly-Bubble-Cushion-Wrap-600x496.jpg 600w, https:\/\/reanpackaging.com\/wp-content\/uploads\/2023\/09\/a-description-Honeycomb-Packaging-Wrap-Kraft-Paper-Honeycomb-Paper-Wrap-Cushioning-Eco-Friendly-Bubble-Cushion-Wrap.jpg 1000w\" sizes=\"(max-width: 1303px) 100vw, 1303px\" \/><\/p>\n<p><img decoding=\"async\" class=\"alignnone  wp-image-6973\" src=\"http:\/\/ibn.wyd.mybluehost.me\/reanpackaging.com\/wp-content\/uploads\/2023\/09\/b-description-Honeycomb-Packaging-Wrap-Kraft-Paper-Honeycomb-Paper-Wrap-Cushioning-Eco-Friendly-Bubble-Cushion-Wrap-300x300.jpg\" alt=\"honeycomb f\u00f6rpackningsfolie kraftpapper honeycomb pappersfolie d\u00e4mpning milj\u00f6v\u00e4nlig bubbla kudde wrap\" width=\"1302\" height=\"1302\" srcset=\"https:\/\/reanpackaging.com\/wp-content\/uploads\/2023\/09\/b-description-Honeycomb-Packaging-Wrap-Kraft-Paper-Honeycomb-Paper-Wrap-Cushioning-Eco-Friendly-Bubble-Cushion-Wrap-300x300.jpg 300w, https:\/\/reanpackaging.com\/wp-content\/uploads\/2023\/09\/b-description-Honeycomb-Packaging-Wrap-Kraft-Paper-Honeycomb-Paper-Wrap-Cushioning-Eco-Friendly-Bubble-Cushion-Wrap-150x150.jpg 150w, https:\/\/reanpackaging.com\/wp-content\/uploads\/2023\/09\/b-description-Honeycomb-Packaging-Wrap-Kraft-Paper-Honeycomb-Paper-Wrap-Cushioning-Eco-Friendly-Bubble-Cushion-Wrap-768x768.jpg 768w, https:\/\/reanpackaging.com\/wp-content\/uploads\/2023\/09\/b-description-Honeycomb-Packaging-Wrap-Kraft-Paper-Honeycomb-Paper-Wrap-Cushioning-Eco-Friendly-Bubble-Cushion-Wrap-600x600.jpg 600w, https:\/\/reanpackaging.com\/wp-content\/uploads\/2023\/09\/b-description-Honeycomb-Packaging-Wrap-Kraft-Paper-Honeycomb-Paper-Wrap-Cushioning-Eco-Friendly-Bubble-Cushion-Wrap-100x100.jpg 100w, https:\/\/reanpackaging.com\/wp-content\/uploads\/2023\/09\/b-description-Honeycomb-Packaging-Wrap-Kraft-Paper-Honeycomb-Paper-Wrap-Cushioning-Eco-Friendly-Bubble-Cushion-Wrap.jpg 1000w\" sizes=\"(max-width: 1302px) 100vw, 1302px\" \/><\/p>\n<p><img decoding=\"async\" class=\"alignnone  wp-image-6975\" src=\"http:\/\/ibn.wyd.mybluehost.me\/reanpackaging.com\/wp-content\/uploads\/2023\/09\/c-description-Honeycomb-Packaging-Wrap-Kraft-Paper-Honeycomb-Paper-Wrap-Cushioning-Eco-Friendly-Bubble-Cushion-Wrap-300x300.jpg\" alt=\"honeycomb f\u00f6rpackningsfolie kraftpapper honeycomb pappersfolie d\u00e4mpning milj\u00f6v\u00e4nlig bubbla kudde wrap\" width=\"1301\" height=\"1301\" srcset=\"https:\/\/reanpackaging.com\/wp-content\/uploads\/2023\/09\/c-description-Honeycomb-Packaging-Wrap-Kraft-Paper-Honeycomb-Paper-Wrap-Cushioning-Eco-Friendly-Bubble-Cushion-Wrap-300x300.jpg 300w, https:\/\/reanpackaging.com\/wp-content\/uploads\/2023\/09\/c-description-Honeycomb-Packaging-Wrap-Kraft-Paper-Honeycomb-Paper-Wrap-Cushioning-Eco-Friendly-Bubble-Cushion-Wrap-150x150.jpg 150w, https:\/\/reanpackaging.com\/wp-content\/uploads\/2023\/09\/c-description-Honeycomb-Packaging-Wrap-Kraft-Paper-Honeycomb-Paper-Wrap-Cushioning-Eco-Friendly-Bubble-Cushion-Wrap-768x768.jpg 768w, https:\/\/reanpackaging.com\/wp-content\/uploads\/2023\/09\/c-description-Honeycomb-Packaging-Wrap-Kraft-Paper-Honeycomb-Paper-Wrap-Cushioning-Eco-Friendly-Bubble-Cushion-Wrap-600x600.jpg 600w, https:\/\/reanpackaging.com\/wp-content\/uploads\/2023\/09\/c-description-Honeycomb-Packaging-Wrap-Kraft-Paper-Honeycomb-Paper-Wrap-Cushioning-Eco-Friendly-Bubble-Cushion-Wrap-100x100.jpg 100w, https:\/\/reanpackaging.com\/wp-content\/uploads\/2023\/09\/c-description-Honeycomb-Packaging-Wrap-Kraft-Paper-Honeycomb-Paper-Wrap-Cushioning-Eco-Friendly-Bubble-Cushion-Wrap.jpg 1000w\" sizes=\"(max-width: 1301px) 100vw, 1301px\" \/><\/p>\n<p><img loading=\"lazy\" decoding=\"async\" class=\"alignnone  wp-image-6976\" src=\"http:\/\/ibn.wyd.mybluehost.me\/reanpackaging.com\/wp-content\/uploads\/2023\/09\/d-description-Honeycomb-Packaging-Wrap-Kraft-Paper-Honeycomb-Paper-Wrap-Cushioning-Eco-Friendly-Bubble-Cushion-Wrap-300x300.jpg\" alt=\"honeycomb f\u00f6rpackningsfolie kraftpapper honeycomb pappersfolie d\u00e4mpning milj\u00f6v\u00e4nlig bubbla kudde wrap\" width=\"1301\" height=\"1301\" srcset=\"https:\/\/reanpackaging.com\/wp-content\/uploads\/2023\/09\/d-description-Honeycomb-Packaging-Wrap-Kraft-Paper-Honeycomb-Paper-Wrap-Cushioning-Eco-Friendly-Bubble-Cushion-Wrap-300x300.jpg 300w, https:\/\/reanpackaging.com\/wp-content\/uploads\/2023\/09\/d-description-Honeycomb-Packaging-Wrap-Kraft-Paper-Honeycomb-Paper-Wrap-Cushioning-Eco-Friendly-Bubble-Cushion-Wrap-150x150.jpg 150w, https:\/\/reanpackaging.com\/wp-content\/uploads\/2023\/09\/d-description-Honeycomb-Packaging-Wrap-Kraft-Paper-Honeycomb-Paper-Wrap-Cushioning-Eco-Friendly-Bubble-Cushion-Wrap-768x768.jpg 768w, https:\/\/reanpackaging.com\/wp-content\/uploads\/2023\/09\/d-description-Honeycomb-Packaging-Wrap-Kraft-Paper-Honeycomb-Paper-Wrap-Cushioning-Eco-Friendly-Bubble-Cushion-Wrap-600x600.jpg 600w, https:\/\/reanpackaging.com\/wp-content\/uploads\/2023\/09\/d-description-Honeycomb-Packaging-Wrap-Kraft-Paper-Honeycomb-Paper-Wrap-Cushioning-Eco-Friendly-Bubble-Cushion-Wrap-100x100.jpg 100w, https:\/\/reanpackaging.com\/wp-content\/uploads\/2023\/09\/d-description-Honeycomb-Packaging-Wrap-Kraft-Paper-Honeycomb-Paper-Wrap-Cushioning-Eco-Friendly-Bubble-Cushion-Wrap.jpg 1000w\" sizes=\"(max-width: 1301px) 100vw, 1301px\" \/><\/p>\n<p><img loading=\"lazy\" decoding=\"async\" class=\"alignnone  wp-image-6977\" src=\"http:\/\/ibn.wyd.mybluehost.me\/reanpackaging.com\/wp-content\/uploads\/2023\/09\/e-description-Honeycomb-Packaging-Wrap-Kraft-Paper-Honeycomb-Paper-Wrap-Cushioning-Eco-Friendly-Bubble-Cushion-Wrap-300x300.jpg\" alt=\"honeycomb f\u00f6rpackningsfolie kraftpapper honeycomb pappersfolie d\u00e4mpning milj\u00f6v\u00e4nlig bubbla kudde wrap\" width=\"1303\" height=\"1303\" srcset=\"https:\/\/reanpackaging.com\/wp-content\/uploads\/2023\/09\/e-description-Honeycomb-Packaging-Wrap-Kraft-Paper-Honeycomb-Paper-Wrap-Cushioning-Eco-Friendly-Bubble-Cushion-Wrap-300x300.jpg 300w, https:\/\/reanpackaging.com\/wp-content\/uploads\/2023\/09\/e-description-Honeycomb-Packaging-Wrap-Kraft-Paper-Honeycomb-Paper-Wrap-Cushioning-Eco-Friendly-Bubble-Cushion-Wrap-150x150.jpg 150w, https:\/\/reanpackaging.com\/wp-content\/uploads\/2023\/09\/e-description-Honeycomb-Packaging-Wrap-Kraft-Paper-Honeycomb-Paper-Wrap-Cushioning-Eco-Friendly-Bubble-Cushion-Wrap-768x768.jpg 768w, https:\/\/reanpackaging.com\/wp-content\/uploads\/2023\/09\/e-description-Honeycomb-Packaging-Wrap-Kraft-Paper-Honeycomb-Paper-Wrap-Cushioning-Eco-Friendly-Bubble-Cushion-Wrap-600x600.jpg 600w, https:\/\/reanpackaging.com\/wp-content\/uploads\/2023\/09\/e-description-Honeycomb-Packaging-Wrap-Kraft-Paper-Honeycomb-Paper-Wrap-Cushioning-Eco-Friendly-Bubble-Cushion-Wrap-100x100.jpg 100w, https:\/\/reanpackaging.com\/wp-content\/uploads\/2023\/09\/e-description-Honeycomb-Packaging-Wrap-Kraft-Paper-Honeycomb-Paper-Wrap-Cushioning-Eco-Friendly-Bubble-Cushion-Wrap.jpg 1000w\" sizes=\"(max-width: 1303px) 100vw, 1303px\" \/><\/p>\n<p><img loading=\"lazy\" decoding=\"async\" class=\"alignnone  wp-image-6979\" src=\"http:\/\/ibn.wyd.mybluehost.me\/reanpackaging.com\/wp-content\/uploads\/2023\/09\/f-description-Honeycomb-Packaging-Wrap-Kraft-Paper-Honeycomb-Paper-Wrap-Cushioning-Eco-Friendly-Bubble-Cushion-Wrap-300x300.jpg\" alt=\"honeycomb f\u00f6rpackningsfolie kraftpapper honeycomb pappersfolie d\u00e4mpning milj\u00f6v\u00e4nlig bubbla kudde wrap\" width=\"1274\" height=\"1274\" srcset=\"https:\/\/reanpackaging.com\/wp-content\/uploads\/2023\/09\/f-description-Honeycomb-Packaging-Wrap-Kraft-Paper-Honeycomb-Paper-Wrap-Cushioning-Eco-Friendly-Bubble-Cushion-Wrap-300x300.jpg 300w, https:\/\/reanpackaging.com\/wp-content\/uploads\/2023\/09\/f-description-Honeycomb-Packaging-Wrap-Kraft-Paper-Honeycomb-Paper-Wrap-Cushioning-Eco-Friendly-Bubble-Cushion-Wrap-150x150.jpg 150w, https:\/\/reanpackaging.com\/wp-content\/uploads\/2023\/09\/f-description-Honeycomb-Packaging-Wrap-Kraft-Paper-Honeycomb-Paper-Wrap-Cushioning-Eco-Friendly-Bubble-Cushion-Wrap-768x768.jpg 768w, https:\/\/reanpackaging.com\/wp-content\/uploads\/2023\/09\/f-description-Honeycomb-Packaging-Wrap-Kraft-Paper-Honeycomb-Paper-Wrap-Cushioning-Eco-Friendly-Bubble-Cushion-Wrap-600x600.jpg 600w, https:\/\/reanpackaging.com\/wp-content\/uploads\/2023\/09\/f-description-Honeycomb-Packaging-Wrap-Kraft-Paper-Honeycomb-Paper-Wrap-Cushioning-Eco-Friendly-Bubble-Cushion-Wrap-100x100.jpg 100w, https:\/\/reanpackaging.com\/wp-content\/uploads\/2023\/09\/f-description-Honeycomb-Packaging-Wrap-Kraft-Paper-Honeycomb-Paper-Wrap-Cushioning-Eco-Friendly-Bubble-Cushion-Wrap.jpg 1000w\" sizes=\"(max-width: 1274px) 100vw, 1274px\" \/><\/p>\n<p><img loading=\"lazy\" decoding=\"async\" class=\"alignnone  wp-image-6981\" src=\"http:\/\/ibn.wyd.mybluehost.me\/reanpackaging.com\/wp-content\/uploads\/2023\/09\/g-description-Honeycomb-Packaging-Wrap-Kraft-Paper-Honeycomb-Paper-Wrap-Cushioning-Eco-Friendly-Bubble-Cushion-Wrap-300x300.jpg\" alt=\"honeycomb f\u00f6rpackningsfolie kraftpapper honeycomb pappersfolie d\u00e4mpning milj\u00f6v\u00e4nlig bubbla kudde wrap\" width=\"1272\" height=\"1272\" srcset=\"https:\/\/reanpackaging.com\/wp-content\/uploads\/2023\/09\/g-description-Honeycomb-Packaging-Wrap-Kraft-Paper-Honeycomb-Paper-Wrap-Cushioning-Eco-Friendly-Bubble-Cushion-Wrap-300x300.jpg 300w, https:\/\/reanpackaging.com\/wp-content\/uploads\/2023\/09\/g-description-Honeycomb-Packaging-Wrap-Kraft-Paper-Honeycomb-Paper-Wrap-Cushioning-Eco-Friendly-Bubble-Cushion-Wrap-150x150.jpg 150w, https:\/\/reanpackaging.com\/wp-content\/uploads\/2023\/09\/g-description-Honeycomb-Packaging-Wrap-Kraft-Paper-Honeycomb-Paper-Wrap-Cushioning-Eco-Friendly-Bubble-Cushion-Wrap-768x768.jpg 768w, https:\/\/reanpackaging.com\/wp-content\/uploads\/2023\/09\/g-description-Honeycomb-Packaging-Wrap-Kraft-Paper-Honeycomb-Paper-Wrap-Cushioning-Eco-Friendly-Bubble-Cushion-Wrap-600x600.jpg 600w, https:\/\/reanpackaging.com\/wp-content\/uploads\/2023\/09\/g-description-Honeycomb-Packaging-Wrap-Kraft-Paper-Honeycomb-Paper-Wrap-Cushioning-Eco-Friendly-Bubble-Cushion-Wrap-100x100.jpg 100w, https:\/\/reanpackaging.com\/wp-content\/uploads\/2023\/09\/g-description-Honeycomb-Packaging-Wrap-Kraft-Paper-Honeycomb-Paper-Wrap-Cushioning-Eco-Friendly-Bubble-Cushion-Wrap.jpg 1000w\" sizes=\"(max-width: 1272px) 100vw, 1272px\" \/><\/p>\n<p><img loading=\"lazy\" decoding=\"async\" class=\"alignnone  wp-image-6983\" src=\"http:\/\/ibn.wyd.mybluehost.me\/reanpackaging.com\/wp-content\/uploads\/2023\/09\/h-description-Honeycomb-Packaging-Wrap-Kraft-Paper-Honeycomb-Paper-Wrap-Cushioning-Eco-Friendly-Bubble-Cushion-Wrap-300x300.jpg\" alt=\"honeycomb f\u00f6rpackningsfolie kraftpapper honeycomb pappersfolie d\u00e4mpning milj\u00f6v\u00e4nlig bubbla kudde wrap\" width=\"1272\" height=\"1272\" srcset=\"https:\/\/reanpackaging.com\/wp-content\/uploads\/2023\/09\/h-description-Honeycomb-Packaging-Wrap-Kraft-Paper-Honeycomb-Paper-Wrap-Cushioning-Eco-Friendly-Bubble-Cushion-Wrap-300x300.jpg 300w, https:\/\/reanpackaging.com\/wp-content\/uploads\/2023\/09\/h-description-Honeycomb-Packaging-Wrap-Kraft-Paper-Honeycomb-Paper-Wrap-Cushioning-Eco-Friendly-Bubble-Cushion-Wrap-150x150.jpg 150w, https:\/\/reanpackaging.com\/wp-content\/uploads\/2023\/09\/h-description-Honeycomb-Packaging-Wrap-Kraft-Paper-Honeycomb-Paper-Wrap-Cushioning-Eco-Friendly-Bubble-Cushion-Wrap-768x768.jpg 768w, https:\/\/reanpackaging.com\/wp-content\/uploads\/2023\/09\/h-description-Honeycomb-Packaging-Wrap-Kraft-Paper-Honeycomb-Paper-Wrap-Cushioning-Eco-Friendly-Bubble-Cushion-Wrap-600x600.jpg 600w, https:\/\/reanpackaging.com\/wp-content\/uploads\/2023\/09\/h-description-Honeycomb-Packaging-Wrap-Kraft-Paper-Honeycomb-Paper-Wrap-Cushioning-Eco-Friendly-Bubble-Cushion-Wrap-100x100.jpg 100w, https:\/\/reanpackaging.com\/wp-content\/uploads\/2023\/09\/h-description-Honeycomb-Packaging-Wrap-Kraft-Paper-Honeycomb-Paper-Wrap-Cushioning-Eco-Friendly-Bubble-Cushion-Wrap.jpg 1000w\" sizes=\"(max-width: 1272px) 100vw, 1272px\" \/><\/p>","protected":false},"excerpt":{"rendered":"<p>Industry-Specific Attributes Industrial Use Gift &amp; Craft Paper Type Craft Paper Feature Recycled Materials Other Attributes Pulp Material Wood Pulp Pulp Style Virgin Pulping Type Chemical Pulp Place of Origin China Brand Name Xinxiangyang pack Model Number HP50080250 Coating Uncoated Compatible Printing Offset printing Custom Order Accept Use Gift Wrapping Paper Product name Wrapping Paper [&hellip;]<\/p>\n","protected":false},"featured_media":6816,"template":"","meta":{"_seopress_robots_primary_cat":"none","_seopress_titles_title":"","_seopress_titles_desc":"","_seopress_robots_index":"","site-sidebar-layout":"default","site-content-layout":"default","ast-site-content-layout":"default","site-content-style":"default","site-sidebar-style":"default","ast-global-header-display":"","ast-banner-title-visibility":"","ast-main-header-display":"","ast-hfb-above-header-display":"","ast-hfb-below-header-display":"","ast-hfb-mobile-header-display":"","site-post-title":"","ast-breadcrumbs-content":"","ast-featured-img":"","footer-sml-layout":"","ast-disable-related-posts":"","theme-transparent-header-meta":"default","adv-header-id-meta":"","stick-header-meta":"default","header-above-stick-meta":"","header-main-stick-meta":"","header-below-stick-meta":"","astra-migrate-meta-layouts":"default","ast-page-background-enabled":"default","ast-page-background-meta":{"desktop":{"background-color":"","background-image":"","background-repeat":"repeat","background-position":"center center","background-size":"auto","background-attachment":"scroll","background-type":"","background-media":"","overlay-type":"","overlay-color":"","overlay-opacity":"","overlay-gradient":""},"tablet":{"background-color":"","background-image":"","background-repeat":"repeat","background-position":"center center","background-size":"auto","background-attachment":"scroll","background-type":"","background-media":"","overlay-type":"","overlay-color":"","overlay-opacity":"","overlay-gradient":""},"mobile":{"background-color":"","background-image":"","background-repeat":"repeat","background-position":"center center","background-size":"auto","background-attachment":"scroll","background-type":"","background-media":"","overlay-type":"","overlay-color":"","overlay-opacity":"","overlay-gradient":""}},"ast-content-background-meta":{"desktop":{"background-color":"var(--ast-global-color-5)","background-image":"","background-repeat":"repeat","background-position":"center center","background-size":"auto","background-attachment":"scroll","background-type":"","background-media":"","overlay-type":"","overlay-color":"","overlay-opacity":"","overlay-gradient":""},"tablet":{"background-color":"var(--ast-global-color-5)","background-image":"","background-repeat":"repeat","background-position":"center center","background-size":"auto","background-attachment":"scroll","background-type":"","background-media":"","overlay-type":"","overlay-color":"","overlay-opacity":"","overlay-gradient":""},"mobile":{"background-color":"var(--ast-global-color-5)","background-image":"","background-repeat":"repeat","background-position":"center center","background-size":"auto","background-attachment":"scroll","background-type":"","background-media":"","overlay-type":"","overlay-color":"","overlay-opacity":"","overlay-gradient":""}}},"product_brand":[],"product_cat":[45],"product_tag":[],"class_list":{"0":"post-6908","1":"product","2":"type-product","3":"status-publish","4":"has-post-thumbnail","6":"product_cat-bubble-wrap","7":"desktop-align-left","8":"tablet-align-left","9":"mobile-align-left","10":"ast-product-gallery-layout-horizontal","11":"ast-product-tabs-layout-horizontal","13":"first","14":"instock","15":"purchasable","16":"product-type-simple"},"_links":{"self":[{"href":"https:\/\/reanpackaging.com\/sv\/wp-json\/wp\/v2\/product\/6908","targetHints":{"allow":["GET"]}}],"collection":[{"href":"https:\/\/reanpackaging.com\/sv\/wp-json\/wp\/v2\/product"}],"about":[{"href":"https:\/\/reanpackaging.com\/sv\/wp-json\/wp\/v2\/types\/product"}],"wp:featuredmedia":[{"embeddable":true,"href":"https:\/\/reanpackaging.com\/sv\/wp-json\/wp\/v2\/media\/6816"}],"wp:attachment":[{"href":"https:\/\/reanpackaging.com\/sv\/wp-json\/wp\/v2\/media?parent=6908"}],"wp:term":[{"taxonomy":"product_brand","embeddable":true,"href":"https:\/\/reanpackaging.com\/sv\/wp-json\/wp\/v2\/product_brand?post=6908"},{"taxonomy":"product_cat","embeddable":true,"href":"https:\/\/reanpackaging.com\/sv\/wp-json\/wp\/v2\/product_cat?post=6908"},{"taxonomy":"product_tag","embeddable":true,"href":"https:\/\/reanpackaging.com\/sv\/wp-json\/wp\/v2\/product_tag?post=6908"}],"curies":[{"name":"wp","href":"https:\/\/api.w.org\/{rel}","templated":true}]}}