{"id":6911,"date":"2023-09-21T13:22:09","date_gmt":"2023-09-21T13:22:09","guid":{"rendered":"http:\/\/ibn.wyd.mybluehost.me\/reanpackaging.com\/product\/custom-eco-friendly-recycled-large-shipping-pink-bubble-mailer-poly-wrap-with-logo-design-padded-envelopes-mailing-bags\/"},"modified":"2024-10-01T16:58:44","modified_gmt":"2024-10-01T16:58:44","slug":"custom-eco-friendly-recycled-large-shipping-pink-bubble-mailer-poly-wrap-with-logo-design-padded-envelopes-mailing-bags","status":"publish","type":"product","link":"https:\/\/reanpackaging.com\/sv\/produkt\/anpassad-miljovanlig-atervunnen-stor-frakt-rosa-bubbla-mailer-poly-wrap-med-logotyp-design-vadderade-kuvert-postvaskor\/","title":{"rendered":"Anpassad Milj\u00f6v\u00e4nlig \u00c5tervunnen Stor Frakt Rosa Bubble Mailer Poly Wrap Med Logo Design Vadderade Kuvert Postv\u00e4skor"},"content":{"rendered":"<h4>Branschspecifika attribut<\/h4>\n<table border=\"1\">\n<tbody>\n<tr>\n<td><strong>Material<\/strong><\/td>\n<td>POLY<\/td>\n<\/tr>\n<\/tbody>\n<\/table>\n<h4>\u00d6vriga attribut<\/h4>\n<table border=\"1\">\n<tbody>\n<tr>\n<td><strong>Industriell anv\u00e4ndning<\/strong><\/td>\n<td>Skor &amp; kl\u00e4der<\/td>\n<\/tr>\n<tr>\n<td><strong>Material<\/strong><\/td>\n<td>Poly mailer, PE<\/td>\n<\/tr>\n<tr>\n<td><strong>Produktens namn<\/strong><\/td>\n<td>Postv\u00e4ska f\u00f6r porto<\/td>\n<\/tr>\n<tr>\n<td><strong>Anv\u00e4ndning<\/strong><\/td>\n<td>Skyddsf\u00f6rpackning Leveransf\u00f6rpackning<\/td>\n<\/tr>\n<tr>\n<td><strong>Storlek<\/strong><\/td>\n<td>Anpassad storlek<\/td>\n<\/tr>\n<tr>\n<td><strong>F\u00e4rg<\/strong><\/td>\n<td>Pantone\/CMYK<\/td>\n<\/tr>\n<tr>\n<td><strong>Logotyp<\/strong><\/td>\n<td>Acceptera anpassad logotyp<\/td>\n<\/tr>\n<tr>\n<td><strong>Tjocklek<\/strong><\/td>\n<td>0,1-0,5 mm<\/td>\n<\/tr>\n<tr>\n<td><strong>Tryckning<\/strong><\/td>\n<td>Offset-tryckning<\/td>\n<\/tr>\n<tr>\n<td><strong>Design<\/strong><\/td>\n<td>Tillhandah\u00e5llen tj\u00e4nst<\/td>\n<\/tr>\n<tr>\n<td><strong>MOQ<\/strong><\/td>\n<td>100 st<\/td>\n<\/tr>\n<\/tbody>\n<\/table>\n<p><img fetchpriority=\"high\" decoding=\"async\" class=\"alignnone wp-image-7036\" src=\"http:\/\/ibn.wyd.mybluehost.me\/reanpackaging.com\/wp-content\/uploads\/2023\/09\/a-description-Custom-Eco-Friendly-Recycled-Large-Shipping-Pink-Bubble-Mailer-Poly-Wrap-With-Logo-Design-Padded-Envelopes-Mailing-Bags-1-226x300.jpg\" alt=\"anpassad milj\u00f6v\u00e4nlig \u00e5tervunnen stor frakt rosa bubbla mailer poly wrap med logotyp design vadderade kuvert postv\u00e4skor\" width=\"1301\" height=\"1727\" srcset=\"https:\/\/reanpackaging.com\/wp-content\/uploads\/2023\/09\/a-description-Custom-Eco-Friendly-Recycled-Large-Shipping-Pink-Bubble-Mailer-Poly-Wrap-With-Logo-Design-Padded-Envelopes-Mailing-Bags-1-226x300.jpg 226w, https:\/\/reanpackaging.com\/wp-content\/uploads\/2023\/09\/a-description-Custom-Eco-Friendly-Recycled-Large-Shipping-Pink-Bubble-Mailer-Poly-Wrap-With-Logo-Design-Padded-Envelopes-Mailing-Bags-1-600x795.jpg 600w\" sizes=\"(max-width: 1301px) 100vw, 1301px\" \/><\/p>\n<p>&nbsp;<\/p>\n<p><img decoding=\"async\" class=\"alignnone wp-image-7039\" src=\"http:\/\/ibn.wyd.mybluehost.me\/reanpackaging.com\/wp-content\/uploads\/2023\/09\/c-description-Custom-Eco-Friendly-Recycled-Large-Shipping-Pink-Bubble-Mailer-Poly-Wrap-With-Logo-Design-Padded-Envelopes-Mailing-Bags-1-149x300.jpg\" alt=\"anpassad milj\u00f6v\u00e4nlig \u00e5tervunnen stor frakt rosa bubbla mailer poly wrap med logotyp design vadderade kuvert postv\u00e4skor\" width=\"1291\" height=\"2599\" srcset=\"https:\/\/reanpackaging.com\/wp-content\/uploads\/2023\/09\/c-description-Custom-Eco-Friendly-Recycled-Large-Shipping-Pink-Bubble-Mailer-Poly-Wrap-With-Logo-Design-Padded-Envelopes-Mailing-Bags-1-149x300.jpg 149w, https:\/\/reanpackaging.com\/wp-content\/uploads\/2023\/09\/c-description-Custom-Eco-Friendly-Recycled-Large-Shipping-Pink-Bubble-Mailer-Poly-Wrap-With-Logo-Design-Padded-Envelopes-Mailing-Bags-1-508x1024.jpg 508w, https:\/\/reanpackaging.com\/wp-content\/uploads\/2023\/09\/c-description-Custom-Eco-Friendly-Recycled-Large-Shipping-Pink-Bubble-Mailer-Poly-Wrap-With-Logo-Design-Padded-Envelopes-Mailing-Bags-1-600x1209.jpg 600w, https:\/\/reanpackaging.com\/wp-content\/uploads\/2023\/09\/c-description-Custom-Eco-Friendly-Recycled-Large-Shipping-Pink-Bubble-Mailer-Poly-Wrap-With-Logo-Design-Padded-Envelopes-Mailing-Bags-1.jpg 750w\" sizes=\"(max-width: 1291px) 100vw, 1291px\" \/><\/p>\n<p><img decoding=\"async\" class=\"alignnone wp-image-7040\" src=\"http:\/\/ibn.wyd.mybluehost.me\/reanpackaging.com\/wp-content\/uploads\/2023\/09\/g-description-Custom-Eco-Friendly-Recycled-Large-Shipping-Pink-Bubble-Mailer-Poly-Wrap-With-Logo-Design-Padded-Envelopes-Mailing-Bags-1-156x300.jpg\" alt=\"anpassad milj\u00f6v\u00e4nlig \u00e5tervunnen stor frakt rosa bubbla mailer poly wrap med logotyp design vadderade kuvert postv\u00e4skor\" width=\"1300\" height=\"2500\" srcset=\"https:\/\/reanpackaging.com\/wp-content\/uploads\/2023\/09\/g-description-Custom-Eco-Friendly-Recycled-Large-Shipping-Pink-Bubble-Mailer-Poly-Wrap-With-Logo-Design-Padded-Envelopes-Mailing-Bags-1-156x300.jpg 156w, https:\/\/reanpackaging.com\/wp-content\/uploads\/2023\/09\/g-description-Custom-Eco-Friendly-Recycled-Large-Shipping-Pink-Bubble-Mailer-Poly-Wrap-With-Logo-Design-Padded-Envelopes-Mailing-Bags-1-533x1024.jpg 533w, https:\/\/reanpackaging.com\/wp-content\/uploads\/2023\/09\/g-description-Custom-Eco-Friendly-Recycled-Large-Shipping-Pink-Bubble-Mailer-Poly-Wrap-With-Logo-Design-Padded-Envelopes-Mailing-Bags-1-600x1153.jpg 600w, https:\/\/reanpackaging.com\/wp-content\/uploads\/2023\/09\/g-description-Custom-Eco-Friendly-Recycled-Large-Shipping-Pink-Bubble-Mailer-Poly-Wrap-With-Logo-Design-Padded-Envelopes-Mailing-Bags-1.jpg 750w\" sizes=\"(max-width: 1300px) 100vw, 1300px\" \/><\/p>","protected":false},"excerpt":{"rendered":"<p>Branschspecifika attribut Material POLY Andra attribut Industriell anv\u00e4ndning Skor och kl\u00e4der Material Poly mailer, PE Produktnamn Portop\u00e5se Anv\u00e4ndning Skyddsf\u00f6rpackning Leveranspaket Storlek Anpassad storlek F\u00e4rg Pantone\/CMYK Logotyp Acceptera anpassad logotyp Tjocklek 0,1-0,5 mm Offsettryck Ptinting Design Service Provided MOQ 100st &nbsp;<\/p>","protected":false},"featured_media":6834,"template":"","meta":{"_seopress_robots_primary_cat":"none","_seopress_titles_title":"","_seopress_titles_desc":"","_seopress_robots_index":"","site-sidebar-layout":"default","site-content-layout":"default","ast-site-content-layout":"default","site-content-style":"default","site-sidebar-style":"default","ast-global-header-display":"","ast-banner-title-visibility":"","ast-main-header-display":"","ast-hfb-above-header-display":"","ast-hfb-below-header-display":"","ast-hfb-mobile-header-display":"","site-post-title":"","ast-breadcrumbs-content":"","ast-featured-img":"","footer-sml-layout":"","ast-disable-related-posts":"","theme-transparent-header-meta":"default","adv-header-id-meta":"","stick-header-meta":"default","header-above-stick-meta":"","header-main-stick-meta":"","header-below-stick-meta":"","astra-migrate-meta-layouts":"set","ast-page-background-enabled":"default","ast-page-background-meta":{"desktop":{"background-color":"","background-image":"","background-repeat":"repeat","background-position":"center center","background-size":"auto","background-attachment":"scroll","background-type":"","background-media":"","overlay-type":"","overlay-color":"","overlay-opacity":"","overlay-gradient":""},"tablet":{"background-color":"","background-image":"","background-repeat":"repeat","background-position":"center center","background-size":"auto","background-attachment":"scroll","background-type":"","background-media":"","overlay-type":"","overlay-color":"","overlay-opacity":"","overlay-gradient":""},"mobile":{"background-color":"","background-image":"","background-repeat":"repeat","background-position":"center center","background-size":"auto","background-attachment":"scroll","background-type":"","background-media":"","overlay-type":"","overlay-color":"","overlay-opacity":"","overlay-gradient":""}},"ast-content-background-meta":{"desktop":{"background-color":"var(--ast-global-color-5)","background-image":"","background-repeat":"repeat","background-position":"center center","background-size":"auto","background-attachment":"scroll","background-type":"","background-media":"","overlay-type":"","overlay-color":"","overlay-opacity":"","overlay-gradient":""},"tablet":{"background-color":"var(--ast-global-color-5)","background-image":"","background-repeat":"repeat","background-position":"center center","background-size":"auto","background-attachment":"scroll","background-type":"","background-media":"","overlay-type":"","overlay-color":"","overlay-opacity":"","overlay-gradient":""},"mobile":{"background-color":"var(--ast-global-color-5)","background-image":"","background-repeat":"repeat","background-position":"center center","background-size":"auto","background-attachment":"scroll","background-type":"","background-media":"","overlay-type":"","overlay-color":"","overlay-opacity":"","overlay-gradient":""}}},"product_brand":[],"product_cat":[45],"product_tag":[],"class_list":{"0":"post-6911","1":"product","2":"type-product","3":"status-publish","4":"has-post-thumbnail","6":"product_cat-bubble-wrap","7":"desktop-align-left","8":"tablet-align-left","9":"mobile-align-left","10":"ast-product-gallery-layout-horizontal","11":"ast-product-tabs-layout-horizontal","13":"first","14":"instock","15":"purchasable","16":"product-type-simple"},"_links":{"self":[{"href":"https:\/\/reanpackaging.com\/sv\/wp-json\/wp\/v2\/product\/6911","targetHints":{"allow":["GET"]}}],"collection":[{"href":"https:\/\/reanpackaging.com\/sv\/wp-json\/wp\/v2\/product"}],"about":[{"href":"https:\/\/reanpackaging.com\/sv\/wp-json\/wp\/v2\/types\/product"}],"wp:featuredmedia":[{"embeddable":true,"href":"https:\/\/reanpackaging.com\/sv\/wp-json\/wp\/v2\/media\/6834"}],"wp:attachment":[{"href":"https:\/\/reanpackaging.com\/sv\/wp-json\/wp\/v2\/media?parent=6911"}],"wp:term":[{"taxonomy":"product_brand","embeddable":true,"href":"https:\/\/reanpackaging.com\/sv\/wp-json\/wp\/v2\/product_brand?post=6911"},{"taxonomy":"product_cat","embeddable":true,"href":"https:\/\/reanpackaging.com\/sv\/wp-json\/wp\/v2\/product_cat?post=6911"},{"taxonomy":"product_tag","embeddable":true,"href":"https:\/\/reanpackaging.com\/sv\/wp-json\/wp\/v2\/product_tag?post=6911"}],"curies":[{"name":"wp","href":"https:\/\/api.w.org\/{rel}","templated":true}]}}