{"id":6913,"date":"2023-09-21T13:22:09","date_gmt":"2023-09-21T13:22:09","guid":{"rendered":"http:\/\/ibn.wyd.mybluehost.me\/reanpackaging.com\/product\/gold-aluminum-foil-air-column-bag-air-cushion-wrap-high-quality-pape-air-pack-bags-for-750ml-wine-bottle-protector\/"},"modified":"2024-10-01T16:58:45","modified_gmt":"2024-10-01T16:58:45","slug":"gold-aluminum-foil-air-column-bag-air-cushion-wrap-high-quality-pape-air-pack-bags-for-750ml-wine-bottle-protector","status":"publish","type":"product","link":"https:\/\/reanpackaging.com\/sv\/produkt\/gold-aluminum-foil-air-column-bag-air-cushion-wrap-high-quality-pape-air-pack-bags-for-750ml-wine-bottle-protector\/","title":{"rendered":"Guld aluminiumfolie luftkolonn v\u00e4ska luftkudde wrap h\u00f6g kvalitet Pape luftpaket v\u00e4skor f\u00f6r 750 ml vinflaska skydd"},"content":{"rendered":"<h4>Branschspecifika attribut<\/h4>\n<table border=\"1\">\n<tbody>\n<tr>\n<td><strong>Material<\/strong><\/td>\n<td>PAPE<\/td>\n<\/tr>\n<tr>\n<td><strong>Typ<\/strong><\/td>\n<td>Skyddande film<\/td>\n<\/tr>\n<\/tbody>\n<\/table>\n<h4>\u00d6vriga attribut<\/h4>\n<table border=\"1\">\n<tbody>\n<tr>\n<td><strong>Produktens namn<\/strong><\/td>\n<td>Guld aluminiumfolie luftkolonnp\u00e5se f\u00f6r 750 ml vinflaska<\/td>\n<\/tr>\n<tr>\n<td><strong>Nyckelord<\/strong><\/td>\n<td>luftkudde f\u00f6r vin<\/td>\n<\/tr>\n<tr>\n<td><strong>Till\u00e4mpning<\/strong><\/td>\n<td>skydda f\u00f6rpackningar f\u00f6r vin, flaskor, b\u00e4rbara datorer, tonerkassetter<\/td>\n<\/tr>\n<tr>\n<td><strong>F\u00f6rdel<\/strong><\/td>\n<td>PAPE-film med h\u00f6g nylonhalt<\/td>\n<\/tr>\n<tr>\n<td><strong>MOQ<\/strong><\/td>\n<td>100 st<\/td>\n<\/tr>\n<tr>\n<td><strong>F\u00e4rg<\/strong><\/td>\n<td>genomskinlig<\/td>\n<\/tr>\n<tr>\n<td><strong>Funktion<\/strong><\/td>\n<td>Milj\u00f6v\u00e4nlig, \u00e5tervinningsbar<\/td>\n<\/tr>\n<tr>\n<td><strong>Tjocklek<\/strong><\/td>\n<td>65UM<\/td>\n<\/tr>\n<\/tbody>\n<\/table>\n<p>&nbsp;<\/p>\n<p>&nbsp;<\/p>\n<p>&nbsp;<\/p>\n<p>&nbsp;<\/p>\n<p>&nbsp;<\/p>\n<p><img fetchpriority=\"high\" decoding=\"async\" class=\"alignnone wp-image-7053\" src=\"http:\/\/ibn.wyd.mybluehost.me\/reanpackaging.com\/wp-content\/uploads\/2023\/09\/f-description-Gold-Aluminum-Foil-Air-Column-Bag-Air-Cushion-Wrap-High-Quality-Pape-Air-Pack-Bags-For-750Ml-Wine-Bottle-Protector-1-300x197.jpg\" alt=\"guld aluminiumfolie luftkolonn v\u00e4ska luftkudde wrap h\u00f6g kvalitet pape luft pack p\u00e5sar f\u00f6r 750 ml vinflaska skydd\" width=\"1304\" height=\"856\" srcset=\"https:\/\/reanpackaging.com\/wp-content\/uploads\/2023\/09\/f-description-Gold-Aluminum-Foil-Air-Column-Bag-Air-Cushion-Wrap-High-Quality-Pape-Air-Pack-Bags-For-750Ml-Wine-Bottle-Protector-1-300x197.jpg 300w, https:\/\/reanpackaging.com\/wp-content\/uploads\/2023\/09\/f-description-Gold-Aluminum-Foil-Air-Column-Bag-Air-Cushion-Wrap-High-Quality-Pape-Air-Pack-Bags-For-750Ml-Wine-Bottle-Protector-1-768x505.jpg 768w, https:\/\/reanpackaging.com\/wp-content\/uploads\/2023\/09\/f-description-Gold-Aluminum-Foil-Air-Column-Bag-Air-Cushion-Wrap-High-Quality-Pape-Air-Pack-Bags-For-750Ml-Wine-Bottle-Protector-1-600x395.jpg 600w, https:\/\/reanpackaging.com\/wp-content\/uploads\/2023\/09\/f-description-Gold-Aluminum-Foil-Air-Column-Bag-Air-Cushion-Wrap-High-Quality-Pape-Air-Pack-Bags-For-750Ml-Wine-Bottle-Protector-1.jpg 900w\" sizes=\"(max-width: 1304px) 100vw, 1304px\" \/><\/p>\n<p>&nbsp;<\/p>\n<p><img decoding=\"async\" class=\"alignnone wp-image-7055\" src=\"http:\/\/ibn.wyd.mybluehost.me\/reanpackaging.com\/wp-content\/uploads\/2023\/09\/h-description-Gold-Aluminum-Foil-Air-Column-Bag-Air-Cushion-Wrap-High-Quality-Pape-Air-Pack-Bags-For-750Ml-Wine-Bottle-Protector-1-258x300.jpg\" alt=\"guld aluminiumfolie luftkolonn v\u00e4ska luftkudde wrap h\u00f6g kvalitet pape luft pack p\u00e5sar f\u00f6r 750 ml vinflaska skydd\" width=\"1289\" height=\"1499\" srcset=\"https:\/\/reanpackaging.com\/wp-content\/uploads\/2023\/09\/h-description-Gold-Aluminum-Foil-Air-Column-Bag-Air-Cushion-Wrap-High-Quality-Pape-Air-Pack-Bags-For-750Ml-Wine-Bottle-Protector-1-258x300.jpg 258w, https:\/\/reanpackaging.com\/wp-content\/uploads\/2023\/09\/h-description-Gold-Aluminum-Foil-Air-Column-Bag-Air-Cushion-Wrap-High-Quality-Pape-Air-Pack-Bags-For-750Ml-Wine-Bottle-Protector-1-881x1024.jpg 881w, https:\/\/reanpackaging.com\/wp-content\/uploads\/2023\/09\/h-description-Gold-Aluminum-Foil-Air-Column-Bag-Air-Cushion-Wrap-High-Quality-Pape-Air-Pack-Bags-For-750Ml-Wine-Bottle-Protector-1-768x893.jpg 768w, https:\/\/reanpackaging.com\/wp-content\/uploads\/2023\/09\/h-description-Gold-Aluminum-Foil-Air-Column-Bag-Air-Cushion-Wrap-High-Quality-Pape-Air-Pack-Bags-For-750Ml-Wine-Bottle-Protector-1-600x697.jpg 600w, https:\/\/reanpackaging.com\/wp-content\/uploads\/2023\/09\/h-description-Gold-Aluminum-Foil-Air-Column-Bag-Air-Cushion-Wrap-High-Quality-Pape-Air-Pack-Bags-For-750Ml-Wine-Bottle-Protector-1.jpg 900w\" sizes=\"(max-width: 1289px) 100vw, 1289px\" \/><\/p>\n<p><img decoding=\"async\" class=\"alignnone wp-image-7056\" src=\"http:\/\/ibn.wyd.mybluehost.me\/reanpackaging.com\/wp-content\/uploads\/2023\/09\/i-description-Gold-Aluminum-Foil-Air-Column-Bag-Air-Cushion-Wrap-High-Quality-Pape-Air-Pack-Bags-For-750Ml-Wine-Bottle-Protector-1-300x226.jpg\" alt=\"guld aluminiumfolie luftkolonn v\u00e4ska luftkudde wrap h\u00f6g kvalitet pape luft pack p\u00e5sar f\u00f6r 750 ml vinflaska skydd\" width=\"1289\" height=\"971\" srcset=\"https:\/\/reanpackaging.com\/wp-content\/uploads\/2023\/09\/i-description-Gold-Aluminum-Foil-Air-Column-Bag-Air-Cushion-Wrap-High-Quality-Pape-Air-Pack-Bags-For-750Ml-Wine-Bottle-Protector-1-300x226.jpg 300w, https:\/\/reanpackaging.com\/wp-content\/uploads\/2023\/09\/i-description-Gold-Aluminum-Foil-Air-Column-Bag-Air-Cushion-Wrap-High-Quality-Pape-Air-Pack-Bags-For-750Ml-Wine-Bottle-Protector-1-768x579.jpg 768w, https:\/\/reanpackaging.com\/wp-content\/uploads\/2023\/09\/i-description-Gold-Aluminum-Foil-Air-Column-Bag-Air-Cushion-Wrap-High-Quality-Pape-Air-Pack-Bags-For-750Ml-Wine-Bottle-Protector-1-600x453.jpg 600w, https:\/\/reanpackaging.com\/wp-content\/uploads\/2023\/09\/i-description-Gold-Aluminum-Foil-Air-Column-Bag-Air-Cushion-Wrap-High-Quality-Pape-Air-Pack-Bags-For-750Ml-Wine-Bottle-Protector-1.jpg 900w\" sizes=\"(max-width: 1289px) 100vw, 1289px\" \/><\/p>\n<p><img loading=\"lazy\" decoding=\"async\" class=\"alignnone wp-image-7057\" src=\"http:\/\/ibn.wyd.mybluehost.me\/reanpackaging.com\/wp-content\/uploads\/2023\/09\/j-description-Gold-Aluminum-Foil-Air-Column-Bag-Air-Cushion-Wrap-High-Quality-Pape-Air-Pack-Bags-For-750Ml-Wine-Bottle-Protector-1-300x197.jpg\" alt=\"guld aluminiumfolie luftkolonn v\u00e4ska luftkudde wrap h\u00f6g kvalitet pape luft pack p\u00e5sar f\u00f6r 750 ml vinflaska skydd\" width=\"1290\" height=\"847\" srcset=\"https:\/\/reanpackaging.com\/wp-content\/uploads\/2023\/09\/j-description-Gold-Aluminum-Foil-Air-Column-Bag-Air-Cushion-Wrap-High-Quality-Pape-Air-Pack-Bags-For-750Ml-Wine-Bottle-Protector-1-300x197.jpg 300w, https:\/\/reanpackaging.com\/wp-content\/uploads\/2023\/09\/j-description-Gold-Aluminum-Foil-Air-Column-Bag-Air-Cushion-Wrap-High-Quality-Pape-Air-Pack-Bags-For-750Ml-Wine-Bottle-Protector-1-768x503.jpg 768w, https:\/\/reanpackaging.com\/wp-content\/uploads\/2023\/09\/j-description-Gold-Aluminum-Foil-Air-Column-Bag-Air-Cushion-Wrap-High-Quality-Pape-Air-Pack-Bags-For-750Ml-Wine-Bottle-Protector-1-600x393.jpg 600w, https:\/\/reanpackaging.com\/wp-content\/uploads\/2023\/09\/j-description-Gold-Aluminum-Foil-Air-Column-Bag-Air-Cushion-Wrap-High-Quality-Pape-Air-Pack-Bags-For-750Ml-Wine-Bottle-Protector-1.jpg 900w\" sizes=\"(max-width: 1290px) 100vw, 1290px\" \/><\/p>\n<p>&nbsp;<\/p>","protected":false},"excerpt":{"rendered":"<p>Industry-Specific Attributes Material PAPE Type Protective Film Other Attributes Product name Gold Aluminum Foil Air Column Bag For 750ml Wine Bottle Keywords wine air bag Application protect packaging for wine,bottle,laptop,toner cartridges Advantage PAPE film high nylon contained MOQ 100pcs Colour transparent Feature Eco-friendly,recyclable Thickness 65UM &nbsp; &nbsp; &nbsp; &nbsp; &nbsp; &nbsp; &nbsp;<\/p>","protected":false},"featured_media":6845,"template":"","meta":{"_seopress_robots_primary_cat":"none","_seopress_titles_title":"","_seopress_titles_desc":"","_seopress_robots_index":"","site-sidebar-layout":"default","site-content-layout":"default","ast-site-content-layout":"default","site-content-style":"default","site-sidebar-style":"default","ast-global-header-display":"","ast-banner-title-visibility":"","ast-main-header-display":"","ast-hfb-above-header-display":"","ast-hfb-below-header-display":"","ast-hfb-mobile-header-display":"","site-post-title":"","ast-breadcrumbs-content":"","ast-featured-img":"","footer-sml-layout":"","ast-disable-related-posts":"","theme-transparent-header-meta":"default","adv-header-id-meta":"","stick-header-meta":"default","header-above-stick-meta":"","header-main-stick-meta":"","header-below-stick-meta":"","astra-migrate-meta-layouts":"set","ast-page-background-enabled":"default","ast-page-background-meta":{"desktop":{"background-color":"","background-image":"","background-repeat":"repeat","background-position":"center center","background-size":"auto","background-attachment":"scroll","background-type":"","background-media":"","overlay-type":"","overlay-color":"","overlay-opacity":"","overlay-gradient":""},"tablet":{"background-color":"","background-image":"","background-repeat":"repeat","background-position":"center center","background-size":"auto","background-attachment":"scroll","background-type":"","background-media":"","overlay-type":"","overlay-color":"","overlay-opacity":"","overlay-gradient":""},"mobile":{"background-color":"","background-image":"","background-repeat":"repeat","background-position":"center center","background-size":"auto","background-attachment":"scroll","background-type":"","background-media":"","overlay-type":"","overlay-color":"","overlay-opacity":"","overlay-gradient":""}},"ast-content-background-meta":{"desktop":{"background-color":"var(--ast-global-color-5)","background-image":"","background-repeat":"repeat","background-position":"center center","background-size":"auto","background-attachment":"scroll","background-type":"","background-media":"","overlay-type":"","overlay-color":"","overlay-opacity":"","overlay-gradient":""},"tablet":{"background-color":"var(--ast-global-color-5)","background-image":"","background-repeat":"repeat","background-position":"center center","background-size":"auto","background-attachment":"scroll","background-type":"","background-media":"","overlay-type":"","overlay-color":"","overlay-opacity":"","overlay-gradient":""},"mobile":{"background-color":"var(--ast-global-color-5)","background-image":"","background-repeat":"repeat","background-position":"center center","background-size":"auto","background-attachment":"scroll","background-type":"","background-media":"","overlay-type":"","overlay-color":"","overlay-opacity":"","overlay-gradient":""}}},"product_brand":[],"product_cat":[45],"product_tag":[],"class_list":{"0":"post-6913","1":"product","2":"type-product","3":"status-publish","4":"has-post-thumbnail","6":"product_cat-bubble-wrap","7":"desktop-align-left","8":"tablet-align-left","9":"mobile-align-left","10":"ast-product-gallery-layout-horizontal","11":"ast-product-tabs-layout-horizontal","13":"first","14":"instock","15":"purchasable","16":"product-type-simple"},"_links":{"self":[{"href":"https:\/\/reanpackaging.com\/sv\/wp-json\/wp\/v2\/product\/6913","targetHints":{"allow":["GET"]}}],"collection":[{"href":"https:\/\/reanpackaging.com\/sv\/wp-json\/wp\/v2\/product"}],"about":[{"href":"https:\/\/reanpackaging.com\/sv\/wp-json\/wp\/v2\/types\/product"}],"wp:featuredmedia":[{"embeddable":true,"href":"https:\/\/reanpackaging.com\/sv\/wp-json\/wp\/v2\/media\/6845"}],"wp:attachment":[{"href":"https:\/\/reanpackaging.com\/sv\/wp-json\/wp\/v2\/media?parent=6913"}],"wp:term":[{"taxonomy":"product_brand","embeddable":true,"href":"https:\/\/reanpackaging.com\/sv\/wp-json\/wp\/v2\/product_brand?post=6913"},{"taxonomy":"product_cat","embeddable":true,"href":"https:\/\/reanpackaging.com\/sv\/wp-json\/wp\/v2\/product_cat?post=6913"},{"taxonomy":"product_tag","embeddable":true,"href":"https:\/\/reanpackaging.com\/sv\/wp-json\/wp\/v2\/product_tag?post=6913"}],"curies":[{"name":"wp","href":"https:\/\/api.w.org\/{rel}","templated":true}]}}