{"id":7451,"date":"2023-09-23T08:35:21","date_gmt":"2023-09-23T08:35:21","guid":{"rendered":"http:\/\/ibn.wyd.mybluehost.me\/reanpackaging.com\/product\/easy-remove-fineline-gold-tape-auto-painting-painters-anti-uv-temperature-resistance-decorate-covering-washi-rice-paper-tape\/"},"modified":"2024-10-01T16:57:52","modified_gmt":"2024-10-01T16:57:52","slug":"easy-remove-fineline-gold-tape-auto-painting-painters-anti-uv-temperature-resistance-decorate-covering-washi-rice-paper-tape","status":"publish","type":"product","link":"https:\/\/reanpackaging.com\/sv\/produkt\/latt-att-ta-bort-fineline-guldtejp-bilmalning-malare-anti-uv-temperaturbestandighet-dekorera-tacka-washi-rispapper-tejp\/","title":{"rendered":"L\u00e4tt att ta bort Fineline Gold Tape Auto Painting Painters Anti Uv Temperaturbest\u00e4ndighet Dekorera t\u00e4ckning Washi Rice Paper Tape"},"content":{"rendered":"<h4>Branschspecifika attribut<\/h4>\n<table border=\"1\">\n<tbody>\n<tr>\n<td><strong>Sj\u00e4lvh\u00e4ftande<\/strong><\/td>\n<td>Gummi<\/td>\n<\/tr>\n<tr>\n<td><strong>Sj\u00e4lvh\u00e4ftande sida<\/strong><\/td>\n<td>Enkelsidig<\/td>\n<\/tr>\n<tr>\n<td><strong>Typ av lim<\/strong><\/td>\n<td>Tryckk\u00e4nslig, vattenaktiverad, Hot Melt<\/td>\n<\/tr>\n<tr>\n<td><strong>Design Tryckning<\/strong><\/td>\n<td>Erbjudande tryckning<\/td>\n<\/tr>\n<tr>\n<td><strong>Material<\/strong><\/td>\n<td>EVA<\/td>\n<\/tr>\n<tr>\n<td><strong>Funktion<\/strong><\/td>\n<td>V\u00e4rmebest\u00e4ndig<\/td>\n<\/tr>\n<tr>\n<td><strong>Anv\u00e4ndning<\/strong><\/td>\n<td>MASKNING<\/td>\n<\/tr>\n<\/tbody>\n<\/table>\n<h4>\u00d6vriga attribut<\/h4>\n<table border=\"1\">\n<tbody>\n<tr>\n<td><strong>Produktens namn<\/strong><\/td>\n<td>Temperaturbest\u00e4ndig dekorationsbel\u00e4ggning Washi rispapper tejp<\/td>\n<\/tr>\n<tr>\n<td><strong>F\u00e4rg<\/strong><\/td>\n<td>Gul\/Bule\/Gr\u00f6n<\/td>\n<\/tr>\n<tr>\n<td><strong>Temperaturbest\u00e4ndighet<\/strong><\/td>\n<td>60\u00b0~180\u00b0<\/td>\n<\/tr>\n<tr>\n<td><strong>Bredd<\/strong><\/td>\n<td>8-72 mm<\/td>\n<\/tr>\n<tr>\n<td><strong>L\u00e4ngd<\/strong><\/td>\n<td>50m<\/td>\n<\/tr>\n<tr>\n<td><strong>MOQ<\/strong><\/td>\n<td>1000 rullar<\/td>\n<\/tr>\n<tr>\n<td><strong>Prov<\/strong><\/td>\n<td>Prov tillg\u00e4ngligt<\/td>\n<\/tr>\n<tr>\n<td><strong>Logotyp<\/strong><\/td>\n<td>Skr\u00e4ddarsydd logotyp<\/td>\n<\/tr>\n<tr>\n<td><strong>F\u00f6rpackning<\/strong><\/td>\n<td>36 rullar\/48 rullar\/72 rullar\/ctn<\/td>\n<\/tr>\n<tr>\n<td><strong>Anv\u00e4ndning<\/strong><\/td>\n<td>DIY Dekoration f\u00f6r scrapbooking i hemmet<\/td>\n<\/tr>\n<\/tbody>\n<\/table>\n<p><img decoding=\"async\" class=\"detail-desc-decorate-image aligncenter\" style=\"max-width: 100%; height: auto; margin: 0 auto 5px;\" src=\"http:\/\/ibn.wyd.mybluehost.me\/reanpackaging.com\/wp-content\/uploads\/2023\/09\/1-description-Easy-Remove-Fineline-Gold-Tape-Auto-Painting-Painters-Anti-Uv-Temperature-Resistance-Decorate-Covering-Washi-Rice-Paper-Tape.jpg\" \/><br \/>\n<img decoding=\"async\" class=\"detail-desc-decorate-image aligncenter\" style=\"max-width: 100%; height: auto; margin: 0 auto 5px;\" src=\"http:\/\/ibn.wyd.mybluehost.me\/reanpackaging.com\/wp-content\/uploads\/2023\/09\/2-description-Easy-Remove-Fineline-Gold-Tape-Auto-Painting-Painters-Anti-Uv-Temperature-Resistance-Decorate-Covering-Washi-Rice-Paper-Tape.jpg\" \/><br \/>\n<img decoding=\"async\" class=\"detail-desc-decorate-image aligncenter\" style=\"max-width: 100%; height: auto; margin: 0 auto 5px;\" src=\"http:\/\/ibn.wyd.mybluehost.me\/reanpackaging.com\/wp-content\/uploads\/2023\/09\/3-description-Easy-Remove-Fineline-Gold-Tape-Auto-Painting-Painters-Anti-Uv-Temperature-Resistance-Decorate-Covering-Washi-Rice-Paper-Tape.jpg\" \/><\/p>","protected":false},"excerpt":{"rendered":"<p>Industry-Specific Attributes Adhesive Rubber Adhesive Side Single Sided Adhesive Type Pressure Sensitive, Water Activated, Hot Melt Design Printing Offer Printing Material EVA Feature Heat-Resistant Use MASKING Other Attributes Product name Temperature Resistance Decorate Covering Washi Rice Paper Tape Color Yellow\/Bule\/Green Temperature Resistance 60\u00b0~180\u00b0 Width 8-72mm Length 50m MOQ 1000 Rolls Sample Sample Avaliable Logo Customrized [&hellip;]<\/p>\n","protected":false},"featured_media":7376,"template":"","meta":{"_seopress_robots_primary_cat":"none","_seopress_titles_title":"","_seopress_titles_desc":"","_seopress_robots_index":"","site-sidebar-layout":"default","site-content-layout":"default","ast-site-content-layout":"default","site-content-style":"default","site-sidebar-style":"default","ast-global-header-display":"","ast-banner-title-visibility":"","ast-main-header-display":"","ast-hfb-above-header-display":"","ast-hfb-below-header-display":"","ast-hfb-mobile-header-display":"","site-post-title":"","ast-breadcrumbs-content":"","ast-featured-img":"","footer-sml-layout":"","ast-disable-related-posts":"","theme-transparent-header-meta":"default","adv-header-id-meta":"","stick-header-meta":"default","header-above-stick-meta":"","header-main-stick-meta":"","header-below-stick-meta":"","astra-migrate-meta-layouts":"set","ast-page-background-enabled":"default","ast-page-background-meta":{"desktop":{"background-color":"","background-image":"","background-repeat":"repeat","background-position":"center center","background-size":"auto","background-attachment":"scroll","background-type":"","background-media":"","overlay-type":"","overlay-color":"","overlay-opacity":"","overlay-gradient":""},"tablet":{"background-color":"","background-image":"","background-repeat":"repeat","background-position":"center center","background-size":"auto","background-attachment":"scroll","background-type":"","background-media":"","overlay-type":"","overlay-color":"","overlay-opacity":"","overlay-gradient":""},"mobile":{"background-color":"","background-image":"","background-repeat":"repeat","background-position":"center center","background-size":"auto","background-attachment":"scroll","background-type":"","background-media":"","overlay-type":"","overlay-color":"","overlay-opacity":"","overlay-gradient":""}},"ast-content-background-meta":{"desktop":{"background-color":"var(--ast-global-color-5)","background-image":"","background-repeat":"repeat","background-position":"center center","background-size":"auto","background-attachment":"scroll","background-type":"","background-media":"","overlay-type":"","overlay-color":"","overlay-opacity":"","overlay-gradient":""},"tablet":{"background-color":"var(--ast-global-color-5)","background-image":"","background-repeat":"repeat","background-position":"center center","background-size":"auto","background-attachment":"scroll","background-type":"","background-media":"","overlay-type":"","overlay-color":"","overlay-opacity":"","overlay-gradient":""},"mobile":{"background-color":"var(--ast-global-color-5)","background-image":"","background-repeat":"repeat","background-position":"center center","background-size":"auto","background-attachment":"scroll","background-type":"","background-media":"","overlay-type":"","overlay-color":"","overlay-opacity":"","overlay-gradient":""}}},"product_brand":[],"product_cat":[46],"product_tag":[],"class_list":{"0":"post-7451","1":"product","2":"type-product","3":"status-publish","4":"has-post-thumbnail","6":"product_cat-custom-print-tape","7":"desktop-align-left","8":"tablet-align-left","9":"mobile-align-left","10":"ast-product-gallery-layout-horizontal","11":"ast-product-tabs-layout-horizontal","13":"first","14":"instock","15":"purchasable","16":"product-type-simple"},"_links":{"self":[{"href":"https:\/\/reanpackaging.com\/sv\/wp-json\/wp\/v2\/product\/7451","targetHints":{"allow":["GET"]}}],"collection":[{"href":"https:\/\/reanpackaging.com\/sv\/wp-json\/wp\/v2\/product"}],"about":[{"href":"https:\/\/reanpackaging.com\/sv\/wp-json\/wp\/v2\/types\/product"}],"wp:featuredmedia":[{"embeddable":true,"href":"https:\/\/reanpackaging.com\/sv\/wp-json\/wp\/v2\/media\/7376"}],"wp:attachment":[{"href":"https:\/\/reanpackaging.com\/sv\/wp-json\/wp\/v2\/media?parent=7451"}],"wp:term":[{"taxonomy":"product_brand","embeddable":true,"href":"https:\/\/reanpackaging.com\/sv\/wp-json\/wp\/v2\/product_brand?post=7451"},{"taxonomy":"product_cat","embeddable":true,"href":"https:\/\/reanpackaging.com\/sv\/wp-json\/wp\/v2\/product_cat?post=7451"},{"taxonomy":"product_tag","embeddable":true,"href":"https:\/\/reanpackaging.com\/sv\/wp-json\/wp\/v2\/product_tag?post=7451"}],"curies":[{"name":"wp","href":"https:\/\/api.w.org\/{rel}","templated":true}]}}