{"id":7452,"date":"2023-09-23T08:35:21","date_gmt":"2023-09-23T08:35:21","guid":{"rendered":"http:\/\/ibn.wyd.mybluehost.me\/reanpackaging.com\/product\/custom-printed-hot-sale-strong-adhesive-vinyl-cotton-cloth-black-pro-gaff-gaffer-tape-for-entertainment-film-industry\/"},"modified":"2024-10-01T16:57:52","modified_gmt":"2024-10-01T16:57:52","slug":"custom-printed-hot-sale-strong-adhesive-vinyl-cotton-cloth-black-pro-gaff-gaffer-tape-for-entertainment-film-industry","status":"publish","type":"product","link":"https:\/\/reanpackaging.com\/sv\/produkt\/custom-printed-hot-sale-strong-adhesive-vinyl-cotton-cloth-black-pro-gaff-gaffer-tape-for-entertainment-film-industry\/","title":{"rendered":"Anpassad tryckt varm f\u00f6rs\u00e4ljning stark sj\u00e4lvh\u00e4ftande vinyl bomullsduk svart pro gaff gaffertejp f\u00f6r underh\u00e5llningsfilmindustrin"},"content":{"rendered":"<h4>Branschspecifika attribut<\/h4>\n<table border=\"1\">\n<tbody>\n<tr>\n<td><strong>Sj\u00e4lvh\u00e4ftande<\/strong><\/td>\n<td>Gummi<\/td>\n<\/tr>\n<tr>\n<td><strong>Sj\u00e4lvh\u00e4ftande sida<\/strong><\/td>\n<td>Enkelsidig<\/td>\n<\/tr>\n<tr>\n<td><strong>Typ av lim<\/strong><\/td>\n<td>Hot melt, tryckk\u00e4nslig<\/td>\n<\/tr>\n<tr>\n<td><strong>Design Tryckning<\/strong><\/td>\n<td>Erbjudande tryckning<\/td>\n<\/tr>\n<tr>\n<td><strong>Material<\/strong><\/td>\n<td>Bomullsduk<\/td>\n<\/tr>\n<tr>\n<td><strong>Funktion<\/strong><\/td>\n<td>Vattent\u00e4t<\/td>\n<\/tr>\n<tr>\n<td><strong>Anv\u00e4ndning<\/strong><\/td>\n<td>Varning<\/td>\n<\/tr>\n<\/tbody>\n<\/table>\n<h4>\u00d6vriga attribut<\/h4>\n<table border=\"1\">\n<tbody>\n<tr>\n<td><strong>F\u00e4rg<\/strong><\/td>\n<td>Svart<\/td>\n<\/tr>\n<tr>\n<td><strong>Tjocklek<\/strong><\/td>\n<td>300-400 mikrofon<\/td>\n<\/tr>\n<tr>\n<td><strong>Typ av lim<\/strong><\/td>\n<td>Gummi<\/td>\n<\/tr>\n<tr>\n<td><strong>Rullbredd<\/strong><\/td>\n<td>2\"\/3\"\/4\" eller enligt \u00f6nskem\u00e5l<\/td>\n<\/tr>\n<tr>\n<td><strong>Rullens l\u00e4ngd<\/strong><\/td>\n<td>30\/40\/50\/55\/60 meter eller enligt \u00f6nskem\u00e5l<\/td>\n<\/tr>\n<tr>\n<td><strong>Tillverkare<\/strong><\/td>\n<td>Ja<\/td>\n<\/tr>\n<tr>\n<td><strong>Logotryck p\u00e5 insidan<\/strong><\/td>\n<td>Tillhandah\u00e5lls<\/td>\n<\/tr>\n<tr>\n<td><strong>Moq<\/strong><\/td>\n<td>20 rullar f\u00f6r 2 tum<\/td>\n<\/tr>\n<tr>\n<td><strong>Prov<\/strong><\/td>\n<td>Fritt tillhandah\u00e5llen<\/td>\n<\/tr>\n<tr>\n<td><strong>Till\u00e4mpning<\/strong><\/td>\n<td>Underh\u00e5llningsindustrin<\/td>\n<\/tr>\n<\/tbody>\n<\/table>\n<p><img decoding=\"async\" class=\"detail-desc-decorate-image aligncenter\" style=\"max-width: 100%; height: auto; margin: 0 auto 5px;\" src=\"http:\/\/ibn.wyd.mybluehost.me\/reanpackaging.com\/wp-content\/uploads\/2023\/09\/1-description-Custom-Printed-Hot-Sale-Strong-Adhesive-Vinyl-Cotton-Cloth-Black-Pro-Gaff-Gaffer-Tape-For-Entertainment-Film-Industry.jpg\" \/><br \/>\n<img decoding=\"async\" class=\"detail-desc-decorate-image aligncenter\" style=\"max-width: 100%; height: auto; margin: 0 auto 5px;\" src=\"http:\/\/ibn.wyd.mybluehost.me\/reanpackaging.com\/wp-content\/uploads\/2023\/09\/2-description-Custom-Printed-Hot-Sale-Strong-Adhesive-Vinyl-Cotton-Cloth-Black-Pro-Gaff-Gaffer-Tape-For-Entertainment-Film-Industry.jpg\" \/><br \/>\n<img decoding=\"async\" class=\"detail-desc-decorate-image aligncenter\" style=\"max-width: 100%; height: auto; margin: 0 auto 5px;\" src=\"http:\/\/ibn.wyd.mybluehost.me\/reanpackaging.com\/wp-content\/uploads\/2023\/09\/3-description-Custom-Printed-Hot-Sale-Strong-Adhesive-Vinyl-Cotton-Cloth-Black-Pro-Gaff-Gaffer-Tape-For-Entertainment-Film-Industry.jpg\" \/><br \/>\n<img decoding=\"async\" class=\"detail-desc-decorate-image aligncenter\" style=\"max-width: 100%; height: auto; margin: 0 auto 5px;\" src=\"http:\/\/ibn.wyd.mybluehost.me\/reanpackaging.com\/wp-content\/uploads\/2023\/09\/4-description-Custom-Printed-Hot-Sale-Strong-Adhesive-Vinyl-Cotton-Cloth-Black-Pro-Gaff-Gaffer-Tape-For-Entertainment-Film-Industry.jpg\" \/><br \/>\n<img decoding=\"async\" class=\"detail-desc-decorate-image aligncenter\" style=\"max-width: 100%; height: auto; margin: 0 auto 5px;\" src=\"http:\/\/ibn.wyd.mybluehost.me\/reanpackaging.com\/wp-content\/uploads\/2023\/09\/5-description-Custom-Printed-Hot-Sale-Strong-Adhesive-Vinyl-Cotton-Cloth-Black-Pro-Gaff-Gaffer-Tape-For-Entertainment-Film-Industry.jpg\" \/><br \/>\n<img decoding=\"async\" class=\"detail-desc-decorate-image aligncenter\" style=\"max-width: 100%; height: auto; margin: 0 auto 5px;\" src=\"http:\/\/ibn.wyd.mybluehost.me\/reanpackaging.com\/wp-content\/uploads\/2023\/09\/6-description-Custom-Printed-Hot-Sale-Strong-Adhesive-Vinyl-Cotton-Cloth-Black-Pro-Gaff-Gaffer-Tape-For-Entertainment-Film-Industry.jpg\" \/><br \/>\n<img decoding=\"async\" class=\"detail-desc-decorate-image aligncenter\" style=\"max-width: 100%; height: auto; margin: 0 auto 5px;\" src=\"http:\/\/ibn.wyd.mybluehost.me\/reanpackaging.com\/wp-content\/uploads\/2023\/09\/7-description-Custom-Printed-Hot-Sale-Strong-Adhesive-Vinyl-Cotton-Cloth-Black-Pro-Gaff-Gaffer-Tape-For-Entertainment-Film-Industry.jpg\" \/><br \/>\n<img decoding=\"async\" class=\"detail-desc-decorate-image aligncenter\" style=\"max-width: 100%; height: auto; margin: 0 auto 5px;\" src=\"http:\/\/ibn.wyd.mybluehost.me\/reanpackaging.com\/wp-content\/uploads\/2023\/09\/8-description-Custom-Printed-Hot-Sale-Strong-Adhesive-Vinyl-Cotton-Cloth-Black-Pro-Gaff-Gaffer-Tape-For-Entertainment-Film-Industry.jpg\" \/><\/p>","protected":false},"excerpt":{"rendered":"<p>Industry-Specific Attributes Adhesive Rubber Adhesive Side Single Sided Adhesive Type Hot Melt, Pressure Sensitive Design Printing Offer Printing Material Cotton cloth Feature Waterproof Use Warning Other Attributes Color Black Thickness 300-400 mic Adhesive type Rubber Roll width 2&#8221;\/3&#8221;\/4&#8221; or as require Roll length 30\/40\/50\/55\/60 yards or as require Manufacturer Yes Inner logo printing Provided Moq [&hellip;]<\/p>\n","protected":false},"featured_media":7334,"template":"","meta":{"_seopress_robots_primary_cat":"none","_seopress_titles_title":"","_seopress_titles_desc":"","_seopress_robots_index":"","site-sidebar-layout":"default","site-content-layout":"default","ast-site-content-layout":"default","site-content-style":"default","site-sidebar-style":"default","ast-global-header-display":"","ast-banner-title-visibility":"","ast-main-header-display":"","ast-hfb-above-header-display":"","ast-hfb-below-header-display":"","ast-hfb-mobile-header-display":"","site-post-title":"","ast-breadcrumbs-content":"","ast-featured-img":"","footer-sml-layout":"","ast-disable-related-posts":"","theme-transparent-header-meta":"default","adv-header-id-meta":"","stick-header-meta":"default","header-above-stick-meta":"","header-main-stick-meta":"","header-below-stick-meta":"","astra-migrate-meta-layouts":"set","ast-page-background-enabled":"default","ast-page-background-meta":{"desktop":{"background-color":"","background-image":"","background-repeat":"repeat","background-position":"center center","background-size":"auto","background-attachment":"scroll","background-type":"","background-media":"","overlay-type":"","overlay-color":"","overlay-opacity":"","overlay-gradient":""},"tablet":{"background-color":"","background-image":"","background-repeat":"repeat","background-position":"center center","background-size":"auto","background-attachment":"scroll","background-type":"","background-media":"","overlay-type":"","overlay-color":"","overlay-opacity":"","overlay-gradient":""},"mobile":{"background-color":"","background-image":"","background-repeat":"repeat","background-position":"center center","background-size":"auto","background-attachment":"scroll","background-type":"","background-media":"","overlay-type":"","overlay-color":"","overlay-opacity":"","overlay-gradient":""}},"ast-content-background-meta":{"desktop":{"background-color":"var(--ast-global-color-5)","background-image":"","background-repeat":"repeat","background-position":"center center","background-size":"auto","background-attachment":"scroll","background-type":"","background-media":"","overlay-type":"","overlay-color":"","overlay-opacity":"","overlay-gradient":""},"tablet":{"background-color":"var(--ast-global-color-5)","background-image":"","background-repeat":"repeat","background-position":"center center","background-size":"auto","background-attachment":"scroll","background-type":"","background-media":"","overlay-type":"","overlay-color":"","overlay-opacity":"","overlay-gradient":""},"mobile":{"background-color":"var(--ast-global-color-5)","background-image":"","background-repeat":"repeat","background-position":"center center","background-size":"auto","background-attachment":"scroll","background-type":"","background-media":"","overlay-type":"","overlay-color":"","overlay-opacity":"","overlay-gradient":""}}},"product_brand":[],"product_cat":[46],"product_tag":[],"class_list":{"0":"post-7452","1":"product","2":"type-product","3":"status-publish","4":"has-post-thumbnail","6":"product_cat-custom-print-tape","7":"desktop-align-left","8":"tablet-align-left","9":"mobile-align-left","10":"ast-product-gallery-layout-horizontal","11":"ast-product-tabs-layout-horizontal","13":"first","14":"instock","15":"purchasable","16":"product-type-simple"},"_links":{"self":[{"href":"https:\/\/reanpackaging.com\/sv\/wp-json\/wp\/v2\/product\/7452","targetHints":{"allow":["GET"]}}],"collection":[{"href":"https:\/\/reanpackaging.com\/sv\/wp-json\/wp\/v2\/product"}],"about":[{"href":"https:\/\/reanpackaging.com\/sv\/wp-json\/wp\/v2\/types\/product"}],"wp:featuredmedia":[{"embeddable":true,"href":"https:\/\/reanpackaging.com\/sv\/wp-json\/wp\/v2\/media\/7334"}],"wp:attachment":[{"href":"https:\/\/reanpackaging.com\/sv\/wp-json\/wp\/v2\/media?parent=7452"}],"wp:term":[{"taxonomy":"product_brand","embeddable":true,"href":"https:\/\/reanpackaging.com\/sv\/wp-json\/wp\/v2\/product_brand?post=7452"},{"taxonomy":"product_cat","embeddable":true,"href":"https:\/\/reanpackaging.com\/sv\/wp-json\/wp\/v2\/product_cat?post=7452"},{"taxonomy":"product_tag","embeddable":true,"href":"https:\/\/reanpackaging.com\/sv\/wp-json\/wp\/v2\/product_tag?post=7452"}],"curies":[{"name":"wp","href":"https:\/\/api.w.org\/{rel}","templated":true}]}}