{"id":7742,"date":"2023-09-23T10:47:33","date_gmt":"2023-09-23T10:47:33","guid":{"rendered":"http:\/\/ibn.wyd.mybluehost.me\/reanpackaging.com\/product\/custom-high-quality-non-woven-fabric-reusable-shopping-bag-hot-sale-reusable-grocery-supermarket-bag\/"},"modified":"2023-09-23T12:29:58","modified_gmt":"2023-09-23T12:29:58","slug":"custom-high-quality-non-woven-fabric-reusable-shopping-bag-hot-sale-reusable-grocery-supermarket-bag","status":"publish","type":"product","link":"https:\/\/reanpackaging.com\/sv\/produkt\/custom-high-quality-non-woven-fabric-reusable-shopping-bag-hot-sale-reusable-grocery-supermarket-bag\/","title":{"rendered":"Anpassad h\u00f6g kvalitet non woven tyg \u00e5teranv\u00e4ndbar shoppingv\u00e4ska Hot Sale \u00e5teranv\u00e4ndbar livsmedelsbutik Supermarket Bag"},"content":{"rendered":"<h4>Branschspecifika attribut<\/h4>\n<table border=\"1\">\n<tbody>\n<tr>\n<td><strong>Material<\/strong><\/td>\n<td>Icke-v\u00e4vd<\/td>\n<\/tr>\n<\/tbody>\n<\/table>\n<h4>\u00d6vriga attribut<\/h4>\n<table border=\"1\">\n<tbody>\n<tr>\n<td><strong>Stil<\/strong><\/td>\n<td>F\u00e4llbar<\/td>\n<\/tr>\n<tr>\n<td><strong>M\u00f6nster typ<\/strong><\/td>\n<td>anpassad<\/td>\n<\/tr>\n<tr>\n<td><strong>Storlek<\/strong><\/td>\n<td>Medium (30-50 cm)<\/td>\n<\/tr>\n<tr>\n<td><strong>F\u00e4rg<\/strong><\/td>\n<td>Kan anpassas efter kundens \u00f6nskem\u00e5l<\/td>\n<\/tr>\n<tr>\n<td><strong>Stil<\/strong><\/td>\n<td>Mode och senaste nytt<\/td>\n<\/tr>\n<tr>\n<td><strong>OEM\/ODM<\/strong><\/td>\n<td>Ja<\/td>\n<\/tr>\n<tr>\n<td><strong>Port<\/strong><\/td>\n<td>Ningbo eller Shanghai<\/td>\n<\/tr>\n<tr>\n<td><strong>Kvalitet<\/strong><\/td>\n<td>Prime, h\u00f6g kvalitet<\/td>\n<\/tr>\n<tr>\n<td><strong>Funktion<\/strong><\/td>\n<td>H\u00e5llbar<\/td>\n<\/tr>\n<tr>\n<td><strong>Typ<\/strong><\/td>\n<td>Nya<\/td>\n<\/tr>\n<tr>\n<td><strong>Pris<\/strong><\/td>\n<td>Gynnsamma<\/td>\n<\/tr>\n<tr>\n<td><strong>Certifiering<\/strong><\/td>\n<td>GSV FCCA WCA<\/td>\n<\/tr>\n<tr>\n<td><strong>\u00d6vriga<\/strong><\/td>\n<td>Milj\u00f6v\u00e4nlig<\/td>\n<\/tr>\n<\/tbody>\n<\/table>\n<p><img decoding=\"async\" class=\"detail-desc-decorate-image aligncenter\" style=\"max-width: 100%; height: auto; margin: 0 auto 5px;\" src=\"http:\/\/ibn.wyd.mybluehost.me\/reanpackaging.com\/wp-content\/uploads\/2023\/09\/1-description-Custom-High-Quality-Non-Woven-Fabric-Reusable-Shopping-Bag-Hot-Sale-Reusable-Grocery-Supermarket-Bag.jpg\" \/><br \/>\n<img decoding=\"async\" class=\"detail-desc-decorate-image aligncenter\" style=\"max-width: 100%; height: auto; margin: 0 auto 5px;\" src=\"http:\/\/ibn.wyd.mybluehost.me\/reanpackaging.com\/wp-content\/uploads\/2023\/09\/2-description-Custom-High-Quality-Non-Woven-Fabric-Reusable-Shopping-Bag-Hot-Sale-Reusable-Grocery-Supermarket-Bag.jpg\" \/><\/p>\n<p><img decoding=\"async\" class=\"detail-desc-decorate-image aligncenter\" style=\"max-width: 100%; height: auto; margin: 0 auto 5px;\" src=\"http:\/\/ibn.wyd.mybluehost.me\/reanpackaging.com\/wp-content\/uploads\/2023\/09\/5-description-Custom-High-Quality-Non-Woven-Fabric-Reusable-Shopping-Bag-Hot-Sale-Reusable-Grocery-Supermarket-Bag.jpg\" \/><br \/>\n<img decoding=\"async\" class=\"detail-desc-decorate-image aligncenter\" style=\"max-width: 100%; height: auto; margin: 0 auto 5px;\" src=\"http:\/\/ibn.wyd.mybluehost.me\/reanpackaging.com\/wp-content\/uploads\/2023\/09\/6-description-Custom-High-Quality-Non-Woven-Fabric-Reusable-Shopping-Bag-Hot-Sale-Reusable-Grocery-Supermarket-Bag.jpg\" \/><br \/>\n<img decoding=\"async\" class=\"detail-desc-decorate-image aligncenter\" style=\"max-width: 100%; height: auto; margin: 0 auto 5px;\" src=\"http:\/\/ibn.wyd.mybluehost.me\/reanpackaging.com\/wp-content\/uploads\/2023\/09\/7-description-Custom-High-Quality-Non-Woven-Fabric-Reusable-Shopping-Bag-Hot-Sale-Reusable-Grocery-Supermarket-Bag.jpg\" \/><\/p>","protected":false},"excerpt":{"rendered":"<p>Branschspecifika attribut Material Non-Woven Andra attribut Stil Vikning M\u00f6nster Typ anpassad Storlek Medium (30-50cm) F\u00e4rg Kan anpassas Stil Mode och nyaste OEM \/ ODM Ja Hamn Ningbo eller Shanghai Kvalitet Prime, h\u00f6g kvalitet Funktion H\u00e5llbar Typ Nytt Pris Gynnsamt Certifiering GSV FCCA WCA \u00d6vrigt Milj\u00f6v\u00e4nlig<\/p>","protected":false},"featured_media":7648,"template":"","meta":{"_seopress_robots_primary_cat":"none","_seopress_titles_title":"","_seopress_titles_desc":"","_seopress_robots_index":"","site-sidebar-layout":"default","site-content-layout":"default","ast-site-content-layout":"default","site-content-style":"default","site-sidebar-style":"default","ast-global-header-display":"","ast-banner-title-visibility":"","ast-main-header-display":"","ast-hfb-above-header-display":"","ast-hfb-below-header-display":"","ast-hfb-mobile-header-display":"","site-post-title":"","ast-breadcrumbs-content":"","ast-featured-img":"","footer-sml-layout":"","ast-disable-related-posts":"","theme-transparent-header-meta":"default","adv-header-id-meta":"","stick-header-meta":"default","header-above-stick-meta":"","header-main-stick-meta":"","header-below-stick-meta":"","astra-migrate-meta-layouts":"default","ast-page-background-enabled":"default","ast-page-background-meta":{"desktop":{"background-color":"","background-image":"","background-repeat":"repeat","background-position":"center center","background-size":"auto","background-attachment":"scroll","background-type":"","background-media":"","overlay-type":"","overlay-color":"","overlay-opacity":"","overlay-gradient":""},"tablet":{"background-color":"","background-image":"","background-repeat":"repeat","background-position":"center center","background-size":"auto","background-attachment":"scroll","background-type":"","background-media":"","overlay-type":"","overlay-color":"","overlay-opacity":"","overlay-gradient":""},"mobile":{"background-color":"","background-image":"","background-repeat":"repeat","background-position":"center center","background-size":"auto","background-attachment":"scroll","background-type":"","background-media":"","overlay-type":"","overlay-color":"","overlay-opacity":"","overlay-gradient":""}},"ast-content-background-meta":{"desktop":{"background-color":"var(--ast-global-color-5)","background-image":"","background-repeat":"repeat","background-position":"center center","background-size":"auto","background-attachment":"scroll","background-type":"","background-media":"","overlay-type":"","overlay-color":"","overlay-opacity":"","overlay-gradient":""},"tablet":{"background-color":"var(--ast-global-color-5)","background-image":"","background-repeat":"repeat","background-position":"center center","background-size":"auto","background-attachment":"scroll","background-type":"","background-media":"","overlay-type":"","overlay-color":"","overlay-opacity":"","overlay-gradient":""},"mobile":{"background-color":"var(--ast-global-color-5)","background-image":"","background-repeat":"repeat","background-position":"center center","background-size":"auto","background-attachment":"scroll","background-type":"","background-media":"","overlay-type":"","overlay-color":"","overlay-opacity":"","overlay-gradient":""}}},"product_brand":[],"product_cat":[43,44,41],"product_tag":[],"class_list":{"0":"post-7742","1":"product","2":"type-product","3":"status-publish","4":"has-post-thumbnail","6":"product_cat-non-woven-bags","7":"product_cat-paper-bags","8":"product_cat-shopping-bags","9":"desktop-align-left","10":"tablet-align-left","11":"mobile-align-left","12":"ast-product-gallery-layout-horizontal","13":"ast-product-tabs-layout-horizontal","15":"first","16":"instock","17":"product-type-simple"},"_links":{"self":[{"href":"https:\/\/reanpackaging.com\/sv\/wp-json\/wp\/v2\/product\/7742","targetHints":{"allow":["GET"]}}],"collection":[{"href":"https:\/\/reanpackaging.com\/sv\/wp-json\/wp\/v2\/product"}],"about":[{"href":"https:\/\/reanpackaging.com\/sv\/wp-json\/wp\/v2\/types\/product"}],"wp:featuredmedia":[{"embeddable":true,"href":"https:\/\/reanpackaging.com\/sv\/wp-json\/wp\/v2\/media\/7648"}],"wp:attachment":[{"href":"https:\/\/reanpackaging.com\/sv\/wp-json\/wp\/v2\/media?parent=7742"}],"wp:term":[{"taxonomy":"product_brand","embeddable":true,"href":"https:\/\/reanpackaging.com\/sv\/wp-json\/wp\/v2\/product_brand?post=7742"},{"taxonomy":"product_cat","embeddable":true,"href":"https:\/\/reanpackaging.com\/sv\/wp-json\/wp\/v2\/product_cat?post=7742"},{"taxonomy":"product_tag","embeddable":true,"href":"https:\/\/reanpackaging.com\/sv\/wp-json\/wp\/v2\/product_tag?post=7742"}],"curies":[{"name":"wp","href":"https:\/\/api.w.org\/{rel}","templated":true}]}}