{"id":8572,"date":"2023-09-24T09:43:50","date_gmt":"2023-09-24T09:43:50","guid":{"rendered":"http:\/\/ibn.wyd.mybluehost.me\/reanpackaging.com\/product\/wholesale-and-customized-gift-box-packaging-hot-sale-gift-boxes-wholesale-paper-gift-box-printing\/"},"modified":"2023-09-24T09:43:51","modified_gmt":"2023-09-24T09:43:51","slug":"wholesale-and-customized-gift-box-packaging-hot-sale-gift-boxes-wholesale-paper-gift-box-printing","status":"publish","type":"product","link":"https:\/\/reanpackaging.com\/sv\/produkt\/wholesale-and-customized-gift-box-packaging-hot-sale-gift-boxes-wholesale-paper-gift-box-printing\/","title":{"rendered":"Partihandel och anpassad presentf\u00f6rpackning F\u00f6rpackning av presentf\u00f6rpackningar Varm f\u00f6rs\u00e4ljning Presentf\u00f6rpackningar Partihandel Presentf\u00f6rpackning av papper Tryck"},"content":{"rendered":"<h4>Branschspecifika attribut<\/h4>\n<table border=\"1\">\n<tr>\n<td><strong>Industriell anv\u00e4ndning<\/strong><\/td>\n<td>G\u00e5vor &amp; hantverk<\/td>\n<\/tr>\n<tr>\n<td><strong>Typ av papper<\/strong><\/td>\n<td>Papperskarta<\/td>\n<\/tr>\n<tr>\n<td><strong>Funktion<\/strong><\/td>\n<td>\u00c5tervunna material<\/td>\n<\/tr>\n<\/table>\n<h4>\u00d6vriga attribut<\/h4>\n<table border=\"1\">\n<tr>\n<td><strong>Typ av l\u00e5da<\/strong><\/td>\n<td>\u00d6vriga<\/td>\n<\/tr>\n<tr>\n<td><strong>Tryckning Hantering<\/strong><\/td>\n<td>Matt laminering, pr\u00e4gling<\/td>\n<\/tr>\n<tr>\n<td><strong>Anpassad best\u00e4llning<\/strong><\/td>\n<td>Acceptera<\/td>\n<\/tr>\n<tr>\n<td><strong>Industriell anv\u00e4ndning<\/strong><\/td>\n<td>PLAGG<\/td>\n<\/tr>\n<tr>\n<td><strong>Anv\u00e4ndning<\/strong><\/td>\n<td>Sko<\/td>\n<\/tr>\n<tr>\n<td><strong>Material<\/strong><\/td>\n<td>Papper<\/td>\n<\/tr>\n<tr>\n<td><strong>Produktens namn<\/strong><\/td>\n<td>l\u00e5da med handtag<\/td>\n<\/tr>\n<tr>\n<td><strong>Storlek<\/strong><\/td>\n<td>Kundens krav<\/td>\n<\/tr>\n<tr>\n<td><strong>Logotyp<\/strong><\/td>\n<td>Kundens krav<\/td>\n<\/tr>\n<tr>\n<td><strong>S\u00f6kord<\/strong><\/td>\n<td>Presentask med handtag<\/td>\n<\/tr>\n<tr>\n<td><strong>Provtagningstid<\/strong><\/td>\n<td>5-7 dagar<\/td>\n<\/tr>\n<tr>\n<td><strong>Anv\u00e4ndning<\/strong><\/td>\n<td>skof\u00f6rpackning<\/td>\n<\/tr>\n<tr>\n<td><strong>MOQ<\/strong><\/td>\n<td>500 st.<\/td>\n<\/tr>\n<\/table>","protected":false},"excerpt":{"rendered":"<p>Industry-Specific Attributes Industrial Use Gift &#038; Craft Paper Type Paperboard Feature Recycled Materials Other Attributes Box Type Others Printing Handling Matt Lamination, Embossing Custom Order Accept Industrial Use APPAREL Use Shoe Material Paper Product name box with handle Size Customer&#8217;s Requirement Logo Customer&#8217;s Requirement Keyword Gift Box with Handle Sample time 5-7 days Usage shoe [&hellip;]<\/p>\n","protected":false},"featured_media":8552,"template":"","meta":{"_seopress_robots_primary_cat":"","_seopress_titles_title":"","_seopress_titles_desc":"","_seopress_robots_index":"","site-sidebar-layout":"default","site-content-layout":"","ast-site-content-layout":"default","site-content-style":"default","site-sidebar-style":"default","ast-global-header-display":"","ast-banner-title-visibility":"","ast-main-header-display":"","ast-hfb-above-header-display":"","ast-hfb-below-header-display":"","ast-hfb-mobile-header-display":"","site-post-title":"","ast-breadcrumbs-content":"","ast-featured-img":"","footer-sml-layout":"","ast-disable-related-posts":"","theme-transparent-header-meta":"","adv-header-id-meta":"","stick-header-meta":"","header-above-stick-meta":"","header-main-stick-meta":"","header-below-stick-meta":"","astra-migrate-meta-layouts":"default","ast-page-background-enabled":"default","ast-page-background-meta":{"desktop":{"background-color":"","background-image":"","background-repeat":"repeat","background-position":"center center","background-size":"auto","background-attachment":"scroll","background-type":"","background-media":"","overlay-type":"","overlay-color":"","overlay-opacity":"","overlay-gradient":""},"tablet":{"background-color":"","background-image":"","background-repeat":"repeat","background-position":"center center","background-size":"auto","background-attachment":"scroll","background-type":"","background-media":"","overlay-type":"","overlay-color":"","overlay-opacity":"","overlay-gradient":""},"mobile":{"background-color":"","background-image":"","background-repeat":"repeat","background-position":"center center","background-size":"auto","background-attachment":"scroll","background-type":"","background-media":"","overlay-type":"","overlay-color":"","overlay-opacity":"","overlay-gradient":""}},"ast-content-background-meta":{"desktop":{"background-color":"var(--ast-global-color-5)","background-image":"","background-repeat":"repeat","background-position":"center center","background-size":"auto","background-attachment":"scroll","background-type":"","background-media":"","overlay-type":"","overlay-color":"","overlay-opacity":"","overlay-gradient":""},"tablet":{"background-color":"var(--ast-global-color-5)","background-image":"","background-repeat":"repeat","background-position":"center center","background-size":"auto","background-attachment":"scroll","background-type":"","background-media":"","overlay-type":"","overlay-color":"","overlay-opacity":"","overlay-gradient":""},"mobile":{"background-color":"var(--ast-global-color-5)","background-image":"","background-repeat":"repeat","background-position":"center center","background-size":"auto","background-attachment":"scroll","background-type":"","background-media":"","overlay-type":"","overlay-color":"","overlay-opacity":"","overlay-gradient":""}}},"product_brand":[],"product_cat":[49,29,32],"product_tag":[],"class_list":{"0":"post-8572","1":"product","2":"type-product","3":"status-publish","4":"has-post-thumbnail","6":"product_cat-custom-packaging-boxes","7":"product_cat-packaging-boxes","8":"product_cat-retail-packaging","9":"desktop-align-left","10":"tablet-align-left","11":"mobile-align-left","12":"ast-product-gallery-layout-horizontal","13":"ast-product-tabs-layout-horizontal","15":"first","16":"instock","17":"product-type-simple"},"_links":{"self":[{"href":"https:\/\/reanpackaging.com\/sv\/wp-json\/wp\/v2\/product\/8572","targetHints":{"allow":["GET"]}}],"collection":[{"href":"https:\/\/reanpackaging.com\/sv\/wp-json\/wp\/v2\/product"}],"about":[{"href":"https:\/\/reanpackaging.com\/sv\/wp-json\/wp\/v2\/types\/product"}],"wp:featuredmedia":[{"embeddable":true,"href":"https:\/\/reanpackaging.com\/sv\/wp-json\/wp\/v2\/media\/8552"}],"wp:attachment":[{"href":"https:\/\/reanpackaging.com\/sv\/wp-json\/wp\/v2\/media?parent=8572"}],"wp:term":[{"taxonomy":"product_brand","embeddable":true,"href":"https:\/\/reanpackaging.com\/sv\/wp-json\/wp\/v2\/product_brand?post=8572"},{"taxonomy":"product_cat","embeddable":true,"href":"https:\/\/reanpackaging.com\/sv\/wp-json\/wp\/v2\/product_cat?post=8572"},{"taxonomy":"product_tag","embeddable":true,"href":"https:\/\/reanpackaging.com\/sv\/wp-json\/wp\/v2\/product_tag?post=8572"}],"curies":[{"name":"wp","href":"https:\/\/api.w.org\/{rel}","templated":true}]}}