{"id":9514,"date":"2023-09-25T15:27:58","date_gmt":"2023-09-25T15:27:58","guid":{"rendered":"http:\/\/ibn.wyd.mybluehost.me\/reanpackaging.com\/product\/custom-print-your-own-logo-boutique-clothing-packaging-bag-garment-shopping-gift-paper-bags-with-ribbon-handle\/"},"modified":"2024-10-01T16:50:01","modified_gmt":"2024-10-01T16:50:01","slug":"custom-print-your-own-logo-boutique-clothing-packaging-bag-garment-shopping-gift-paper-bags-with-ribbon-handle","status":"publish","type":"product","link":"https:\/\/reanpackaging.com\/sv\/produkt\/tryck-din-egen-logotyp-boutique-klader-forpackningspase-plagg-shopping-presentpapper-pasar-med-band-handtag\/","title":{"rendered":"Anpassad tryckning av din egen logotyp Boutique Kl\u00e4df\u00f6rpackning V\u00e4ska Plagg Shopping Presentpappersp\u00e5sar med bandhandtag"},"content":{"rendered":"<h4>Branschspecifika attribut<\/h4>\n<table border=\"1\">\n<tr>\n<td><strong>Industriell anv\u00e4ndning<\/strong><\/td>\n<td>Skor &amp; kl\u00e4der<\/td>\n<\/tr>\n<tr>\n<td><strong>Typ av papper<\/strong><\/td>\n<td>Papperskarta<\/td>\n<\/tr>\n<tr>\n<td><strong>Funktion<\/strong><\/td>\n<td>\u00c5tervinningsbar<\/td>\n<\/tr>\n<\/table>\n<h4>\u00d6vriga attribut<\/h4>\n<table border=\"1\">\n<tr>\n<td><strong>Ytbehandling<\/strong><\/td>\n<td>Offsettryck<\/td>\n<\/tr>\n<tr>\n<td><strong>T\u00e4tning &amp; handtag<\/strong><\/td>\n<td>Handl\u00e4ngd Handtag<\/td>\n<\/tr>\n<tr>\n<td><strong>Anpassad best\u00e4llning<\/strong><\/td>\n<td>Acceptera<\/td>\n<\/tr>\n<tr>\n<td><strong>Material<\/strong><\/td>\n<td>Konstkort, bestruket papper, f\u00e4rgkartong, kraftpapper etc.<\/td>\n<\/tr>\n<tr>\n<td><strong>Storlek<\/strong><\/td>\n<td>Enligt kundernas specifika krav.<\/td>\n<\/tr>\n<tr>\n<td><strong>Tryckning<\/strong><\/td>\n<td>Offsettryck, silkscreentryck, CMYK<\/td>\n<\/tr>\n<tr>\n<td><strong>Avfallshantering p\u00e5 ytan<\/strong><\/td>\n<td>Matt eller glansig laminering, br\u00e4nning av guld eller silver, spot UV, pr\u00e4gling<\/td>\n<\/tr>\n<tr>\n<td><strong>Handtag<\/strong><\/td>\n<td>PP-rep, nylonrep, bomullsrep, band, bomullsband, utstansat handtag<\/td>\n<\/tr>\n<tr>\n<td><strong>Anv\u00e4ndning<\/strong><\/td>\n<td>Kl\u00e4der, smycken, klockor, shopping, g\u00e5vor, f\u00f6rpackningar etc.<\/td>\n<\/tr>\n<tr>\n<td><strong>Tillbeh\u00f6r<\/strong><\/td>\n<td>Magnet, band, EVA-form, svamp, blommor, PVC\/PET\/PP-f\u00f6nster<\/td>\n<\/tr>\n<tr>\n<td><strong>Funktion<\/strong><\/td>\n<td>Shopping, g\u00e5vor, mat, kl\u00e4der, marknadsf\u00f6ring, evenemang, te etc.<\/td>\n<\/tr>\n<tr>\n<td><strong>MOQ<\/strong><\/td>\n<td>500st, liten best\u00e4llning \u00e4r tillg\u00e4nglig<\/td>\n<\/tr>\n<tr>\n<td><strong>Betalningsvillkor<\/strong><\/td>\n<td>T \/ T, Paypal, Western Union, kontanter, etc<\/td>\n<\/tr>\n<\/table>\n<p><img decoding=\"async\" class=\"detail-desc-decorate-image\" src=\"http:\/\/ibn.wyd.mybluehost.me\/reanpackaging.com\/wp-content\/uploads\/2023\/09\/11-description-Custom-Print-Your-Own-Logo-Boutique-Clothing-Packaging-Bag-Garment-Shopping-Gift-Paper-Bags-With-Ribbon-Handle.jpg\" slate-data-type=\"image\" style=\"max-width: 100%; height: auto; display: block; margin: 0 auto;\"><br \/>\n<img decoding=\"async\" class=\"detail-desc-decorate-image\" src=\"http:\/\/ibn.wyd.mybluehost.me\/reanpackaging.com\/wp-content\/uploads\/2023\/09\/12-description-Custom-Print-Your-Own-Logo-Boutique-Clothing-Packaging-Bag-Garment-Shopping-Gift-Paper-Bags-With-Ribbon-Handle.jpg\" slate-data-type=\"image\" style=\"max-width: 100%; height: auto; display: block; margin: 0 auto;\"><br \/>\n<img decoding=\"async\" class=\"detail-desc-decorate-image\" src=\"http:\/\/ibn.wyd.mybluehost.me\/reanpackaging.com\/wp-content\/uploads\/2023\/09\/13-description-Custom-Print-Your-Own-Logo-Boutique-Clothing-Packaging-Bag-Garment-Shopping-Gift-Paper-Bags-With-Ribbon-Handle.jpg\" slate-data-type=\"image\" style=\"max-width: 100%; height: auto; display: block; margin: 0 auto;\"><br \/>\n<img decoding=\"async\" class=\"detail-desc-decorate-image\" src=\"http:\/\/ibn.wyd.mybluehost.me\/reanpackaging.com\/wp-content\/uploads\/2023\/09\/14-description-Custom-Print-Your-Own-Logo-Boutique-Clothing-Packaging-Bag-Garment-Shopping-Gift-Paper-Bags-With-Ribbon-Handle.jpg\" slate-data-type=\"image\" style=\"max-width: 100%; height: auto; display: block; margin: 0 auto;\"><br \/>\n<img decoding=\"async\" class=\"detail-desc-decorate-image\" src=\"http:\/\/ibn.wyd.mybluehost.me\/reanpackaging.com\/wp-content\/uploads\/2023\/09\/15-description-Custom-Print-Your-Own-Logo-Boutique-Clothing-Packaging-Bag-Garment-Shopping-Gift-Paper-Bags-With-Ribbon-Handle.jpg\" slate-data-type=\"image\" style=\"max-width: 100%; height: auto; display: block; margin: 0 auto;\"><\/p>","protected":false},"excerpt":{"rendered":"<p>Industry-Specific Attributes Industrial Use Shoes &#038; clothing Paper Type Paperboard Feature Recyclable Other Attributes Surface Handling Offset printing Sealing &#038; Handle Hand Length Handle Custom Order Accept Material Art card, coated paper, color cardboard, kraft paper, etc Size According to customers specific requirements. Printing Offset printing, Silk screen printing, CMYK Surface Disposal Matte or gloss [&hellip;]<\/p>\n","protected":false},"featured_media":9437,"template":"","meta":{"_seopress_robots_primary_cat":"none","_seopress_titles_title":"","_seopress_titles_desc":"","_seopress_robots_index":"","site-sidebar-layout":"default","site-content-layout":"","ast-site-content-layout":"default","site-content-style":"default","site-sidebar-style":"default","ast-global-header-display":"","ast-banner-title-visibility":"","ast-main-header-display":"","ast-hfb-above-header-display":"","ast-hfb-below-header-display":"","ast-hfb-mobile-header-display":"","site-post-title":"","ast-breadcrumbs-content":"","ast-featured-img":"","footer-sml-layout":"","ast-disable-related-posts":"","theme-transparent-header-meta":"default","adv-header-id-meta":"","stick-header-meta":"default","header-above-stick-meta":"","header-main-stick-meta":"","header-below-stick-meta":"","astra-migrate-meta-layouts":"set","ast-page-background-enabled":"default","ast-page-background-meta":{"desktop":{"background-color":"","background-image":"","background-repeat":"repeat","background-position":"center center","background-size":"auto","background-attachment":"scroll","background-type":"","background-media":"","overlay-type":"","overlay-color":"","overlay-opacity":"","overlay-gradient":""},"tablet":{"background-color":"","background-image":"","background-repeat":"repeat","background-position":"center center","background-size":"auto","background-attachment":"scroll","background-type":"","background-media":"","overlay-type":"","overlay-color":"","overlay-opacity":"","overlay-gradient":""},"mobile":{"background-color":"","background-image":"","background-repeat":"repeat","background-position":"center center","background-size":"auto","background-attachment":"scroll","background-type":"","background-media":"","overlay-type":"","overlay-color":"","overlay-opacity":"","overlay-gradient":""}},"ast-content-background-meta":{"desktop":{"background-color":"var(--ast-global-color-5)","background-image":"","background-repeat":"repeat","background-position":"center center","background-size":"auto","background-attachment":"scroll","background-type":"","background-media":"","overlay-type":"","overlay-color":"","overlay-opacity":"","overlay-gradient":""},"tablet":{"background-color":"var(--ast-global-color-5)","background-image":"","background-repeat":"repeat","background-position":"center center","background-size":"auto","background-attachment":"scroll","background-type":"","background-media":"","overlay-type":"","overlay-color":"","overlay-opacity":"","overlay-gradient":""},"mobile":{"background-color":"var(--ast-global-color-5)","background-image":"","background-repeat":"repeat","background-position":"center center","background-size":"auto","background-attachment":"scroll","background-type":"","background-media":"","overlay-type":"","overlay-color":"","overlay-opacity":"","overlay-gradient":""}}},"product_brand":[],"product_cat":[50,44],"product_tag":[],"class_list":{"0":"post-9514","1":"product","2":"type-product","3":"status-publish","4":"has-post-thumbnail","6":"product_cat-custom-paper-bags","7":"product_cat-paper-bags","8":"desktop-align-left","9":"tablet-align-left","10":"mobile-align-left","11":"ast-product-gallery-layout-horizontal","12":"ast-product-tabs-layout-horizontal","14":"first","15":"instock","16":"purchasable","17":"product-type-simple"},"_links":{"self":[{"href":"https:\/\/reanpackaging.com\/sv\/wp-json\/wp\/v2\/product\/9514","targetHints":{"allow":["GET"]}}],"collection":[{"href":"https:\/\/reanpackaging.com\/sv\/wp-json\/wp\/v2\/product"}],"about":[{"href":"https:\/\/reanpackaging.com\/sv\/wp-json\/wp\/v2\/types\/product"}],"wp:featuredmedia":[{"embeddable":true,"href":"https:\/\/reanpackaging.com\/sv\/wp-json\/wp\/v2\/media\/9437"}],"wp:attachment":[{"href":"https:\/\/reanpackaging.com\/sv\/wp-json\/wp\/v2\/media?parent=9514"}],"wp:term":[{"taxonomy":"product_brand","embeddable":true,"href":"https:\/\/reanpackaging.com\/sv\/wp-json\/wp\/v2\/product_brand?post=9514"},{"taxonomy":"product_cat","embeddable":true,"href":"https:\/\/reanpackaging.com\/sv\/wp-json\/wp\/v2\/product_cat?post=9514"},{"taxonomy":"product_tag","embeddable":true,"href":"https:\/\/reanpackaging.com\/sv\/wp-json\/wp\/v2\/product_tag?post=9514"}],"curies":[{"name":"wp","href":"https:\/\/api.w.org\/{rel}","templated":true}]}}