{"id":95363,"date":"2025-03-08T20:45:58","date_gmt":"2025-03-08T20:45:58","guid":{"rendered":"https:\/\/reanpackaging.com\/product\/wholesale-custom-logo-design-certified-recycled-material-gift-wine-bottle-packaging-kraft-paper-bags-with-rope-handles\/"},"modified":"2025-03-08T21:00:06","modified_gmt":"2025-03-08T21:00:06","slug":"wholesale-custom-logo-design-certified-recycled-material-gift-wine-bottle-packaging-kraft-paper-bags-with-rope-handles","status":"publish","type":"product","link":"https:\/\/reanpackaging.com\/sv\/produkt\/wholesale-custom-logo-design-certified-recycled-material-gift-wine-bottle-packaging-kraft-paper-bags-with-rope-handles\/","title":{"rendered":"Partihandel Anpassad logotypdesign Certifierat \u00e5tervunnet material Presentvinflaskf\u00f6rpackning Kraftpappersp\u00e5sar med rephandtag"},"content":{"rendered":"<h4>Branschspecifika attribut<\/h4>\n<table border=\"1\">\n<tbody>\n<tr>\n<td><strong>Industriell anv\u00e4ndning<\/strong><\/td>\n<td>G\u00e5vor &amp; hantverk<\/td>\n<\/tr>\n<tr>\n<td><strong>Typ av papper<\/strong><\/td>\n<td>Kraftpapper<\/td>\n<\/tr>\n<tr>\n<td><strong>Funktion<\/strong><\/td>\n<td>\u00c5tervinningsbar, \u00e5teranv\u00e4ndbar, annan, eng\u00e5ngsbruk, \u00e5tervunnet material, biologiskt nedbrytbar<\/td>\n<\/tr>\n<\/tbody>\n<\/table>\n<h4>\u00d6vriga attribut<\/h4>\n<table border=\"1\">\n<tbody>\n<tr>\n<td><strong>Tryck p\u00e5 ytan<\/strong><\/td>\n<td>Offsettryck<\/td>\n<\/tr>\n<tr>\n<td><strong>T\u00e4tning &amp; handtag<\/strong><\/td>\n<td>Handl\u00e4ngd Handtag<\/td>\n<\/tr>\n<tr>\n<td><strong>Anpassad best\u00e4llning<\/strong><\/td>\n<td>Acceptera<\/td>\n<\/tr>\n<tr>\n<td><strong>Stil<\/strong><\/td>\n<td>CLassic<\/td>\n<\/tr>\n<tr>\n<td><strong>Logotyp\/grafisk design<\/strong><\/td>\n<td>Anpassad<\/td>\n<\/tr>\n<tr>\n<td><strong>Tillbeh\u00f6r<\/strong><\/td>\n<td>Handtag<\/td>\n<\/tr>\n<tr>\n<td><strong>Tryckning Hantering<\/strong><\/td>\n<td>Offsettryck, lokal glasering, LAMINERING, UV-tryck, guldst\u00e4mpel, digitaltryck, pr\u00e4gling, flexografiskt tryck, silkscreentryck, pr\u00e4gling<\/td>\n<\/tr>\n<tr>\n<td><strong>Produktens namn<\/strong><\/td>\n<td>Anpassad presentf\u00f6rpackning Vinpappersp\u00e5se<\/td>\n<\/tr>\n<tr>\n<td><strong>Industriell anv\u00e4ndning<\/strong><\/td>\n<td>Shopping, G\u00e5va<\/td>\n<\/tr>\n<tr>\n<td><strong>Anv\u00e4ndning<\/strong><\/td>\n<td>Presentp\u00e5se f\u00f6r shopping<\/td>\n<\/tr>\n<tr>\n<td><strong>Logotyp<\/strong><\/td>\n<td>Acceptera anpassad logotyp<\/td>\n<\/tr>\n<tr>\n<td><strong>Storlek<\/strong><\/td>\n<td>Anpassad storlek<\/td>\n<\/tr>\n<tr>\n<td><strong>F\u00e4rg<\/strong><\/td>\n<td>Anpassad f\u00e4rg<\/td>\n<\/tr>\n<tr>\n<td><strong>Till\u00e4mpning<\/strong><\/td>\n<td>Shopping Presentp\u00e5sar Detaljhandel<\/td>\n<\/tr>\n<tr>\n<td><strong>F\u00f6rem\u00e5l<\/strong><\/td>\n<td>Brun kraftpappersp\u00e5se f\u00f6r hantverk<\/td>\n<\/tr>\n<tr>\n<td><strong>MOQ<\/strong><\/td>\n<td>1000 st<\/td>\n<\/tr>\n<\/tbody>\n<\/table>\n<p><img decoding=\"async\" class=\"detail-desc-decorate-image\" style=\"max-width: 100%; height: auto; display: block; margin: 0 auto;\" src=\"https:\/\/reanpackaging.com\/wp-content\/uploads\/2025\/03\/1-description-Wholesale-Custom-Logo-Design-Certified-Recycled-Material-Gift-Wine-Bottle-Packaging-Kraft-Paper-Bags-with-Rope-Handles.png\" \/><\/p>","protected":false},"excerpt":{"rendered":"<p>Industry-Specific Attributes Industrial Use Gift &amp; Craft Paper Type Kraft Paper Feature Recyclable, Reusable, Other, Disposable, Recycled Materials, Bio-degradable Other Attributes Surface printing Offset printing Sealing &amp; Handle Hand Length Handle Custom Order Accept Style CLassic Logo\/graphic design Customized Accessories Handle Printing Handling Offset printing, Local glazing, LAMINATION, UV printing, Gold Stamp, Digital printing, Embossing\/Debossing, [&hellip;]<\/p>\n","protected":false},"featured_media":95279,"template":"","meta":{"_seopress_robots_primary_cat":"none","_seopress_titles_title":"","_seopress_titles_desc":"","_seopress_robots_index":"","site-sidebar-layout":"default","site-content-layout":"","ast-site-content-layout":"default","site-content-style":"default","site-sidebar-style":"default","ast-global-header-display":"","ast-banner-title-visibility":"","ast-main-header-display":"","ast-hfb-above-header-display":"","ast-hfb-below-header-display":"","ast-hfb-mobile-header-display":"","site-post-title":"","ast-breadcrumbs-content":"","ast-featured-img":"","footer-sml-layout":"","ast-disable-related-posts":"","theme-transparent-header-meta":"default","adv-header-id-meta":"","stick-header-meta":"default","header-above-stick-meta":"","header-main-stick-meta":"","header-below-stick-meta":"","astra-migrate-meta-layouts":"set","ast-page-background-enabled":"default","ast-page-background-meta":{"desktop":{"background-color":"","background-image":"","background-repeat":"repeat","background-position":"center center","background-size":"auto","background-attachment":"scroll","background-type":"","background-media":"","overlay-type":"","overlay-color":"","overlay-opacity":"","overlay-gradient":""},"tablet":{"background-color":"","background-image":"","background-repeat":"repeat","background-position":"center center","background-size":"auto","background-attachment":"scroll","background-type":"","background-media":"","overlay-type":"","overlay-color":"","overlay-opacity":"","overlay-gradient":""},"mobile":{"background-color":"","background-image":"","background-repeat":"repeat","background-position":"center center","background-size":"auto","background-attachment":"scroll","background-type":"","background-media":"","overlay-type":"","overlay-color":"","overlay-opacity":"","overlay-gradient":""}},"ast-content-background-meta":{"desktop":{"background-color":"var(--ast-global-color-5)","background-image":"","background-repeat":"repeat","background-position":"center center","background-size":"auto","background-attachment":"scroll","background-type":"","background-media":"","overlay-type":"","overlay-color":"","overlay-opacity":"","overlay-gradient":""},"tablet":{"background-color":"var(--ast-global-color-5)","background-image":"","background-repeat":"repeat","background-position":"center center","background-size":"auto","background-attachment":"scroll","background-type":"","background-media":"","overlay-type":"","overlay-color":"","overlay-opacity":"","overlay-gradient":""},"mobile":{"background-color":"var(--ast-global-color-5)","background-image":"","background-repeat":"repeat","background-position":"center center","background-size":"auto","background-attachment":"scroll","background-type":"","background-media":"","overlay-type":"","overlay-color":"","overlay-opacity":"","overlay-gradient":""}}},"product_brand":[],"product_cat":[95],"product_tag":[],"class_list":{"0":"post-95363","1":"product","2":"type-product","3":"status-publish","4":"has-post-thumbnail","6":"product_cat-wine-box","7":"desktop-align-left","8":"tablet-align-left","9":"mobile-align-left","10":"ast-product-gallery-layout-horizontal","11":"ast-product-tabs-layout-horizontal","13":"first","14":"instock","15":"product-type-simple"},"_links":{"self":[{"href":"https:\/\/reanpackaging.com\/sv\/wp-json\/wp\/v2\/product\/95363","targetHints":{"allow":["GET"]}}],"collection":[{"href":"https:\/\/reanpackaging.com\/sv\/wp-json\/wp\/v2\/product"}],"about":[{"href":"https:\/\/reanpackaging.com\/sv\/wp-json\/wp\/v2\/types\/product"}],"wp:featuredmedia":[{"embeddable":true,"href":"https:\/\/reanpackaging.com\/sv\/wp-json\/wp\/v2\/media\/95279"}],"wp:attachment":[{"href":"https:\/\/reanpackaging.com\/sv\/wp-json\/wp\/v2\/media?parent=95363"}],"wp:term":[{"taxonomy":"product_brand","embeddable":true,"href":"https:\/\/reanpackaging.com\/sv\/wp-json\/wp\/v2\/product_brand?post=95363"},{"taxonomy":"product_cat","embeddable":true,"href":"https:\/\/reanpackaging.com\/sv\/wp-json\/wp\/v2\/product_cat?post=95363"},{"taxonomy":"product_tag","embeddable":true,"href":"https:\/\/reanpackaging.com\/sv\/wp-json\/wp\/v2\/product_tag?post=95363"}],"curies":[{"name":"wp","href":"https:\/\/api.w.org\/{rel}","templated":true}]}}