{"id":9767,"date":"2023-09-25T16:39:07","date_gmt":"2023-09-25T16:39:07","guid":{"rendered":"http:\/\/ibn.wyd.mybluehost.me\/reanpackaging.com\/product\/eco-friendly-composite-material-food-packaging-microwavable-popcorn-paper-bag\/"},"modified":"2024-10-01T16:49:01","modified_gmt":"2024-10-01T16:49:01","slug":"eco-friendly-composite-material-food-packaging-microwavable-popcorn-paper-bag","status":"publish","type":"product","link":"https:\/\/reanpackaging.com\/sv\/produkt\/eco-friendly-composite-material-food-packaging-microwavable-popcorn-paper-bag\/","title":{"rendered":"Milj\u00f6v\u00e4nligt kompositmaterial livsmedelsf\u00f6rpackning mikrov\u00e5gsugn popcorn pappersp\u00e5se"},"content":{"rendered":"<h4>Branschspecifika attribut<\/h4>\n<table border=\"1\">\n<tr>\n<td><strong>Industriell anv\u00e4ndning<\/strong><\/td>\n<td>Mat<\/td>\n<\/tr>\n<tr>\n<td><strong>Typ av papper<\/strong><\/td>\n<td>Kraftpapper<\/td>\n<\/tr>\n<tr>\n<td><strong>Funktion<\/strong><\/td>\n<td>\u00c5tervinningsbar<\/td>\n<\/tr>\n<\/table>\n<h4>\u00d6vriga attribut<\/h4>\n<table border=\"1\">\n<tr>\n<td><strong>Ytbehandling<\/strong><\/td>\n<td>Flexotryck<\/td>\n<\/tr>\n<tr>\n<td><strong>Anpassad best\u00e4llning<\/strong><\/td>\n<td>Acceptera<\/td>\n<\/tr>\n<tr>\n<td><strong>Design<\/strong><\/td>\n<td>Tillhandah\u00e5llen tj\u00e4nst<\/td>\n<\/tr>\n<tr>\n<td><strong>Tryckning<\/strong><\/td>\n<td>Flexotryck i 8 f\u00e4rger<\/td>\n<\/tr>\n<tr>\n<td><strong>Till\u00e4mpning<\/strong><\/td>\n<td>Snackf\u00f6rpackningar<\/td>\n<\/tr>\n<tr>\n<td><strong>Storlek<\/strong><\/td>\n<td>Anpassad storlek<\/td>\n<\/tr>\n<tr>\n<td><strong>Typ av v\u00e4ska<\/strong><\/td>\n<td>slipsv\u00e4ska i tenn<\/td>\n<\/tr>\n<tr>\n<td><strong>F\u00f6rpackning<\/strong><\/td>\n<td>Kartong<\/td>\n<\/tr>\n<tr>\n<td><strong>F\u00e4rg<\/strong><\/td>\n<td>Anpassad f\u00e4rg<\/td>\n<\/tr>\n<tr>\n<td><strong>Tjocklek<\/strong><\/td>\n<td>40gsm~180gsm<\/td>\n<\/tr>\n<tr>\n<td><strong>T\u00e4tning &amp; handtag<\/strong><\/td>\n<td>platt pappersp\u00e5se<\/td>\n<\/tr>\n<\/table>\n<p><img decoding=\"async\" class=\"detail-desc-decorate-image\" src=\"http:\/\/ibn.wyd.mybluehost.me\/reanpackaging.com\/wp-content\/uploads\/2023\/09\/1-description-Eco-Friendly-Composite-Material-Food-Packaging-Microwavable-Popcorn-Paper-Bag.jpg\" slate-data-type=\"image\" style=\"max-width: 100%; height: auto; display: block; margin: 0 auto;\"><br \/>\n<img decoding=\"async\" class=\"detail-desc-decorate-image\" src=\"http:\/\/ibn.wyd.mybluehost.me\/reanpackaging.com\/wp-content\/uploads\/2023\/09\/2-description-Eco-Friendly-Composite-Material-Food-Packaging-Microwavable-Popcorn-Paper-Bag.jpg\" slate-data-type=\"image\" style=\"max-width: 100%; height: auto; display: block; margin: 0 auto;\"><br \/>\n<img decoding=\"async\" class=\"detail-desc-decorate-image\" src=\"http:\/\/ibn.wyd.mybluehost.me\/reanpackaging.com\/wp-content\/uploads\/2023\/09\/3-description-Eco-Friendly-Composite-Material-Food-Packaging-Microwavable-Popcorn-Paper-Bag.jpg\" slate-data-type=\"image\" style=\"max-width: 100%; height: auto; display: block; margin: 0 auto;\"><\/p>","protected":false},"excerpt":{"rendered":"<p>Industry-Specific Attributes Industrial Use Food Paper Type Kraft Paper Feature Recyclable Other Attributes Surface Handling Flexo Printing Custom Order Accept Design Service Provided Printing 8 color flexo printing Application snack packaging Size Customized Size Bag Type tin tie bag Packing Carton Color Customized Color Thickness 40gsm~180gsm Sealing &#038; Handle flat paper bag<\/p>","protected":false},"featured_media":9664,"template":"","meta":{"_seopress_robots_primary_cat":"none","_seopress_titles_title":"","_seopress_titles_desc":"","_seopress_robots_index":"","site-sidebar-layout":"default","site-content-layout":"","ast-site-content-layout":"default","site-content-style":"default","site-sidebar-style":"default","ast-global-header-display":"","ast-banner-title-visibility":"","ast-main-header-display":"","ast-hfb-above-header-display":"","ast-hfb-below-header-display":"","ast-hfb-mobile-header-display":"","site-post-title":"","ast-breadcrumbs-content":"","ast-featured-img":"","footer-sml-layout":"","ast-disable-related-posts":"","theme-transparent-header-meta":"default","adv-header-id-meta":"","stick-header-meta":"default","header-above-stick-meta":"","header-main-stick-meta":"","header-below-stick-meta":"","astra-migrate-meta-layouts":"set","ast-page-background-enabled":"default","ast-page-background-meta":{"desktop":{"background-color":"","background-image":"","background-repeat":"repeat","background-position":"center center","background-size":"auto","background-attachment":"scroll","background-type":"","background-media":"","overlay-type":"","overlay-color":"","overlay-opacity":"","overlay-gradient":""},"tablet":{"background-color":"","background-image":"","background-repeat":"repeat","background-position":"center center","background-size":"auto","background-attachment":"scroll","background-type":"","background-media":"","overlay-type":"","overlay-color":"","overlay-opacity":"","overlay-gradient":""},"mobile":{"background-color":"","background-image":"","background-repeat":"repeat","background-position":"center center","background-size":"auto","background-attachment":"scroll","background-type":"","background-media":"","overlay-type":"","overlay-color":"","overlay-opacity":"","overlay-gradient":""}},"ast-content-background-meta":{"desktop":{"background-color":"var(--ast-global-color-5)","background-image":"","background-repeat":"repeat","background-position":"center center","background-size":"auto","background-attachment":"scroll","background-type":"","background-media":"","overlay-type":"","overlay-color":"","overlay-opacity":"","overlay-gradient":""},"tablet":{"background-color":"var(--ast-global-color-5)","background-image":"","background-repeat":"repeat","background-position":"center center","background-size":"auto","background-attachment":"scroll","background-type":"","background-media":"","overlay-type":"","overlay-color":"","overlay-opacity":"","overlay-gradient":""},"mobile":{"background-color":"var(--ast-global-color-5)","background-image":"","background-repeat":"repeat","background-position":"center center","background-size":"auto","background-attachment":"scroll","background-type":"","background-media":"","overlay-type":"","overlay-color":"","overlay-opacity":"","overlay-gradient":""}}},"product_brand":[],"product_cat":[44,37],"product_tag":[],"class_list":{"0":"post-9767","1":"product","2":"type-product","3":"status-publish","4":"has-post-thumbnail","6":"product_cat-paper-bags","7":"product_cat-popcorn-bags","8":"desktop-align-left","9":"tablet-align-left","10":"mobile-align-left","11":"ast-product-gallery-layout-horizontal","12":"ast-product-tabs-layout-horizontal","14":"first","15":"instock","16":"purchasable","17":"product-type-simple"},"_links":{"self":[{"href":"https:\/\/reanpackaging.com\/sv\/wp-json\/wp\/v2\/product\/9767","targetHints":{"allow":["GET"]}}],"collection":[{"href":"https:\/\/reanpackaging.com\/sv\/wp-json\/wp\/v2\/product"}],"about":[{"href":"https:\/\/reanpackaging.com\/sv\/wp-json\/wp\/v2\/types\/product"}],"wp:featuredmedia":[{"embeddable":true,"href":"https:\/\/reanpackaging.com\/sv\/wp-json\/wp\/v2\/media\/9664"}],"wp:attachment":[{"href":"https:\/\/reanpackaging.com\/sv\/wp-json\/wp\/v2\/media?parent=9767"}],"wp:term":[{"taxonomy":"product_brand","embeddable":true,"href":"https:\/\/reanpackaging.com\/sv\/wp-json\/wp\/v2\/product_brand?post=9767"},{"taxonomy":"product_cat","embeddable":true,"href":"https:\/\/reanpackaging.com\/sv\/wp-json\/wp\/v2\/product_cat?post=9767"},{"taxonomy":"product_tag","embeddable":true,"href":"https:\/\/reanpackaging.com\/sv\/wp-json\/wp\/v2\/product_tag?post=9767"}],"curies":[{"name":"wp","href":"https:\/\/api.w.org\/{rel}","templated":true}]}}